{"id":4856,"date":"2021-02-01T10:24:27","date_gmt":"2021-02-01T09:24:27","guid":{"rendered":"https:\/\/www.qenta.com\/?page_id=4856"},"modified":"2021-06-10T10:19:17","modified_gmt":"2021-06-10T08:19:17","slug":"fintech-enabler","status":"publish","type":"page","link":"https:\/\/sit.hobex.at\/hu\/fintech-enabler\/","title":{"rendered":"Fintech Enabler"},"content":{"rendered":"<h1>\n<h1><strong>Fintech Enabler Ausztri\u00e1b\u00f3l (FINTECH ENABLEMENT)<\/strong><\/h1>\n<\/h1>\n<h2>\n<p>A QENTA FinTech Enablement filoz\u00f3fi\u00e1ja<\/p>\n<\/h2>\n<div>\n<p>A digit\u00e1lis forradalom az \u00fcgyfelek p\u00e9nz\u00fcgyi term\u00e9kek, illetve p\u00e9nz\u00fcgyi szolg\u00e1ltat\u00e1sok ir\u00e1nti be\u00e1ll\u00edtotts\u00e1g\u00e1t alapjaiban megv\u00e1ltoztatta. A technol\u00f3gia \u00e1ltal vez\u00e9relt alkalmaz\u00e1sok folyamatos elterjed\u00e9se a p\u00e9nz\u00fcgyi szolg\u00e1ltat\u00e1sok szinte minden szegmens\u00e9ben az \u00faj normalit\u00e1st jelenti. Ahol a p\u00e9nz\u00fcgy \u00e9s a technol\u00f3gia \u00e9rintkeznek, ott egy \u00faj jelens\u00e9g \u00fct\u00f6tte fel a fej\u00e9t, ami hihetetlen sebess\u00e9ggel hajtja el\u0151re a fejl\u0151d\u00e9st \u00e9s a szegmens status quo-j\u00e1t, ez a FinTech.<\/p>\n<p>A technol\u00f3giaorient\u00e1lt startup c\u00e9gek \u00e9s a piac \u00faj szerepl\u0151i innovat\u00edv m\u00f3don v\u00e1ltoztatj\u00e1k meg azokat a term\u00e9keket \u00e9s szolg\u00e1ltat\u00e1sokat, amelyeket eddig csup\u00e1n a hagyom\u00e1nyos p\u00e9nz\u00fcgyi szolg\u00e1ltat\u00f3k k\u00edn\u00e1ltak. Ez\u00e1ltal a FinTech m\u00e9g nagyobb lend\u00fcletre kap, \u00e9s felforgatja a hagyom\u00e1nyos p\u00e9nz\u00fcgyi \u00e9rt\u00e9kl\u00e1ncot. A FinTech v\u00e1llalatok \u00e9s a p\u00e9nz\u00fcgyi szektor szoros egy\u00fcttm\u0171k\u00f6d\u00e9se mindk\u00e9t f\u00e9l sz\u00e1m\u00e1ra el\u0151ny\u00f6ket \u00e9s \u00faj bev\u00e9teli forr\u00e1sokat is gener\u00e1l.<\/p>\n<\/div>\n<p><img src=\"\/wp-content\/uploads\/2021\/01\/shutterstock_739091752-scaled.jpg\" alt=\"\"><\/p>\n<h2>\n<p>A f\u00f3kuszunk Fintech Enabler v\u00e1llalatk\u00e9nt<\/p>\n<\/h2>\n<div>\n<p>A QENTA partnereivel \u00fatt\u00f6r\u0151k\u00e9nt fogja mag\u00e1t a FinTech v\u00e1llalkoz\u00e1sok \u00e9s a hagyom\u00e1nyos p\u00e9nz\u00fcgyi szolg\u00e1ltat\u00f3 szektor k\u00f6z\u00f6tt poz\u00edcion\u00e1lni. A QENTA-\u00f6kosziszt\u00e9ma magj\u00e1t \u00e9s motorj\u00e1t az agilit\u00e1s, a biztons\u00e1g \u00e9s a digitaliz\u00e1ci\u00f3 k\u00e9pezik. Egy olyan k\u00f6rnyezetben, ahol a p\u00e9nzint\u00e9zetek ir\u00e1nti lojalit\u00e1s cs\u00f6kken\u0151ben van, mik\u00f6zben a bel\u00e9p\u00e9si korl\u00e1tok harmadik felek sz\u00e1m\u00e1ra alacsonyabbak lesznek, a QENTA a digitaliz\u00e1ci\u00f3t \u00e9s a szab\u00e1lyozott folyamatokat egy g\u00f6rd\u00fcl\u00e9keny \u00e9s dinamikus t\u00f6rekv\u00e9ss\u00e9 fogja \u00f6tv\u00f6zni, \u00e9s ezzel a v\u00e1ltoz\u00e1sok \u00fatj\u00e1t megk\u00f6nny\u00edteni, mindezt a jogi keretekre \u00e9p\u00edtve.<\/p>\n<\/div>\n<p><img src=\"\/wp-content\/uploads\/2021\/01\/Fintech-2.png\" alt=\"\"><\/p>\n<div>\n<h2><strong>Megold\u00e1saink FinTech Enabler v\u00e1llalatk\u00e9nt<\/strong><\/h2>\n<ol>\n<li><strong>Programfelhaszn\u00e1l\u00f3k (FinTech)<br \/><\/strong>FinTech-v\u00e1llalatok, ak\u00e1r kisebb priv\u00e1t bankok is<\/li>\n<li><span lang=\"de\"><span lang=\"de\"><strong>Credit Card Scheme<br \/><\/strong><\/span><\/span>Bankk\u00e1rtya-h\u00e1l\u00f3zat \u00e9s k\u00f6zvet\u00edt\u0151, \u00e9s bel\u00e9p\u00e9si pont FinTech-ek sz\u00e1m\u00e1ra<\/li>\n<li><span lang=\"de\"><strong>Programmenedzsment (QENTA)<\/strong><br \/>Koncepci\u00f3, projektmenedzsment, illetve szoftverfejleszt\u00e9s<\/span><\/li>\n<li><strong>K\u00e1rtyafeldolgoz\u00e1s<br \/><\/strong>K\u00e1rtyak\u00e9sz\u00edt\u00e9s, szem\u00e9lyre szab\u00e1s (az alapanyagok beszerz\u00e9se, nyomtat\u00e1sa, testreszab\u00e1s (PIN))<\/li>\n<li><span lang=\"de\"><span lang=\"de\"><strong>BIN-Sponsoring<br \/><\/strong><\/span><\/span>H\u00e1l\u00f3zati hozz\u00e1f\u00e9r\u00e9s biztos\u00edt\u00e1sa, teljesk\u00f6r\u0171 p\u00e9nz\u00fcgyi \u00e9s compliance k\u00f6teless\u00e9gek \/ felel\u0151ss\u00e9g a k\u00e1rtyaprogramok enged\u00e9lyeinek beny\u00fajt\u00e1s\u00e1\u00e9rt<\/li>\n<\/ol>\n<\/div>\n<h2>\n<p>Mit\u0151l egyed\u00fcl\u00e1ll\u00f3 a QENTA?<\/p>\n<\/h2>\n<div>\n<div>\n<p>Region\u00e1lis t\u00e1mogat\u00f3 csapatunk &#8211; amely a payment t\u00e9mak\u00f6r \u00f6sszes ter\u00fclet\u00e9n, sok\u00e9ves tapasztalattal e-mailben vagy telefonon szolg\u00e1l seg\u00edts\u00e9ggel &#8211; tesz minket a piacon egyed\u00fcl\u00e1ll\u00f3v\u00e1. Kompetens \u00e9s tapasztalt partnerekkel dolgozunk egy\u00fctt, akikkel a sok\u00e9ves egy\u00fcttm\u0171k\u00f6d\u00e9s keret\u00e9n bel\u00fcl a folyamatokat optim\u00e1lni tudtuk. Ez\u00e1ltal a legmagasabb szint\u0171 bizalomban r\u00e9szes\u00edtenek minket.<\/p>\n<\/div>\n<div>\u00a0<\/div>\n<\/div>\n<h2>\n<p>Hogyan t\u00e1mogatjuk \u00d6nt, mint FinTech Enabler?<\/p>\n<\/h2>\n<div>\n<p>Interf\u00e9szeket fejleszt\u00fcnk az \u00d6n rendszer\u00e9hez, \u00e9s mint programmenedzser biztos\u00edtjuk az \u00f6sszes szab\u00e1lyzat\/direkt\u00edva, mint p\u00e9ld\u00e1ul a p\u00e9nzmos\u00e1s elleni ir\u00e1nyelvek, vagy a szab\u00e1lyoz\u00f3k \u00e1ltal el\u0151\u00edrt k\u00f6telezetts\u00e9gek betart\u00e1s\u00e1t.<\/p>\n<p>Projektjeink keret\u00e9ben els\u0151sorban region\u00e1lis bankk\u00e1rtya-szolg\u00e1ltat\u00f3kkal \u00e9s olyan IT-szolg\u00e1ltat\u00f3kkal dolgozunk egy\u00fctt, akik virtu\u00e1lis vagy m\u0171anyag bankk\u00e1rty\u00e1t bocs\u00e1jtanak rendelkez\u00e9sre. Ebben a kontextusban a bankk\u00e1rtya b\u00e1rmelyik t\u00edpusa sz\u00f3ba j\u00f6het, legyen az \u201eprepaid\u201d, \u201ecredit\u201d, vagy ak\u00e1r \u201edebit\u201d-k\u00e1rtya. A m\u00e1r megl\u00e9v\u0151 portf\u00f3li\u00f3nkkal \u00e9s partnereinkkel az \u00f6sszes fizet\u00e9si folyamat \u00e9s elsz\u00e1mol\u00e1s g\u00f6rd\u00fcl\u00e9keny lefoly\u00e1s\u00e1t tudjuk biztos\u00edtani. Helyi, tapasztalt \u00fcgyf\u00e9lszolg\u00e1lati csapatunk minden bankk\u00e1rtya felhaszn\u00e1l\u00f3nak sz\u00edvesen ad tan\u00e1csot.<\/p>\n<\/div>\n<div>\n<h2><strong>Kapcsolat<\/strong><\/h2>\n<p>Amennyiben felkeltett\u00fck \u00e9rdekl\u0151d\u00e9s\u00e9t a FinTech Enablement t\u00e9ma ir\u00e1nt, keressen minket bizalommal, sz\u00edvesen seg\u00edt\u00fcnk.<\/p>\n<\/div>\n<p>\n    <a href=\"\/kontakt\/\">KAPCSOLAT<\/a>\n<\/p>\n<p><!--more--><br \/>\n<!-- {\"name\":\"Home\",\"type\":\"layout\",\"children\":[{\"name\":\"Teaser\",\"type\":\"section\",\"props\":{\"width\":\"default\",\"padding\":\"large\",\"style\":\"secondary\",\"media\":\"images\\\/home-quality.jpg\",\"height_viewport\":false,\"image\":\"wp-content\\\/uploads\\\/2020\\\/10\\\/Header-9-1-scaled.jpg\",\"animation\":\"fade\",\"image_position\":\"center-center\",\"vertical_align\":\"middle\",\"title_position\":\"top-left\",\"title_rotation\":\"left\",\"title_breakpoint\":\"xl\"},\"children\":[{\"name\":\"\",\"type\":\"row\",\"children\":[{\"name\":\"\",\"type\":\"column\",\"props\":{\"image_position\":\"center-center\",\"media_overlay_gradient\":\"\",\"width_medium\":\"1-1\"},\"children\":[{\"name\":\"\",\"type\":\"headline\",\"props\":{\"title_element\":\"h1\",\"content\":\"\n\n<h1><strong>Fintech Enabler Ausztri\\u00e1b\\u00f3l (FINTECH ENABLEMENT)<\\\/strong><\\\/h1>\",\"title_style\":\"h1\",\"text_align\":\"left\",\"maxwidth\":\"large\",\"margin\":\"medium\",\"title_color\":\"primary\"}}]}],\"props\":{\"margin_remove_bottom\":false,\"margin\":\"default\"}}]},{\"name\":\"About us\",\"type\":\"section\",\"props\":{\"width\":\"default\",\"style\":\"default\",\"media\":\"\",\"height_viewport\":false,\"header_overlay\":\"light\",\"animation\":\"slide-top-medium\",\"padding_remove_top\":false,\"image_size\":\"cover\",\"image_position\":\"center-center\",\"vertical_align\":\"middle\",\"title_position\":\"top-left\",\"title_rotation\":\"left\",\"title_breakpoint\":\"xl\",\"animation_delay\":\"200\",\"padding_remove_bottom\":false},\"children\":[{\"name\":\"\",\"type\":\"row\",\"children\":[{\"name\":\"\",\"type\":\"column\",\"props\":{\"image_position\":\"center-center\",\"media_overlay_gradient\":\"\",\"width_medium\":\"1-1\"},\"children\":[{\"name\":\"\",\"type\":\"headline\",\"props\":{\"title_element\":\"h2\",\"content\":\"\n\n<p>A QENTA FinTech Enablement filoz\\u00f3fi\\u00e1ja<\\\/p>\",\"text_align\":\"left\",\"text_align_fallback\":\"center\",\"title_style\":\"h2\"}},{\"type\":\"text\",\"props\":{\"margin\":\"medium\",\"column_breakpoint\":\"m\",\"content\":\"\n\n<p>A digit\\u00e1lis forradalom az \\u00fcgyfelek p\\u00e9nz\\u00fcgyi term\\u00e9kek, illetve p\\u00e9nz\\u00fcgyi szolg\\u00e1ltat\\u00e1sok ir\\u00e1nti be\\u00e1ll\\u00edtotts\\u00e1g\\u00e1t alapjaiban megv\\u00e1ltoztatta. A technol\\u00f3gia \\u00e1ltal vez\\u00e9relt alkalmaz\\u00e1sok folyamatos elterjed\\u00e9se a p\\u00e9nz\\u00fcgyi szolg\\u00e1ltat\\u00e1sok szinte minden szegmens\\u00e9ben az \\u00faj normalit\\u00e1st jelenti. Ahol a p\\u00e9nz\\u00fcgy \\u00e9s a technol\\u00f3gia \\u00e9rintkeznek, ott egy \\u00faj jelens\\u00e9g \\u00fct\\u00f6tte fel a fej\\u00e9t, ami hihetetlen sebess\\u00e9ggel hajtja el\\u0151re a fejl\\u0151d\\u00e9st \\u00e9s a szegmens status quo-j\\u00e1t, ez a FinTech.<\\\/p>\\n\n\n<p>A technol\\u00f3giaorient\\u00e1lt startup c\\u00e9gek \\u00e9s a piac \\u00faj szerepl\\u0151i innovat\\u00edv m\\u00f3don v\\u00e1ltoztatj\\u00e1k meg azokat a term\\u00e9keket \\u00e9s szolg\\u00e1ltat\\u00e1sokat, amelyeket eddig csup\\u00e1n a hagyom\\u00e1nyos p\\u00e9nz\\u00fcgyi szolg\\u00e1ltat\\u00f3k k\\u00edn\\u00e1ltak. Ez\\u00e1ltal a FinTech m\\u00e9g nagyobb lend\\u00fcletre kap, \\u00e9s felforgatja a hagyom\\u00e1nyos p\\u00e9nz\\u00fcgyi \\u00e9rt\\u00e9kl\\u00e1ncot. A FinTech v\\u00e1llalatok \\u00e9s a p\\u00e9nz\\u00fcgyi szektor szoros egy\\u00fcttm\\u0171k\\u00f6d\\u00e9se mindk\\u00e9t f\\u00e9l sz\\u00e1m\\u00e1ra el\\u0151ny\\u00f6ket \\u00e9s \\u00faj bev\\u00e9teli forr\\u00e1sokat is gener\\u00e1l.<\\\/p>\",\"text_style\":\"lead\"}}]}],\"props\":{\"margin_remove_top\":false}},{\"type\":\"row\",\"children\":[{\"type\":\"column\",\"props\":{\"image_position\":\"center-center\",\"media_overlay_gradient\":\"\"},\"children\":[{\"type\":\"image\",\"props\":{\"margin\":\"default\",\"image_svg_color\":\"emphasis\",\"image\":\"wp-content\\\/uploads\\\/2021\\\/01\\\/shutterstock_739091752-scaled.jpg\"}}]}]},{\"name\":\"\",\"type\":\"row\",\"props\":{\"layout\":\"2-3,1-3\",\"margin\":\"default\",\"margin_remove_bottom\":false,\"margin_remove_top\":true},\"children\":[{\"name\":\"\",\"type\":\"column\",\"props\":{\"image_position\":\"center-center\",\"media_overlay_gradient\":\"\",\"width_medium\":\"2-3\"},\"children\":[{\"name\":\"\",\"type\":\"headline\",\"props\":{\"title_element\":\"h2\",\"content\":\"\n\n<p>A f\\u00f3kuszunk Fintech Enabler v\\u00e1llalatk\\u00e9nt<\\\/p>\",\"animation\":\"fade\",\"title_style\":\"h2\"}},{\"type\":\"text\",\"props\":{\"margin\":\"medium\",\"column_breakpoint\":\"m\",\"content\":\"\n\n<p>A QENTA partnereivel \\u00fatt\\u00f6r\\u0151k\\u00e9nt fogja mag\\u00e1t a FinTech v\\u00e1llalkoz\\u00e1sok \\u00e9s a hagyom\\u00e1nyos p\\u00e9nz\\u00fcgyi szolg\\u00e1ltat\\u00f3 szektor k\\u00f6z\\u00f6tt poz\\u00edcion\\u00e1lni. A QENTA-\\u00f6kosziszt\\u00e9ma magj\\u00e1t \\u00e9s motorj\\u00e1t az agilit\\u00e1s, a biztons\\u00e1g \\u00e9s a digitaliz\\u00e1ci\\u00f3 k\\u00e9pezik. Egy olyan k\\u00f6rnyezetben, ahol a p\\u00e9nzint\\u00e9zetek ir\\u00e1nti lojalit\\u00e1s cs\\u00f6kken\\u0151ben van, mik\\u00f6zben a bel\\u00e9p\\u00e9si korl\\u00e1tok harmadik felek sz\\u00e1m\\u00e1ra alacsonyabbak lesznek, a QENTA a digitaliz\\u00e1ci\\u00f3t \\u00e9s a szab\\u00e1lyozott folyamatokat egy g\\u00f6rd\\u00fcl\\u00e9keny \\u00e9s dinamikus t\\u00f6rekv\\u00e9ss\\u00e9 fogja \\u00f6tv\\u00f6zni, \\u00e9s ezzel a v\\u00e1ltoz\\u00e1sok \\u00fatj\\u00e1t megk\\u00f6nny\\u00edteni, mindezt a jogi keretekre \\u00e9p\\u00edtve.<\\\/p>\",\"text_style\":\"lead\"}}]},{\"name\":\"\",\"type\":\"column\",\"props\":{\"image_position\":\"center-center\",\"media_overlay_gradient\":\"\",\"width_medium\":\"1-3\"},\"children\":[]}]}]},{\"type\":\"section\",\"props\":{\"style\":\"muted\",\"width\":\"default\",\"vertical_align\":\"middle\",\"title_position\":\"top-left\",\"title_rotation\":\"left\",\"title_breakpoint\":\"xl\",\"image_position\":\"center-center\"},\"children\":[{\"type\":\"row\",\"props\":{\"layout\":\"1-2,1-2\"},\"children\":[{\"type\":\"column\",\"props\":{\"image_position\":\"center-center\",\"media_overlay_gradient\":\"\",\"width_medium\":\"1-2\"},\"children\":[{\"type\":\"image\",\"props\":{\"margin\":\"default\",\"image_svg_color\":\"emphasis\",\"image\":\"wp-content\\\/uploads\\\/2021\\\/01\\\/Fintech-2.png\"}}]},{\"type\":\"column\",\"props\":{\"image_position\":\"center-center\",\"media_overlay_gradient\":\"\",\"width_medium\":\"1-2\"},\"children\":[{\"type\":\"text\",\"props\":{\"margin\":\"medium\",\"column_breakpoint\":\"m\",\"content\":\"\n\n<h2><strong>Megold\\u00e1saink FinTech Enabler v\\u00e1llalatk\\u00e9nt<\\\/strong><\\\/h2>\\n\n\n<ol>\\n\n\n<li><strong>Programfelhaszn\\u00e1l\\u00f3k (FinTech)<br \\\/><\\\/strong>FinTech-v\\u00e1llalatok, ak\\u00e1r kisebb priv\\u00e1t bankok is<\\\/li>\\n\n\n<li><span lang=\\\"de\\\"><span lang=\\\"de\\\"><strong>Credit Card Scheme<br \\\/><\\\/strong><\\\/span><\\\/span>Bankk\\u00e1rtya-h\\u00e1l\\u00f3zat \\u00e9s k\\u00f6zvet\\u00edt\\u0151, \\u00e9s bel\\u00e9p\\u00e9si pont FinTech-ek sz\\u00e1m\\u00e1ra<\\\/li>\\n\n\n<li><span lang=\\\"de\\\"><strong>Programmenedzsment (QENTA)<\\\/strong><br \\\/>Koncepci\\u00f3, projektmenedzsment, illetve szoftverfejleszt\\u00e9s<\\\/span><\\\/li>\\n\n\n<li><strong>K\\u00e1rtyafeldolgoz\\u00e1s<br \\\/><\\\/strong>K\\u00e1rtyak\\u00e9sz\\u00edt\\u00e9s, szem\\u00e9lyre szab\\u00e1s (az alapanyagok beszerz\\u00e9se, nyomtat\\u00e1sa, testreszab\\u00e1s (PIN))<\\\/li>\\n\n\n<li><span lang=\\\"de\\\"><span lang=\\\"de\\\"><strong>BIN-Sponsoring<br \\\/><\\\/strong><\\\/span><\\\/span>H\\u00e1l\\u00f3zati hozz\\u00e1f\\u00e9r\\u00e9s biztos\\u00edt\\u00e1sa, teljesk\\u00f6r\\u0171 p\\u00e9nz\\u00fcgyi \\u00e9s compliance k\\u00f6teless\\u00e9gek \\\/ felel\\u0151ss\\u00e9g a k\\u00e1rtyaprogramok enged\\u00e9lyeinek beny\\u00fajt\\u00e1s\\u00e1\\u00e9rt<\\\/li>\\n<\\\/ol>\",\"text_style\":\"lead\"}}]}]}]},{\"type\":\"section\",\"props\":{\"style\":\"default\",\"width\":\"default\",\"vertical_align\":\"middle\",\"title_position\":\"top-left\",\"title_rotation\":\"left\",\"title_breakpoint\":\"xl\",\"image_position\":\"center-center\"},\"children\":[{\"type\":\"row\",\"children\":[{\"type\":\"column\",\"props\":{\"image_position\":\"center-center\",\"media_overlay_gradient\":\"\"},\"children\":[{\"type\":\"headline\",\"props\":{\"title_element\":\"h2\",\"content\":\"\n\n<p>Mit\\u0151l egyed\\u00fcl\\u00e1ll\\u00f3 a QENTA?<\\\/p>\",\"title_style\":\"h2\"}},{\"type\":\"text\",\"props\":{\"margin\":\"default\",\"column_breakpoint\":\"m\",\"content\":\"\n\n<div>\\n\n\n<p>Region\\u00e1lis t\\u00e1mogat\\u00f3 csapatunk - amely a payment t\\u00e9mak\\u00f6r \\u00f6sszes ter\\u00fclet\\u00e9n, sok\\u00e9ves tapasztalattal e-mailben vagy telefonon szolg\\u00e1l seg\\u00edts\\u00e9ggel - tesz minket a piacon egyed\\u00fcl\\u00e1ll\\u00f3v\\u00e1. Kompetens \\u00e9s tapasztalt partnerekkel dolgozunk egy\\u00fctt, akikkel a sok\\u00e9ves egy\\u00fcttm\\u0171k\\u00f6d\\u00e9s keret\\u00e9n bel\\u00fcl a folyamatokat optim\\u00e1lni tudtuk. Ez\\u00e1ltal a legmagasabb szint\\u0171 bizalomban r\\u00e9szes\\u00edtenek minket.<\\\/p>\\n<\\\/div>\\n\n\n<div>\\u00a0<\\\/div>\",\"text_style\":\"lead\"}},{\"type\":\"headline\",\"props\":{\"title_element\":\"h2\",\"content\":\"\n\n<p>Hogyan t\\u00e1mogatjuk \\u00d6nt, mint FinTech Enabler?<\\\/p>\",\"title_style\":\"h2\"}},{\"type\":\"text\",\"props\":{\"margin\":\"default\",\"column_breakpoint\":\"m\",\"content\":\"\n\n<p>Interf\\u00e9szeket fejleszt\\u00fcnk az \\u00d6n rendszer\\u00e9hez, \\u00e9s mint programmenedzser biztos\\u00edtjuk az \\u00f6sszes szab\\u00e1lyzat\\\/direkt\\u00edva, mint p\\u00e9ld\\u00e1ul a p\\u00e9nzmos\\u00e1s elleni ir\\u00e1nyelvek, vagy a szab\\u00e1lyoz\\u00f3k \\u00e1ltal el\\u0151\\u00edrt k\\u00f6telezetts\\u00e9gek betart\\u00e1s\\u00e1t.<\\\/p>\\n\n\n<p>Projektjeink keret\\u00e9ben els\\u0151sorban region\\u00e1lis bankk\\u00e1rtya-szolg\\u00e1ltat\\u00f3kkal \\u00e9s olyan IT-szolg\\u00e1ltat\\u00f3kkal dolgozunk egy\\u00fctt, akik virtu\\u00e1lis vagy m\\u0171anyag bankk\\u00e1rty\\u00e1t bocs\\u00e1jtanak rendelkez\\u00e9sre. Ebben a kontextusban a bankk\\u00e1rtya b\\u00e1rmelyik t\\u00edpusa sz\\u00f3ba j\\u00f6het, legyen az \\u201eprepaid\\u201d, \\u201ecredit\\u201d, vagy ak\\u00e1r \\u201edebit\\u201d-k\\u00e1rtya. A m\\u00e1r megl\\u00e9v\\u0151 portf\\u00f3li\\u00f3nkkal \\u00e9s partnereinkkel az \\u00f6sszes fizet\\u00e9si folyamat \\u00e9s elsz\\u00e1mol\\u00e1s g\\u00f6rd\\u00fcl\\u00e9keny lefoly\\u00e1s\\u00e1t tudjuk biztos\\u00edtani. Helyi, tapasztalt \\u00fcgyf\\u00e9lszolg\\u00e1lati csapatunk minden bankk\\u00e1rtya felhaszn\\u00e1l\\u00f3nak sz\\u00edvesen ad tan\\u00e1csot.<\\\/p>\",\"text_style\":\"lead\"}}]}]}]},{\"type\":\"section\",\"props\":{\"style\":\"default\",\"width\":\"default\",\"vertical_align\":\"middle\",\"title_position\":\"top-left\",\"title_rotation\":\"left\",\"title_breakpoint\":\"xl\",\"image_position\":\"center-center\"},\"children\":[{\"type\":\"row\",\"children\":[{\"type\":\"column\",\"props\":{\"image_position\":\"center-center\",\"media_overlay_gradient\":\"\"},\"children\":[{\"type\":\"text\",\"props\":{\"margin\":\"default\",\"column_breakpoint\":\"m\",\"content\":\"\n\n<h2><strong>Kapcsolat<\\\/strong><\\\/h2>\\n\n\n<p>Amennyiben felkeltett\\u00fck \\u00e9rdekl\\u0151d\\u00e9s\\u00e9t a FinTech Enablement t\\u00e9ma ir\\u00e1nt, keressen minket bizalommal, sz\\u00edvesen seg\\u00edt\\u00fcnk.<\\\/p>\",\"text_style\":\"lead\"}},{\"type\":\"button\",\"props\":{\"grid_column_gap\":\"small\",\"grid_row_gap\":\"small\",\"margin\":\"medium\"},\"children\":[{\"type\":\"button_item\",\"props\":{\"button_style\":\"primary\",\"icon_align\":\"left\",\"content\":\"KAPCSOLAT\",\"link\":\"kontakt\\\/\"}}]}]}]}]}],\"version\":\"2.4.17\"} --><\/p>\n","protected":false},"excerpt":{"rendered":"<p>Fintech Enabler Ausztri\u00e1b\u00f3l (FINTECH ENABLEMENT) A QENTA FinTech Enablement filoz\u00f3fi\u00e1ja A digit\u00e1lis forradalom az \u00fcgyfelek p\u00e9nz\u00fcgyi term\u00e9kek, illetve p\u00e9nz\u00fcgyi szolg\u00e1ltat\u00e1sok ir\u00e1nti be\u00e1ll\u00edtotts\u00e1g\u00e1t alapjaiban megv\u00e1ltoztatta. A technol\u00f3gia \u00e1ltal vez\u00e9relt alkalmaz\u00e1sok folyamatos elterjed\u00e9se a p\u00e9nz\u00fcgyi szolg\u00e1ltat\u00e1sok szinte minden szegmens\u00e9ben az \u00faj normalit\u00e1st jelenti. Ahol a p\u00e9nz\u00fcgy \u00e9s a technol\u00f3gia \u00e9rintkeznek, ott egy \u00faj jelens\u00e9g \u00fct\u00f6tte fel a [&hellip;]<\/p>\n","protected":false},"author":2,"featured_media":0,"parent":0,"menu_order":0,"comment_status":"closed","ping_status":"closed","template":"","meta":[],"_links":{"self":[{"href":"https:\/\/sit.hobex.at\/hu\/wp-json\/wp\/v2\/pages\/4856"}],"collection":[{"href":"https:\/\/sit.hobex.at\/hu\/wp-json\/wp\/v2\/pages"}],"about":[{"href":"https:\/\/sit.hobex.at\/hu\/wp-json\/wp\/v2\/types\/page"}],"author":[{"embeddable":true,"href":"https:\/\/sit.hobex.at\/hu\/wp-json\/wp\/v2\/users\/2"}],"replies":[{"embeddable":true,"href":"https:\/\/sit.hobex.at\/hu\/wp-json\/wp\/v2\/comments?post=4856"}],"version-history":[{"count":6,"href":"https:\/\/sit.hobex.at\/hu\/wp-json\/wp\/v2\/pages\/4856\/revisions"}],"predecessor-version":[{"id":4862,"href":"https:\/\/sit.hobex.at\/hu\/wp-json\/wp\/v2\/pages\/4856\/revisions\/4862"}],"wp:attachment":[{"href":"https:\/\/sit.hobex.at\/hu\/wp-json\/wp\/v2\/media?parent=4856"}],"curies":[{"name":"wp","href":"https:\/\/api.w.org\/{rel}","templated":true}]}}