{"id":4865,"date":"2021-02-16T17:24:09","date_gmt":"2021-02-16T16:24:09","guid":{"rendered":"https:\/\/www.qenta.com\/haendler-login\/"},"modified":"2025-10-23T08:49:54","modified_gmt":"2025-10-23T06:49:54","slug":"uegyfelbelepes","status":"publish","type":"page","link":"https:\/\/sit.hobex.at\/hu\/uegyfelbelepes\/","title":{"rendered":"\u00dcGYF\u00c9LBEL\u00c9P\u00c9S"},"content":{"rendered":"<h1>\n<h2 class=\"uk-h1 uk-text-truncate\">\u00dcGYF\u00c9LBEL\u00c9P\u00c9S<\/h2>\n<\/h1>\n<div>\n<h3>QPC Payment Center<\/h3>\n<p>Fel\u00fclet a tranzakci\u00f3s \u00fcgyint\u00e9z\u00e9shez <\/p>\n<div>\n<ul>\n<li>Nincs telep\u00edt\u00e9s<\/li>\n<li>Tiszt\u00e1n web alap\u00fa<\/li>\n<li>Term\u00e9keink alappill\u00e9re<\/li>\n<\/ul>\n<\/div>\n<p><a href=\"https:\/\/portal.hobex.at\/qpc32\/\">PAYMENT CENTER &#8211; BEL\u00c8P\u00c8S<\/a><\/p>\n<\/div>\n<div>\n<h3>QENTA Checkout Journal<\/h3>\n<p>A fizet\u00e9si tranzakci\u00f3k r\u00e9szleteinek az anal\u00edzise <\/p>\n<div>\n<ul>\n<li><span data-contrast=\"none\" xml:lang=\"DE-DE\" lang=\"DE-DE\" class=\"TextRun SCXW263915068 BCX8\"><span class=\"NormalTextRun SpellingErrorV2  SCXW263915068 BCX8 DefaultHighlightTransition\">Az<\/span><span class=\"NormalTextRun SCXW263915068 BCX8\"><span>\u00a0<\/span><\/span><span class=\"NormalTextRun SpellingErrorV2 SCXW263915068 BCX8\">\u00d6n<\/span><span class=\"NormalTextRun SCXW263915068 BCX8\"><span>\u00a0<\/span><\/span><span class=\"NormalTextRun SpellingErrorV2 SCXW263915068 BCX8\">web\u00e1ruh\u00e1z\u00e1ban<\/span><span class=\"NormalTextRun SCXW263915068 BCX8\"><span>\u00a0<\/span><\/span><span class=\"NormalTextRun SpellingErrorV2 SCXW263915068 BCX8\">t\u00f6rt\u00e9nt<\/span><span class=\"NormalTextRun SCXW263915068 BCX8\">,a<span>\u00a0<\/span><\/span><span class=\"NormalTextRun SpellingErrorV2 SCXW263915068 BCX8\">fizet\u00e9s<\/span><span class=\"NormalTextRun SCXW263915068 BCX8\"><span>\u00a0<\/span><\/span><span class=\"NormalTextRun SpellingErrorV2 SCXW263915068 BCX8\">eredm\u00e9ny\u00e9t\u0151l<\/span><span class=\"NormalTextRun SCXW263915068 BCX8\"><span>\u00a0<br \/><\/span><\/span><span class=\"NormalTextRun SpellingErrorV2 SCXW263915068 BCX8\">f\u00fcggetlen,<\/span><span class=\"NormalTextRun SCXW263915068 BCX8\">\u00a0<\/span><span class=\"NormalTextRun SpellingErrorV2 SCXW263915068 BCX8\">\u00f6sszes<\/span><span class=\"NormalTextRun SCXW263915068 BCX8\"><span>\u00a0<\/span><\/span><span class=\"NormalTextRun SpellingErrorV2 SCXW263915068 BCX8\">tranzakci\u00f3 <\/span><span class=\"NormalTextRun SpellingErrorV2 SCXW263915068 BCX8\">anal\u00edzis\u00e9re<\/span><span class=\"NormalTextRun SCXW263915068 BCX8\"><span> <\/span><\/span><span class=\"NormalTextRun SpellingErrorV2 SCXW263915068 BCX8\">szolg\u00e1l\u00f3<\/span><span class=\"NormalTextRun SCXW263915068 BCX8\"><span>\u00a0<br \/><\/span><\/span><span class=\"NormalTextRun SpellingErrorV2 SCXW263915068 BCX8\">webalap\u00fa<\/span><span class=\"NormalTextRun SCXW263915068 BCX8\"><span>\u00a0<\/span><\/span><span class=\"NormalTextRun SpellingErrorV2 SCXW263915068 BCX8\">fel\u00fclet<\/span><span class=\"NormalTextRun SCXW263915068 BCX8\">\u00a0<\/span><\/span><span class=\"EOP SCXW263915068 BCX8\" data-ccp-props=\"{&quot;201341983&quot;:0,&quot;335559739&quot;:160,&quot;335559740&quot;:259}\">\u00a0<\/span><\/li>\n<li><span data-contrast=\"none\" xml:lang=\"DE-DE\" lang=\"DE-DE\" class=\"TextRun SCXW95813446 BCX8\"><span class=\"NormalTextRun SpellingErrorV2  SCXW95813446 BCX8 DefaultHighlightTransition\">Az<\/span><span class=\"NormalTextRun SCXW95813446 BCX8\"><span>\u00a0<\/span><\/span><span class=\"NormalTextRun SpellingErrorV2 SCXW95813446 BCX8\">\u00d6n<\/span><span class=\"NormalTextRun SCXW95813446 BCX8\"><span>\u00a0<\/span><\/span><span class=\"NormalTextRun SpellingErrorV2 SCXW95813446 BCX8\">web\u00dfaruh\u00e1z\u00e1ban<\/span><span class=\"NormalTextRun SCXW95813446 BCX8\"><span>\u00a0<\/span><\/span><span class=\"NormalTextRun SpellingErrorV2 SCXW95813446 BCX8\">val\u00f3<\/span><span class=\"NormalTextRun SCXW95813446 BCX8\"><span>\u00a0<\/span><\/span><span class=\"NormalTextRun SpellingErrorV2 SCXW95813446 BCX8\">integr\u00e1ci\u00f3<\/span><span class=\"NormalTextRun SCXW95813446 BCX8\"><span>\u00a0<\/span><\/span><span class=\"NormalTextRun SpellingErrorV2 SCXW95813446 BCX8\">k\u00f6zben<\/span><span class=\"NormalTextRun SCXW95813446 BCX8\"><span>\u00a0<\/span><\/span><span class=\"NormalTextRun SpellingErrorV2 SCXW95813446 BCX8\">is<\/span><span class=\"NormalTextRun SCXW95813446 BCX8\"><span>\u00a0<\/span><\/span><span class=\"NormalTextRun SpellingErrorV2 SCXW95813446 BCX8\">hasznos<\/span><\/span><span class=\"EOP SCXW95813446 BCX8\" data-ccp-props=\"{&quot;201341983&quot;:0,&quot;335559739&quot;:160,&quot;335559740&quot;:259}\">\u00a0<\/span><\/li>\n<li><span data-contrast=\"none\" xml:lang=\"DE-DE\" lang=\"DE-DE\" class=\"TextRun SCXW175467719 BCX8\"><span class=\"NormalTextRun SpellingErrorV2 SCXW175467719 BCX8\">Telep\u00edt\u00e9sre<\/span><span class=\"NormalTextRun SCXW175467719 BCX8\"><span>\u00a0<\/span><\/span><span class=\"NormalTextRun SpellingErrorV2 SCXW175467719 BCX8\">nincs<\/span><span class=\"NormalTextRun SCXW175467719 BCX8\"><span>\u00a0<\/span><\/span><span class=\"NormalTextRun SpellingErrorV2 SCXW175467719 BCX8\">sz\u00fcks\u00e9g<\/span><\/span><span class=\"EOP SCXW175467719 BCX8\" data-ccp-props=\"{&quot;201341983&quot;:0,&quot;335559739&quot;:160,&quot;335559740&quot;:259}\">\u00a0<\/span><\/li>\n<\/ul>\n<\/div>\n<p><a href=\"https:\/\/portal.hobex.at\/journal\/\">QENTA CHECKOUT JOURNAL &#8211; BEL\u00c8P\u00c8S<\/a><\/p>\n<\/div>\n<div>\n<h3>QCALL Checkout Terminal<\/h3>\n<p>Fizet\u00e9si adatok fogad\u00e1sa telefonon vagy \u00edr\u00e1sban (pl. faxon, e-mailben)<\/p>\n<div>\n<ul>\n<li>Webes fel\u00fclet a telefonon felvett fizet\u00e9si adatok kezel\u00e9s\u00e9re<\/li>\n<li>Felhaszn\u00e1lhat\u00f3 kieg\u00e9sz\u00edt\u0151 fizet\u00e9si inform\u00e1ci\u00f3k kezel\u00e9s\u00e9hez (pl. ut\u00f3rendel\u00e9s, katal\u00f3gusos rendel\u00e9s stb.)<\/li>\n<li>Fizet\u00e9si adatok val\u00f3sidej\u0171 ellen\u0151rz\u00e9se<\/li>\n<li>Szoftvertelep\u00edt\u00e9s n\u00e9lk\u00fcl<\/li>\n<\/ul>\n<\/div>\n<p><a href=\"https:\/\/portal.hobex.at\/terminal\/\">QCALL CHECKOUT TERMINAL \u2013 BEL\u00c8P\u00c8S<\/a><\/p>\n<\/div>\n<div>\n<h3>QFILE Checkout Automated<\/h3>\n<p>Fizet\u00e9si adatok kezel\u00e9se t\u00e1bl\u00e1zatos form\u00e1ban<\/p>\n<div>\n<ul>\n<li>Webes kezel\u0151fel\u00fclet, amelyen kereszt\u00fcl a fizet\u00e9si inform\u00e1ci\u00f3k t\u00e1bl\u00e1zatos form\u00e1ban ker\u00fclnek felt\u00f6lt\u00e9sre (list\u00e1k, batch kezel\u00e9s)<\/li>\n<li>T\u00f6k\u00e9letes megold\u00e1s a faxon vagy a termin\u00e1lon leadott k\u00e1rtyaadatok feldolgoz\u00e1s\u00e1hoz<\/li>\n<li>Gyors visszajelz\u00e9s a tranzakci\u00f3 kimenetel\u00e9r\u0151l<\/li>\n<li>Nem sz\u00fcks\u00e9ges telep\u00edt\u00e9s vagy webes programoz\u00e1s<\/li>\n<\/ul>\n<\/div>\n<p><a href=\"https:\/\/portal.hobex.at\/automated\">QFILE CHECKOUT AUTOMATED \u2013 BEL\u00c9P\u00c9S<\/a><\/p>\n<\/div>\n<h2>\n<p>Kapcsolat<\/p>\n<\/h2>\n<div>\n<p><strong>Tov\u00e1bbi inform\u00e1ci\u00f3k \u00e9s seg\u00edts\u00e9g az \u00fcgyf\u00e9lbel\u00e9p\u00e9shez:<br \/><\/strong>Vegye fel vel\u00fcnk a kapcsolatot a kapcsolatfelv\u00e9teli \u0171rlap kit\u00f6lt\u00e9s\u00e9vel, sz\u00edvesen k\u00fcld\u00fcnk \u00d6nnek tov\u00e1bbi inform\u00e1ci\u00f3kat, \u00e9s megv\u00e1laszoljuk k\u00e9rd\u00e9seit.<\/p>\n<\/div>\n<p>\n    <a href=\"\/kontakt\/\">KAPCSOLATFELV\u00c9TELI \u0170RLAP<\/a>\n<\/p>\n<p><!--more--><br \/>\n<!-- {\"name\":\"Pricing\",\"type\":\"layout\",\"children\":[{\"name\":\"Header\",\"type\":\"section\",\"props\":{\"width\":\"default\",\"padding\":\"large\",\"style\":\"secondary\",\"media\":\"images\\\/home-quality.jpg\",\"height_viewport\":false,\"image\":\"wp-content\\\/uploads\\\/2020\\\/10\\\/shutterstock_149534228-verlauf-1-scaled.jpg\",\"animation\":\"fade\",\"image_size\":\"cover\",\"image_position\":\"center-center\",\"vertical_align\":\"middle\",\"title_position\":\"top-left\",\"title_rotation\":\"left\",\"title_breakpoint\":\"xl\",\"image_width\":\"2560\"},\"children\":[{\"name\":\"\",\"type\":\"row\",\"children\":[{\"name\":\"\",\"type\":\"column\",\"props\":{\"image_position\":\"center-center\",\"media_overlay_gradient\":\"\",\"width_medium\":\"1-1\"},\"children\":[{\"name\":\"\",\"type\":\"headline\",\"props\":{\"title_element\":\"h1\",\"content\":\"\n\n<h2 class=\\\"uk-h1 uk-text-truncate\\\">\\u00dcGYF\\u00c9LBEL\\u00c9P\\u00c9S<\\\/h2>\",\"title_style\":\"h1\",\"text_align\":\"left\",\"maxwidth\":\"large\",\"margin\":\"medium\",\"title_color\":\"primary\"}}]}]}]},{\"type\":\"section\",\"props\":{\"style\":\"default\",\"width\":\"default\",\"vertical_align\":\"middle\",\"title_position\":\"top-left\",\"title_rotation\":\"left\",\"title_breakpoint\":\"xl\",\"image_position\":\"center-center\"},\"children\":[{\"type\":\"row\",\"props\":{\"layout\":\"1-2,1-2\",\"match\":true},\"children\":[{\"type\":\"column\",\"props\":{\"image_position\":\"center-center\",\"media_overlay_gradient\":\"\",\"width_medium\":\"1-2\"},\"children\":[{\"type\":\"panel\",\"props\":{\"link_text\":\"PAYMENT CENTER - BEL\\u00c8P\\u00c8S\",\"title_hover_style\":\"reset\",\"title_element\":\"h3\",\"title_align\":\"top\",\"title_grid_width\":\"1-2\",\"title_grid_breakpoint\":\"m\",\"meta_style\":\"\",\"meta_align\":\"below-title\",\"meta_element\":\"div\",\"content_column_breakpoint\":\"m\",\"icon_width\":80,\"image_align\":\"top\",\"image_grid_width\":\"1-2\",\"image_grid_breakpoint\":\"m\",\"image_svg_color\":\"emphasis\",\"link_style\":\"primary\",\"margin\":\"default\",\"title\":\"QPC Payment Center\",\"meta\":\"Fel\\u00fclet a tranzakci\\u00f3s \\u00fcgyint\\u00e9z\\u00e9shez \",\"content\":\"\n\n<ul>\\n\n\n<li>Nincs telep\\u00edt\\u00e9s<\\\/li>\\n\n\n<li>Tiszt\\u00e1n web alap\\u00fa<\\\/li>\\n\n\n<li>Term\\u00e9keink alappill\\u00e9re<\\\/li>\\n<\\\/ul>\",\"link\":\"https:\\\/\\\/portal.hobex.at\\\/qpc32\\\/\",\"link_target\":true,\"panel_style\":\"card-default\",\"title_style\":\"h3\",\"content_style\":\"lead\",\"link_margin\":\"medium\"}}]},{\"type\":\"column\",\"props\":{\"image_position\":\"center-center\",\"media_overlay_gradient\":\"\",\"width_medium\":\"1-2\"},\"children\":[{\"type\":\"panel\",\"props\":{\"link_text\":\"QENTA CHECKOUT JOURNAL - BEL\\u00c8P\\u00c8S\",\"title_hover_style\":\"reset\",\"title_element\":\"h3\",\"title_align\":\"top\",\"title_grid_width\":\"1-2\",\"title_grid_breakpoint\":\"m\",\"meta_style\":\"\",\"meta_align\":\"below-title\",\"meta_element\":\"div\",\"content_column_breakpoint\":\"m\",\"icon_width\":80,\"image_align\":\"top\",\"image_grid_width\":\"1-2\",\"image_grid_breakpoint\":\"m\",\"image_svg_color\":\"emphasis\",\"link_style\":\"primary\",\"margin\":\"default\",\"title\":\"QENTA Checkout Journal\",\"meta\":\"A fizet\\u00e9si tranzakci\\u00f3k r\\u00e9szleteinek az anal\\u00edzise \",\"content\":\"\n\n<ul>\\n\n\n<li><span data-contrast=\\\"none\\\" xml:lang=\\\"DE-DE\\\" lang=\\\"DE-DE\\\" class=\\\"TextRun SCXW263915068 BCX8\\\"><span class=\\\"NormalTextRun SpellingErrorV2  SCXW263915068 BCX8 DefaultHighlightTransition\\\">Az<\\\/span><span class=\\\"NormalTextRun SCXW263915068 BCX8\\\"><span>\\u00a0<\\\/span><\\\/span><span class=\\\"NormalTextRun SpellingErrorV2 SCXW263915068 BCX8\\\">\\u00d6n<\\\/span><span class=\\\"NormalTextRun SCXW263915068 BCX8\\\"><span>\\u00a0<\\\/span><\\\/span><span class=\\\"NormalTextRun SpellingErrorV2 SCXW263915068 BCX8\\\">web\\u00e1ruh\\u00e1z\\u00e1ban<\\\/span><span class=\\\"NormalTextRun SCXW263915068 BCX8\\\"><span>\\u00a0<\\\/span><\\\/span><span class=\\\"NormalTextRun SpellingErrorV2 SCXW263915068 BCX8\\\">t\\u00f6rt\\u00e9nt<\\\/span><span class=\\\"NormalTextRun SCXW263915068 BCX8\\\">,a<span>\\u00a0<\\\/span><\\\/span><span class=\\\"NormalTextRun SpellingErrorV2 SCXW263915068 BCX8\\\">fizet\\u00e9s<\\\/span><span class=\\\"NormalTextRun SCXW263915068 BCX8\\\"><span>\\u00a0<\\\/span><\\\/span><span class=\\\"NormalTextRun SpellingErrorV2 SCXW263915068 BCX8\\\">eredm\\u00e9ny\\u00e9t\\u0151l<\\\/span><span class=\\\"NormalTextRun SCXW263915068 BCX8\\\"><span>\\u00a0<br \\\/><\\\/span><\\\/span><span class=\\\"NormalTextRun SpellingErrorV2 SCXW263915068 BCX8\\\">f\\u00fcggetlen,<\\\/span><span class=\\\"NormalTextRun SCXW263915068 BCX8\\\">\\u00a0<\\\/span><span class=\\\"NormalTextRun SpellingErrorV2 SCXW263915068 BCX8\\\">\\u00f6sszes<\\\/span><span class=\\\"NormalTextRun SCXW263915068 BCX8\\\"><span>\\u00a0<\\\/span><\\\/span><span class=\\\"NormalTextRun SpellingErrorV2 SCXW263915068 BCX8\\\">tranzakci\\u00f3 <\\\/span><span class=\\\"NormalTextRun SpellingErrorV2 SCXW263915068 BCX8\\\">anal\\u00edzis\\u00e9re<\\\/span><span class=\\\"NormalTextRun SCXW263915068 BCX8\\\"><span> <\\\/span><\\\/span><span class=\\\"NormalTextRun SpellingErrorV2 SCXW263915068 BCX8\\\">szolg\\u00e1l\\u00f3<\\\/span><span class=\\\"NormalTextRun SCXW263915068 BCX8\\\"><span>\\u00a0<br \\\/><\\\/span><\\\/span><span class=\\\"NormalTextRun SpellingErrorV2 SCXW263915068 BCX8\\\">webalap\\u00fa<\\\/span><span class=\\\"NormalTextRun SCXW263915068 BCX8\\\"><span>\\u00a0<\\\/span><\\\/span><span class=\\\"NormalTextRun SpellingErrorV2 SCXW263915068 BCX8\\\">fel\\u00fclet<\\\/span><span class=\\\"NormalTextRun SCXW263915068 BCX8\\\">\\u00a0<\\\/span><\\\/span><span class=\\\"EOP SCXW263915068 BCX8\\\" data-ccp-props=\\\"{&quot;201341983&quot;:0,&quot;335559739&quot;:160,&quot;335559740&quot;:259}\\\">\\u00a0<\\\/span><\\\/li>\\n\n\n<li><span data-contrast=\\\"none\\\" xml:lang=\\\"DE-DE\\\" lang=\\\"DE-DE\\\" class=\\\"TextRun SCXW95813446 BCX8\\\"><span class=\\\"NormalTextRun SpellingErrorV2  SCXW95813446 BCX8 DefaultHighlightTransition\\\">Az<\\\/span><span class=\\\"NormalTextRun SCXW95813446 BCX8\\\"><span>\\u00a0<\\\/span><\\\/span><span class=\\\"NormalTextRun SpellingErrorV2 SCXW95813446 BCX8\\\">\\u00d6n<\\\/span><span class=\\\"NormalTextRun SCXW95813446 BCX8\\\"><span>\\u00a0<\\\/span><\\\/span><span class=\\\"NormalTextRun SpellingErrorV2 SCXW95813446 BCX8\\\">web\\u00dfaruh\\u00e1z\\u00e1ban<\\\/span><span class=\\\"NormalTextRun SCXW95813446 BCX8\\\"><span>\\u00a0<\\\/span><\\\/span><span class=\\\"NormalTextRun SpellingErrorV2 SCXW95813446 BCX8\\\">val\\u00f3<\\\/span><span class=\\\"NormalTextRun SCXW95813446 BCX8\\\"><span>\\u00a0<\\\/span><\\\/span><span class=\\\"NormalTextRun SpellingErrorV2 SCXW95813446 BCX8\\\">integr\\u00e1ci\\u00f3<\\\/span><span class=\\\"NormalTextRun SCXW95813446 BCX8\\\"><span>\\u00a0<\\\/span><\\\/span><span class=\\\"NormalTextRun SpellingErrorV2 SCXW95813446 BCX8\\\">k\\u00f6zben<\\\/span><span class=\\\"NormalTextRun SCXW95813446 BCX8\\\"><span>\\u00a0<\\\/span><\\\/span><span class=\\\"NormalTextRun SpellingErrorV2 SCXW95813446 BCX8\\\">is<\\\/span><span class=\\\"NormalTextRun SCXW95813446 BCX8\\\"><span>\\u00a0<\\\/span><\\\/span><span class=\\\"NormalTextRun SpellingErrorV2 SCXW95813446 BCX8\\\">hasznos<\\\/span><\\\/span><span class=\\\"EOP SCXW95813446 BCX8\\\" data-ccp-props=\\\"{&quot;201341983&quot;:0,&quot;335559739&quot;:160,&quot;335559740&quot;:259}\\\">\\u00a0<\\\/span><\\\/li>\\n\n\n<li><span data-contrast=\\\"none\\\" xml:lang=\\\"DE-DE\\\" lang=\\\"DE-DE\\\" class=\\\"TextRun SCXW175467719 BCX8\\\"><span class=\\\"NormalTextRun SpellingErrorV2 SCXW175467719 BCX8\\\">Telep\\u00edt\\u00e9sre<\\\/span><span class=\\\"NormalTextRun SCXW175467719 BCX8\\\"><span>\\u00a0<\\\/span><\\\/span><span class=\\\"NormalTextRun SpellingErrorV2 SCXW175467719 BCX8\\\">nincs<\\\/span><span class=\\\"NormalTextRun SCXW175467719 BCX8\\\"><span>\\u00a0<\\\/span><\\\/span><span class=\\\"NormalTextRun SpellingErrorV2 SCXW175467719 BCX8\\\">sz\\u00fcks\\u00e9g<\\\/span><\\\/span><span class=\\\"EOP SCXW175467719 BCX8\\\" data-ccp-props=\\\"{&quot;201341983&quot;:0,&quot;335559739&quot;:160,&quot;335559740&quot;:259}\\\">\\u00a0<\\\/span><\\\/li>\\n<\\\/ul>\",\"link\":\"https:\\\/\\\/portal.hobex.at\\\/journal\\\/\",\"link_target\":true,\"panel_style\":\"card-default\",\"title_style\":\"h3\",\"content_style\":\"lead\",\"link_margin\":\"medium\"}}]}]},{\"type\":\"row\",\"props\":{\"layout\":\"1-2,1-2\",\"match\":true},\"children\":[{\"type\":\"column\",\"props\":{\"image_position\":\"center-center\",\"media_overlay_gradient\":\"\",\"width_medium\":\"1-2\"},\"children\":[{\"type\":\"panel\",\"props\":{\"link_text\":\"QCALL CHECKOUT TERMINAL \\u2013 BEL\\u00c8P\\u00c8S\",\"title_hover_style\":\"reset\",\"title_element\":\"h3\",\"title_align\":\"top\",\"title_grid_width\":\"1-2\",\"title_grid_breakpoint\":\"m\",\"meta_style\":\"\",\"meta_align\":\"below-title\",\"meta_element\":\"div\",\"content_column_breakpoint\":\"m\",\"icon_width\":80,\"image_align\":\"top\",\"image_grid_width\":\"1-2\",\"image_grid_breakpoint\":\"m\",\"image_svg_color\":\"emphasis\",\"link_style\":\"primary\",\"margin\":\"default\",\"title\":\"QCALL Checkout Terminal\",\"meta\":\"Fizet\\u00e9si adatok fogad\\u00e1sa telefonon vagy \\u00edr\\u00e1sban (pl. faxon, e-mailben)\",\"content\":\"\n\n<ul>\\n\n\n<li>Webes fel\\u00fclet a telefonon felvett fizet\\u00e9si adatok kezel\\u00e9s\\u00e9re<\\\/li>\\n\n\n<li>Felhaszn\\u00e1lhat\\u00f3 kieg\\u00e9sz\\u00edt\\u0151 fizet\\u00e9si inform\\u00e1ci\\u00f3k kezel\\u00e9s\\u00e9hez (pl. ut\\u00f3rendel\\u00e9s, katal\\u00f3gusos rendel\\u00e9s stb.)<\\\/li>\\n\n\n<li>Fizet\\u00e9si adatok val\\u00f3sidej\\u0171 ellen\\u0151rz\\u00e9se<\\\/li>\\n\n\n<li>Szoftvertelep\\u00edt\\u00e9s n\\u00e9lk\\u00fcl<\\\/li>\\n<\\\/ul>\",\"link\":\"https:\\\/\\\/portal.hobex.at\\\/terminal\\\/\",\"link_target\":true,\"panel_style\":\"card-default\",\"title_style\":\"h3\",\"content_style\":\"lead\",\"link_margin\":\"medium\"}}]},{\"type\":\"column\",\"props\":{\"image_position\":\"center-center\",\"media_overlay_gradient\":\"\",\"width_medium\":\"1-2\"},\"children\":[{\"type\":\"panel\",\"props\":{\"link_text\":\"QFILE CHECKOUT AUTOMATED \\u2013 BEL\\u00c9P\\u00c9S\",\"title_hover_style\":\"reset\",\"title_element\":\"h3\",\"title_align\":\"top\",\"title_grid_width\":\"1-2\",\"title_grid_breakpoint\":\"m\",\"meta_style\":\"\",\"meta_align\":\"below-title\",\"meta_element\":\"div\",\"content_column_breakpoint\":\"m\",\"icon_width\":80,\"image_align\":\"top\",\"image_grid_width\":\"1-2\",\"image_grid_breakpoint\":\"m\",\"image_svg_color\":\"emphasis\",\"link_style\":\"primary\",\"margin\":\"default\",\"title\":\"QFILE Checkout Automated\",\"meta\":\"Fizet\\u00e9si adatok kezel\\u00e9se t\\u00e1bl\\u00e1zatos form\\u00e1ban\",\"content\":\"\n\n<ul>\\n\n\n<li>Webes kezel\\u0151fel\\u00fclet, amelyen kereszt\\u00fcl a fizet\\u00e9si inform\\u00e1ci\\u00f3k t\\u00e1bl\\u00e1zatos form\\u00e1ban ker\\u00fclnek felt\\u00f6lt\\u00e9sre (list\\u00e1k, batch kezel\\u00e9s)<\\\/li>\\n\n\n<li>T\\u00f6k\\u00e9letes megold\\u00e1s a faxon vagy a termin\\u00e1lon leadott k\\u00e1rtyaadatok feldolgoz\\u00e1s\\u00e1hoz<\\\/li>\\n\n\n<li>Gyors visszajelz\\u00e9s a tranzakci\\u00f3 kimenetel\\u00e9r\\u0151l<\\\/li>\\n\n\n<li>Nem sz\\u00fcks\\u00e9ges telep\\u00edt\\u00e9s vagy webes programoz\\u00e1s<\\\/li>\\n<\\\/ul>\",\"link\":\"https:\\\/\\\/portal.hobex.at\\\/automated\",\"link_target\":true,\"panel_style\":\"card-default\",\"title_style\":\"h3\",\"content_style\":\"lead\",\"link_margin\":\"medium\"}}]}]}]},{\"type\":\"section\",\"props\":{\"style\":\"muted\",\"width\":\"default\",\"vertical_align\":\"middle\",\"title_position\":\"top-left\",\"title_rotation\":\"left\",\"title_breakpoint\":\"xl\",\"image_position\":\"center-center\"},\"children\":[{\"type\":\"row\",\"children\":[{\"type\":\"column\",\"props\":{\"image_position\":\"center-center\",\"media_overlay_gradient\":\"\",\"width_medium\":\"\"},\"children\":[{\"type\":\"headline\",\"props\":{\"title_element\":\"h2\",\"content\":\"\n\n<p>Kapcsolat<\\\/p>\",\"title_style\":\"h2\"}},{\"type\":\"text\",\"props\":{\"margin\":\"default\",\"column_breakpoint\":\"m\",\"content\":\"\n\n<p><strong>Tov\\u00e1bbi inform\\u00e1ci\\u00f3k \\u00e9s seg\\u00edts\\u00e9g az \\u00fcgyf\\u00e9lbel\\u00e9p\\u00e9shez:<br \\\/><\\\/strong>Vegye fel vel\\u00fcnk a kapcsolatot a kapcsolatfelv\\u00e9teli \\u0171rlap kit\\u00f6lt\\u00e9s\\u00e9vel, sz\\u00edvesen k\\u00fcld\\u00fcnk \\u00d6nnek tov\\u00e1bbi inform\\u00e1ci\\u00f3kat, \\u00e9s megv\\u00e1laszoljuk k\\u00e9rd\\u00e9seit.<\\\/p>\"}},{\"type\":\"button\",\"props\":{\"grid_column_gap\":\"small\",\"grid_row_gap\":\"small\",\"margin\":\"medium\"},\"children\":[{\"type\":\"button_item\",\"props\":{\"button_style\":\"primary\",\"icon_align\":\"left\",\"content\":\"KAPCSOLATFELV\\u00c9TELI \\u0170RLAP\",\"link\":\"kontakt\\\/\"}}],\"name\":\"zum Kontaktformular Button\"}]}]}]}],\"version\":\"2.4.17\"} --><\/p>\n","protected":false},"excerpt":{"rendered":"<p>\u00dcGYF\u00c9LBEL\u00c9P\u00c9S QPC Payment Center Fel\u00fclet a tranzakci\u00f3s \u00fcgyint\u00e9z\u00e9shez Nincs telep\u00edt\u00e9s Tiszt\u00e1n web alap\u00fa Term\u00e9keink alappill\u00e9re PAYMENT CENTER &#8211; BEL\u00c8P\u00c8S QENTA Checkout Journal A fizet\u00e9si tranzakci\u00f3k r\u00e9szleteinek az anal\u00edzise Az\u00a0\u00d6n\u00a0web\u00e1ruh\u00e1z\u00e1ban\u00a0t\u00f6rt\u00e9nt,a\u00a0fizet\u00e9s\u00a0eredm\u00e9ny\u00e9t\u0151l\u00a0f\u00fcggetlen,\u00a0\u00f6sszes\u00a0tranzakci\u00f3 anal\u00edzis\u00e9re szolg\u00e1l\u00f3\u00a0webalap\u00fa\u00a0fel\u00fclet\u00a0\u00a0 Az\u00a0\u00d6n\u00a0web\u00dfaruh\u00e1z\u00e1ban\u00a0val\u00f3\u00a0integr\u00e1ci\u00f3\u00a0k\u00f6zben\u00a0is\u00a0hasznos\u00a0 Telep\u00edt\u00e9sre\u00a0nincs\u00a0sz\u00fcks\u00e9g\u00a0 QENTA CHECKOUT JOURNAL &#8211; BEL\u00c8P\u00c8S QCALL Checkout Terminal Fizet\u00e9si adatok fogad\u00e1sa telefonon vagy \u00edr\u00e1sban (pl. faxon, e-mailben) Webes fel\u00fclet a telefonon felvett [&hellip;]<\/p>\n","protected":false},"author":2,"featured_media":0,"parent":0,"menu_order":0,"comment_status":"closed","ping_status":"closed","template":"","meta":[],"_links":{"self":[{"href":"https:\/\/sit.hobex.at\/hu\/wp-json\/wp\/v2\/pages\/4865"}],"collection":[{"href":"https:\/\/sit.hobex.at\/hu\/wp-json\/wp\/v2\/pages"}],"about":[{"href":"https:\/\/sit.hobex.at\/hu\/wp-json\/wp\/v2\/types\/page"}],"author":[{"embeddable":true,"href":"https:\/\/sit.hobex.at\/hu\/wp-json\/wp\/v2\/users\/2"}],"replies":[{"embeddable":true,"href":"https:\/\/sit.hobex.at\/hu\/wp-json\/wp\/v2\/comments?post=4865"}],"version-history":[{"count":7,"href":"https:\/\/sit.hobex.at\/hu\/wp-json\/wp\/v2\/pages\/4865\/revisions"}],"predecessor-version":[{"id":8339,"href":"https:\/\/sit.hobex.at\/hu\/wp-json\/wp\/v2\/pages\/4865\/revisions\/8339"}],"wp:attachment":[{"href":"https:\/\/sit.hobex.at\/hu\/wp-json\/wp\/v2\/media?parent=4865"}],"curies":[{"name":"wp","href":"https:\/\/api.w.org\/{rel}","templated":true}]}}