{"id":4911,"date":"2021-02-15T15:47:28","date_gmt":"2021-02-15T14:47:28","guid":{"rendered":"https:\/\/www.qenta.com\/kontakt\/"},"modified":"2023-09-12T15:46:46","modified_gmt":"2023-09-12T13:46:46","slug":"kapcsolat","status":"publish","type":"page","link":"https:\/\/sit.hobex.at\/hu\/kapcsolat\/","title":{"rendered":"Kapcsolat"},"content":{"rendered":"<h2>\n<h1>KAPCSOLAT FELV\u00c8TELE<\/h1>\n<\/h2>\n<h2>\n<p>L\u00e9pjen vel\u00fcnk kapcsolatba-<br \/>A t\u00f6bbir\u0151l mi gondoskodunk<\/p>\n<\/h2>\n<div>\n<p>Ha b\u00e1rmilyen k\u00edv\u00e1ns\u00e1ga vagy k\u00e9rd\u00e9se van, t\u00f6ltse ki a lentebb tal\u00e1lhat\u00f3 \u0171rlapot. Specialist\u00e1kb\u00f3l \u00e1ll\u00f3 csapatunk r\u00f6videsen felveszi \u00d6nnel a kapcsolatot. Minden esetben r\u00f6vid v\u00e1laszid\u0151re sz\u00e1m\u00edthat t\u0151l\u00fcnk.<\/p>\n<\/div>\n<div>\n<p>        <img src=\"\/wp-content\/uploads\/2020\/11\/shutterstock_1712082700-scaled.jpg\" alt=\"\"><\/p>\n<h3>Szem\u00e9lyesen gondoskodunk \u00d6nr\u0151l<\/h3>\n<div>\n<p>Kompetens integr\u00e1ci\u00f3s specialist\u00e1kb\u00f3l \u00e1ll\u00f3 csapatunk nap mint nap azt a c\u00e9lt tartja szem el\u0151tt, hogy a term\u00e9keink-megold\u00e1saink kezelhet\u0151s\u00e9ge egyszer\u0171bb \u00e9s g\u00f6rd\u00fcl\u00e9kenyebb legyen. Ez\u00e9rt a szem\u00e9lyes kapcsolat \u00d6nnel fontos sz\u00e1munkra, ez\u00faton is szeretn\u00e9nk az \u00d6n elv\u00e1r\u00e1saira \u00e9s k\u00edv\u00e1ns\u00e1gaira hangolt megold\u00e1st k\u00edn\u00e1lni.<\/p>\n<\/div>\n<\/div>\n<div>\n<p>        <img src=\"\/wp-content\/uploads\/2021\/02\/Support-scaled.jpg\" alt=\"\"><\/p>\n<h3>Mi t\u00fcntet ki minket?<\/h3>\n<div>\n<ul>\n<li>Specialist\u00e1kb\u00f3l \u00e1ll\u00f3 csapatunk Grazb\u00f3l kezeli \u00fcgyfeleink k\u00e9rd\u00e9seit, k\u00edv\u00e1ns\u00e1gait. Tov\u00e1bb\u00e1 magyar nyelv\u0171 tan\u00e1csad\u00e1st is tudunk ny\u00fajtani.\n<\/li>\n<li>Nem csak a saj\u00e1t rendszereinkhez \u00e9s b\u0151v\u00edtm\u00e9nyeinkhez kapcsol\u00f3d\u00f3 k\u00e9rd\u00e9sekben seg\u00edt\u00fcnk, b\u00e1rmilyen, ehhez a szegmenshez tartoz\u00f3 k\u00e9rd\u00e9st igyeksz\u00fcnk megv\u00e1laszolni.\n<\/li>\n<li>Jelentkezzen az al\u00e1bbi \u0171rlapon \u2013 visszah\u00edvjuk!<\/li>\n<\/ul>\n<\/div>\n<\/div>\n<h1>\n<p>Jelentkezzen az al\u00e1bbi \u0171rlapon \u2013 visszah\u00edvjuk!<\/p>\n<\/h1>\n<div>\n<script type=\"text\/javascript\">var gform;gform||(document.addEventListener(\"gform_main_scripts_loaded\",function(){gform.scriptsLoaded=!0}),window.addEventListener(\"DOMContentLoaded\",function(){gform.domLoaded=!0}),gform={domLoaded:!1,scriptsLoaded:!1,initializeOnLoaded:function(o){gform.domLoaded&&gform.scriptsLoaded?o():!gform.domLoaded&&gform.scriptsLoaded?window.addEventListener(\"DOMContentLoaded\",o):document.addEventListener(\"gform_main_scripts_loaded\",o)},hooks:{action:{},filter:{}},addAction:function(o,n,r,t){gform.addHook(\"action\",o,n,r,t)},addFilter:function(o,n,r,t){gform.addHook(\"filter\",o,n,r,t)},doAction:function(o){gform.doHook(\"action\",o,arguments)},applyFilters:function(o){return gform.doHook(\"filter\",o,arguments)},removeAction:function(o,n){gform.removeHook(\"action\",o,n)},removeFilter:function(o,n,r){gform.removeHook(\"filter\",o,n,r)},addHook:function(o,n,r,t,i){null==gform.hooks[o][n]&&(gform.hooks[o][n]=[]);var e=gform.hooks[o][n];null==i&&(i=n+\"_\"+e.length),gform.hooks[o][n].push({tag:i,callable:r,priority:t=null==t?10:t})},doHook:function(n,o,r){var t;if(r=Array.prototype.slice.call(r,1),null!=gform.hooks[n][o]&&((o=gform.hooks[n][o]).sort(function(o,n){return o.priority-n.priority}),o.forEach(function(o){\"function\"!=typeof(t=o.callable)&&(t=window[t]),\"action\"==n?t.apply(null,r):r[0]=t.apply(null,r)})),\"filter\"==n)return r[0]},removeHook:function(o,n,t,i){var r;null!=gform.hooks[o][n]&&(r=(r=gform.hooks[o][n]).filter(function(o,n,r){return!!(null!=i&&i!=o.tag||null!=t&&t!=o.priority)}),gform.hooks[o][n]=r)}});<\/script>\n                <div class='gf_browser_gecko gform_wrapper gform_legacy_markup_wrapper gform-theme--no-framework Qform_wrapper' data-form-theme='legacy' data-form-index='0' id='gform_wrapper_7' ><div id='gf_7' class='gform_anchor' tabindex='-1'><\/div><form method='post' enctype='multipart\/form-data' target='gform_ajax_frame_7' id='gform_7' class='Qform' action='\/hu\/wp-json\/wp\/v2\/pages\/4911#gf_7' data-formid='7' >\n                        <div class='gform-body gform_body'><ul id='gform_fields_7' class='gform_fields top_label form_sublabel_below description_below'><li id=\"field_7_1\"  class=\"gfield gfield--type-text QformName gfield_contains_required field_sublabel_below gfield--no-description field_description_below gfield_visibility_visible\"  data-js-reload=\"field_7_1\"><label class='gfield_label gform-field-label' for='input_7_1' >N\u00c9V*<span class=\"gfield_required\"><span class=\"gfield_required gfield_required_asterisk\">*<\/span><\/span><\/label><div class='ginput_container ginput_container_text'><input name='input_1' id='input_7_1' type='text' value='' class='large'   tabindex='49'  aria-required=\"true\" aria-invalid=\"false\"   \/> <\/div><\/li><li id=\"field_7_11\"  class=\"gfield gfield--type-email gfield--width-full gfield_contains_required field_sublabel_below gfield--no-description field_description_below gfield_visibility_visible\"  data-js-reload=\"field_7_11\"><label class='gfield_label gform-field-label' for='input_7_11' >E-MAIL<span class=\"gfield_required\"><span class=\"gfield_required gfield_required_asterisk\">*<\/span><\/span><\/label><div class='ginput_container ginput_container_email'>\n                            <input name='input_11' id='input_7_11' type='text' value='' class='large' tabindex='50'   aria-required=\"true\" aria-invalid=\"false\"  \/>\n                        <\/div><\/li><li id=\"field_7_12\"  class=\"gfield gfield--type-phone gfield--width-full gfield_contains_required field_sublabel_below gfield--no-description field_description_below gfield_visibility_visible\"  data-js-reload=\"field_7_12\"><label class='gfield_label gform-field-label' for='input_7_12' >TELEFONSZ\u00c0M<span class=\"gfield_required\"><span class=\"gfield_required gfield_required_asterisk\">*<\/span><\/span><\/label><div class='ginput_container ginput_container_phone'><input name='input_12' id='input_7_12' type='text' value='' class='large' tabindex='51'  aria-required=\"true\" aria-invalid=\"false\"   \/><\/div><\/li><li id=\"field_7_3\"  class=\"gfield gfield--type-textarea QformMessage gfield_contains_required field_sublabel_below gfield--no-description field_description_below gfield_visibility_visible\"  data-js-reload=\"field_7_3\"><label class='gfield_label gform-field-label' for='input_7_3' >\u00dcZENET<span class=\"gfield_required\"><span class=\"gfield_required gfield_required_asterisk\">*<\/span><\/span><\/label><div class='ginput_container ginput_container_textarea'><textarea name='input_3' id='input_7_3' class='textarea medium' tabindex='52'    aria-required=\"true\" aria-invalid=\"false\"   rows='10' cols='50'><\/textarea><\/div><\/li><li id=\"field_7_10\"  class=\"gfield gfield--type-captcha gfield--width-full field_sublabel_below gfield--no-description field_description_below hidden_label gfield_visibility_visible\"  data-js-reload=\"field_7_10\"><label class='gfield_label gform-field-label' for='input_7_10' >CAPTCHA<\/label><div id='input_7_10' class='ginput_container ginput_recaptcha' data-sitekey='6Le6v_kbAAAAAHAMW32VYXCAIlbjLg96HPT-zhIS'  data-theme='light' data-tabindex='-1' data-size='invisible' data-badge='bottomright'><\/div><\/li><li id=\"field_7_13\"  class=\"gfield gfield--type-honeypot gform_validation_container field_sublabel_below gfield--has-description field_description_below gfield_visibility_visible\"  data-js-reload=\"field_7_13\"><label class='gfield_label gform-field-label' for='input_7_13' >Phone<\/label><div class='ginput_container'><input name='input_13' id='input_7_13' type='text' value='' \/><\/div><div class='gfield_description' id='gfield_description_7_13'>Ez a mez\u0151 az \u00e9rv\u00e9nyes\u00edt\u00e9shez van \u00e9s \u00fcresen kell hagyni.<\/div><\/li><\/ul><\/div>\n        <div class='gform_footer top_label'> <input type='submit' id='gform_submit_button_7' class='gform_button button' value='Elk\u00fcld' tabindex='53' onclick='if(window[\"gf_submitting_7\"]){return false;}  window[\"gf_submitting_7\"]=true;  ' onkeypress='if( event.keyCode == 13 ){ if(window[\"gf_submitting_7\"]){return false;} window[\"gf_submitting_7\"]=true;  jQuery(\"#gform_7\").trigger(\"submit\",[true]); }' \/> <input type='hidden' name='gform_ajax' value='form_id=7&amp;title=&amp;description=&amp;tabindex=49' \/>\n            <input type='hidden' class='gform_hidden' name='is_submit_7' value='1' \/>\n            <input type='hidden' class='gform_hidden' name='gform_submit' value='7' \/>\n            \n            <input type='hidden' class='gform_hidden' name='gform_unique_id' value='' \/>\n            <input type='hidden' class='gform_hidden' name='state_7' value='WyJbXSIsIjNmOTIxZGU1OTFlZjZlNWJjMTg4ZTk0YTBmZTEzZGU5Il0=' \/>\n            <input type='hidden' class='gform_hidden' name='gform_target_page_number_7' id='gform_target_page_number_7' value='0' \/>\n            <input type='hidden' class='gform_hidden' name='gform_source_page_number_7' id='gform_source_page_number_7' value='1' \/>\n            <input type='hidden' name='gform_field_values' value='check=First+Choice%2CSecond+Choice' \/>\n            \n        <\/div>\n                        <\/form>\n                        <\/div>\n\t\t                <iframe style='display:none;width:0px;height:0px;' src='about:blank' name='gform_ajax_frame_7' id='gform_ajax_frame_7' title='This iframe contains the logic required to handle Ajax powered Gravity Forms.'><\/iframe>\n\t\t                <script type=\"text\/javascript\">\ngform.initializeOnLoaded( function() {gformInitSpinner( 7, 'https:\/\/sit.hobex.at\/wp-content\/plugins\/gravityforms\/images\/spinner.svg', true );jQuery('#gform_ajax_frame_7').on('load',function(){var contents = jQuery(this).contents().find('*').html();var is_postback = contents.indexOf('GF_AJAX_POSTBACK') >= 0;if(!is_postback){return;}var form_content = jQuery(this).contents().find('#gform_wrapper_7');var is_confirmation = jQuery(this).contents().find('#gform_confirmation_wrapper_7').length > 0;var is_redirect = contents.indexOf('gformRedirect(){') >= 0;var is_form = form_content.length > 0 && ! is_redirect && ! is_confirmation;var mt = parseInt(jQuery('html').css('margin-top'), 10) + parseInt(jQuery('body').css('margin-top'), 10) + 100;if(is_form){jQuery('#gform_wrapper_7').html(form_content.html());if(form_content.hasClass('gform_validation_error')){jQuery('#gform_wrapper_7').addClass('gform_validation_error');} else {jQuery('#gform_wrapper_7').removeClass('gform_validation_error');}setTimeout( function() { \/* delay the scroll by 50 milliseconds to fix a bug in chrome *\/ jQuery(document).scrollTop(jQuery('#gform_wrapper_7').offset().top - mt); }, 50 );if(window['gformInitDatepicker']) {gformInitDatepicker();}if(window['gformInitPriceFields']) {gformInitPriceFields();}var current_page = jQuery('#gform_source_page_number_7').val();gformInitSpinner( 7, 'https:\/\/sit.hobex.at\/wp-content\/plugins\/gravityforms\/images\/spinner.svg', true );jQuery(document).trigger('gform_page_loaded', [7, current_page]);window['gf_submitting_7'] = false;}else if(!is_redirect){var confirmation_content = jQuery(this).contents().find('.GF_AJAX_POSTBACK').html();if(!confirmation_content){confirmation_content = contents;}setTimeout(function(){jQuery('#gform_wrapper_7').replaceWith(confirmation_content);jQuery(document).scrollTop(jQuery('#gf_7').offset().top - mt);jQuery(document).trigger('gform_confirmation_loaded', [7]);window['gf_submitting_7'] = false;wp.a11y.speak(jQuery('#gform_confirmation_message_7').text());}, 50);}else{jQuery('#gform_7').append(contents);if(window['gformRedirect']) {gformRedirect();}}jQuery(document).trigger('gform_post_render', [7, current_page]);gform.utils.trigger({ event: 'gform\/postRender', native: false, data: { formId: 7, currentPage: current_page } });} );} );\n<\/script>\n\n<\/div>\n<h3>\n<p>Specialist\u00e1ink r\u00f6videsen felveszik \u00d6nnel a kapcsolatot.<\/p>\n<\/h3>\n<p><img src=\"\/wp-content\/uploads\/2021\/07\/Gergoe_Transparent.png\" alt=\"Gerg\u00f6 Szalai \u2013 Key Account Manager Magyarorsz\u00e1g\"><\/p>\n<div>\n<p>Gerg\u00f6 Szalai \u2013 Key Account Manager Magyarorsz\u00e1g<\/p>\n<\/div>\n<p><!--more--><br \/>\n<!-- {\"name\":\"Contact\",\"type\":\"layout\",\"children\":[{\"name\":\"Header\",\"type\":\"section\",\"props\":{\"width\":\"default\",\"padding\":\"large\",\"style\":\"secondary\",\"media\":\"images\\\/home-quality.jpg\",\"height_viewport\":false,\"image\":\"wp-content\\\/uploads\\\/2023\\\/09\\\/Header-5-scaled-8f3b98c8.jpeg\",\"animation\":\"fade\",\"image_size\":\"cover\",\"image_position\":\"center-center\",\"vertical_align\":\"middle\",\"title_position\":\"top-left\",\"title_rotation\":\"left\",\"title_breakpoint\":\"xl\",\"image_width\":\"2560\"},\"children\":[{\"name\":\"\",\"type\":\"row\",\"children\":[{\"name\":\"\",\"type\":\"column\",\"props\":{\"image_position\":\"center-center\",\"media_overlay_gradient\":\"\",\"width_medium\":\"1-1\"},\"children\":[{\"name\":\"\",\"type\":\"headline\",\"props\":{\"title_element\":\"h2\",\"content\":\"\n\n<h1>KAPCSOLAT FELV\\u00c8TELE<\\\/h1>\",\"title_style\":\"h1\",\"text_align\":\"left\",\"maxwidth\":\"large\",\"margin\":\"medium\",\"title_color\":\"primary\"}}]}]}]},{\"type\":\"section\",\"props\":{\"style\":\"default\",\"width\":\"default\",\"vertical_align\":\"middle\",\"title_position\":\"top-left\",\"title_rotation\":\"left\",\"title_breakpoint\":\"xl\",\"image_position\":\"center-center\",\"image\":\"\"},\"children\":[{\"type\":\"row\",\"props\":{\"margin_remove_top\":true,\"margin_remove_bottom\":true},\"children\":[{\"type\":\"column\",\"props\":{\"image_position\":\"center-center\",\"media_overlay_gradient\":\"\",\"width_medium\":\"\"},\"children\":[{\"type\":\"headline\",\"props\":{\"title_element\":\"h2\",\"title_style\":\"h2\",\"content\":\"\n\n<p>L\\u00e9pjen vel\\u00fcnk kapcsolatba-<br \\\/>A t\\u00f6bbir\\u0151l mi gondoskodunk<\\\/p>\"}},{\"type\":\"text\",\"props\":{\"margin\":\"\",\"column_breakpoint\":\"m\",\"content\":\"\n\n<p>Ha b\\u00e1rmilyen k\\u00edv\\u00e1ns\\u00e1ga vagy k\\u00e9rd\\u00e9se van, t\\u00f6ltse ki a lentebb tal\\u00e1lhat\\u00f3 \\u0171rlapot. Specialist\\u00e1kb\\u00f3l \\u00e1ll\\u00f3 csapatunk r\\u00f6videsen felveszi \\u00d6nnel a kapcsolatot. Minden esetben r\\u00f6vid v\\u00e1laszid\\u0151re sz\\u00e1m\\u00edthat t\\u0151l\\u00fcnk.<\\\/p>\",\"text_style\":\"lead\",\"margin_remove_bottom\":false,\"margin_remove_top\":false,\"text_align\":\"left\"}}]}]},{\"type\":\"row\",\"props\":{\"layout\":\"1-2,1-2\",\"match\":true},\"children\":[{\"type\":\"column\",\"props\":{\"image_position\":\"center-center\",\"media_overlay_gradient\":\"\",\"width_medium\":\"1-2\"},\"children\":[{\"type\":\"panel\",\"props\":{\"link_text\":\"Read more\",\"title_hover_style\":\"reset\",\"title_element\":\"h3\",\"title_align\":\"top\",\"title_grid_width\":\"1-2\",\"title_grid_breakpoint\":\"m\",\"meta_style\":\"\",\"meta_align\":\"below-title\",\"meta_element\":\"div\",\"content_column_breakpoint\":\"m\",\"icon_width\":80,\"image_align\":\"top\",\"image_grid_width\":\"1-2\",\"image_grid_breakpoint\":\"m\",\"image_svg_color\":\"emphasis\",\"link_style\":\"default\",\"margin\":\"default\",\"title\":\"Szem\\u00e9lyesen gondoskodunk \\u00d6nr\\u0151l\",\"meta\":\"\",\"content\":\"\n\n<p>Kompetens integr\\u00e1ci\\u00f3s specialist\\u00e1kb\\u00f3l \\u00e1ll\\u00f3 csapatunk nap mint nap azt a c\\u00e9lt tartja szem el\\u0151tt, hogy a term\\u00e9keink-megold\\u00e1saink kezelhet\\u0151s\\u00e9ge egyszer\\u0171bb \\u00e9s g\\u00f6rd\\u00fcl\\u00e9kenyebb legyen. Ez\\u00e9rt a szem\\u00e9lyes kapcsolat \\u00d6nnel fontos sz\\u00e1munkra, ez\\u00faton is szeretn\\u00e9nk az \\u00d6n elv\\u00e1r\\u00e1saira \\u00e9s k\\u00edv\\u00e1ns\\u00e1gaira hangolt megold\\u00e1st k\\u00edn\\u00e1lni.<\\\/p>\",\"image\":\"wp-content\\\/uploads\\\/2020\\\/11\\\/shutterstock_1712082700-scaled.jpg\",\"panel_style\":\"card-primary\",\"content_style\":\"lead\"}}]},{\"type\":\"column\",\"props\":{\"image_position\":\"center-center\",\"media_overlay_gradient\":\"\",\"width_medium\":\"1-2\"},\"children\":[{\"type\":\"panel\",\"props\":{\"link_text\":\"Read more\",\"title_hover_style\":\"reset\",\"title_element\":\"h3\",\"title_align\":\"top\",\"title_grid_width\":\"1-2\",\"title_grid_breakpoint\":\"m\",\"meta_style\":\"meta\",\"meta_align\":\"below-title\",\"meta_element\":\"div\",\"content_column_breakpoint\":\"m\",\"icon_width\":80,\"image_align\":\"top\",\"image_grid_width\":\"1-2\",\"image_grid_breakpoint\":\"m\",\"image_svg_color\":\"emphasis\",\"link_style\":\"default\",\"margin\":\"default\",\"content\":\"\n\n<ul>\\n\n\n<li>Specialist\\u00e1kb\\u00f3l \\u00e1ll\\u00f3 csapatunk Grazb\\u00f3l kezeli \\u00fcgyfeleink k\\u00e9rd\\u00e9seit, k\\u00edv\\u00e1ns\\u00e1gait. Tov\\u00e1bb\\u00e1 magyar nyelv\\u0171 tan\\u00e1csad\\u00e1st is tudunk ny\\u00fajtani.<br \\\/><br \\\/><\\\/li>\\n\n\n<li>Nem csak a saj\\u00e1t rendszereinkhez \\u00e9s b\\u0151v\\u00edtm\\u00e9nyeinkhez kapcsol\\u00f3d\\u00f3 k\\u00e9rd\\u00e9sekben seg\\u00edt\\u00fcnk, b\\u00e1rmilyen, ehhez a szegmenshez tartoz\\u00f3 k\\u00e9rd\\u00e9st igyeksz\\u00fcnk megv\\u00e1laszolni.<br \\\/><br \\\/><\\\/li>\\n\n\n<li>Jelentkezzen az al\\u00e1bbi \\u0171rlapon \\u2013 visszah\\u00edvjuk!<\\\/li>\\n<\\\/ul>\",\"title\":\"Mi t\\u00fcntet ki minket?\",\"image\":\"wp-content\\\/uploads\\\/2021\\\/02\\\/Support-scaled.jpg\",\"panel_style\":\"card-secondary\",\"content_style\":\"lead\"}}]}]}]},{\"type\":\"section\",\"props\":{\"style\":\"muted\",\"width\":\"default\",\"vertical_align\":\"middle\",\"title_position\":\"top-left\",\"title_rotation\":\"left\",\"title_breakpoint\":\"xl\",\"image_position\":\"center-center\"},\"children\":[{\"type\":\"row\",\"children\":[{\"type\":\"column\",\"props\":{\"image_position\":\"center-center\",\"media_overlay_gradient\":\"\"},\"children\":[{\"type\":\"headline\",\"props\":{\"title_element\":\"h1\",\"content\":\"\n\n<p>Jelentkezzen az al\\u00e1bbi \\u0171rlapon \\u2013 visszah\\u00edvjuk!<\\\/p>\",\"title_style\":\"h2\"}},{\"type\":\"text\",\"props\":{\"margin\":\"default\",\"column_breakpoint\":\"m\",\"content\":\"\n\n<p>[gravityform id=\\\"7\\\" title=\\\"false\\\" description=\\\"false\\\" ajax=\\\"true\\\" tabindex=\\\"49\\\" field_values=\\\"check=First Choice,Second Choice\\\"]<\\\/p>\"}}]}]}]},{\"type\":\"section\",\"props\":{\"style\":\"default\",\"width\":\"default\",\"vertical_align\":\"middle\",\"title_position\":\"top-left\",\"title_rotation\":\"left\",\"title_breakpoint\":\"xl\",\"image_position\":\"center-center\"},\"children\":[{\"type\":\"row\",\"children\":[{\"type\":\"column\",\"props\":{\"image_position\":\"center-center\",\"media_overlay_gradient\":\"\",\"width_medium\":\"\"},\"children\":[{\"type\":\"headline\",\"props\":{\"title_element\":\"h3\",\"title_style\":\"h3\",\"content\":\"\n\n<p>Specialist\\u00e1ink r\\u00f6videsen felveszik \\u00d6nnel a kapcsolatot.<\\\/p>\",\"text_align\":\"center\"}},{\"type\":\"image\",\"props\":{\"margin\":\"default\",\"image_svg_color\":\"emphasis\",\"image\":\"wp-content\\\/uploads\\\/2021\\\/07\\\/Gergoe_Transparent.png\",\"image_border\":\"rounded\",\"position\":\"relative\",\"image_alt\":\"Gerg\\u00f6 Szalai \\u2013 Key Account Manager Magyarorsz\\u00e1g\",\"position_left\":\"0\",\"text_align\":\"center\"},\"name\":\"\"},{\"type\":\"text\",\"props\":{\"margin\":\"default\",\"column_breakpoint\":\"m\",\"content\":\"\n\n<p>Gerg\\u00f6 Szalai \\u2013 Key Account Manager Magyarorsz\\u00e1g<\\\/p>\",\"text_align\":\"center\"}}]}],\"props\":{\"match\":true,\"divider\":false}}]}],\"version\":\"2.4.17\"} --><\/p>\n","protected":false},"excerpt":{"rendered":"<p>KAPCSOLAT FELV\u00c8TELE L\u00e9pjen vel\u00fcnk kapcsolatba-A t\u00f6bbir\u0151l mi gondoskodunk Ha b\u00e1rmilyen k\u00edv\u00e1ns\u00e1ga vagy k\u00e9rd\u00e9se van, t\u00f6ltse ki a lentebb tal\u00e1lhat\u00f3 \u0171rlapot. Specialist\u00e1kb\u00f3l \u00e1ll\u00f3 csapatunk r\u00f6videsen felveszi \u00d6nnel a kapcsolatot. Minden esetben r\u00f6vid v\u00e1laszid\u0151re sz\u00e1m\u00edthat t\u0151l\u00fcnk. Szem\u00e9lyesen gondoskodunk \u00d6nr\u0151l Kompetens integr\u00e1ci\u00f3s specialist\u00e1kb\u00f3l \u00e1ll\u00f3 csapatunk nap mint nap azt a c\u00e9lt tartja szem el\u0151tt, hogy a term\u00e9keink-megold\u00e1saink kezelhet\u0151s\u00e9ge [&hellip;]<\/p>\n","protected":false},"author":2,"featured_media":0,"parent":0,"menu_order":0,"comment_status":"closed","ping_status":"closed","template":"","meta":[],"_links":{"self":[{"href":"https:\/\/sit.hobex.at\/hu\/wp-json\/wp\/v2\/pages\/4911"}],"collection":[{"href":"https:\/\/sit.hobex.at\/hu\/wp-json\/wp\/v2\/pages"}],"about":[{"href":"https:\/\/sit.hobex.at\/hu\/wp-json\/wp\/v2\/types\/page"}],"author":[{"embeddable":true,"href":"https:\/\/sit.hobex.at\/hu\/wp-json\/wp\/v2\/users\/2"}],"replies":[{"embeddable":true,"href":"https:\/\/sit.hobex.at\/hu\/wp-json\/wp\/v2\/comments?post=4911"}],"version-history":[{"count":6,"href":"https:\/\/sit.hobex.at\/hu\/wp-json\/wp\/v2\/pages\/4911\/revisions"}],"predecessor-version":[{"id":7398,"href":"https:\/\/sit.hobex.at\/hu\/wp-json\/wp\/v2\/pages\/4911\/revisions\/7398"}],"wp:attachment":[{"href":"https:\/\/sit.hobex.at\/hu\/wp-json\/wp\/v2\/media?parent=4911"}],"curies":[{"name":"wp","href":"https:\/\/api.w.org\/{rel}","templated":true}]}}