{"id":4914,"date":"2021-01-26T16:59:09","date_gmt":"2021-01-26T15:59:09","guid":{"rendered":"https:\/\/www.qenta.com\/payment-partnerprogramm\/"},"modified":"2021-06-11T12:10:29","modified_gmt":"2021-06-11T10:10:29","slug":"qenta-partnerprogram","status":"publish","type":"page","link":"https:\/\/sit.hobex.at\/hu\/qenta-partnerprogram\/","title":{"rendered":"A Qenta Partnerprogram"},"content":{"rendered":"<h1>\n<h1><strong>A QENTA PARTNERPROGRAM<\/strong><\/h1>\n<\/h1>\n<h2>\n<p>A QENTA partnerprogramja \u00e9s \u00fcgyf\u00e9lh\u00e1l\u00f3zata<\/p>\n<\/h2>\n<div>\n<p>Egy v\u00e1llalkoz\u00e1s mindig annyira er\u0151s, amennyire az \u00fcgyf\u00e9lh\u00e1l\u00f3zata. A QENTA Payment CEE Ausztri\u00e1ban \u00e9s Eur\u00f3pa t\u00f6bbi r\u00e9sz\u00e9n is er\u0151s egy\u00fcttm\u0171k\u00f6d\u00e9st tart fenn kompetens partnerekkel. Ebben az egy\u00fcttm\u0171k\u00f6d\u00e9sben t\u00e9nyleges t\u00f6bblet\u00e9rt\u00e9ket \u00e9r\u00fcnk el \u00fcgyfeleink sz\u00e1m\u00e1ra.<\/p>\n<p>A QENTA partnerek\u00e9nt \u00d6n a k\u00f6vetkez\u0151 el\u0151ny\u00f6kh\u00f6z jut:<\/p>\n<ul>\n<li>Szinergiahat\u00e1s az egy\u00fcttes jelenl\u00e9t alapj\u00e1n<\/li>\n<li>Sz\u00e9lesk\u00f6r\u0171 technikai t\u00e1mogat\u00e1s<\/li>\n<li>A j\u00f6v\u0151ben: megeml\u00edt\u00e9s \u00e9s linkelt hivatkoz\u00e1s a weboldalunkon<\/li>\n<\/ul>\n<\/div>\n<p><img src=\"\/wp-content\/uploads\/2021\/01\/cytonn-photography-n95VMLxqM2I-unsplash-scaled.jpg\" alt=\"\"><\/p>\n<div>\n<h3><strong>A partnerkapcsolat lehet\u0151s\u00e9gei<\/strong><\/h3>\n<ul>\n<li><strong>Szolg\u00e1ltat\u00e1si partner:<\/strong> tal\u00e1ljon egy olyan partnert, aki a k\u00f6vetkez\u0151 ter\u00fcletekre specializ\u00e1l\u00f3dott: p\u00e9nz\u00fcgy \u00e9s igazgat\u00e1s, marketing, tan\u00e1csad\u00e1s, technikai integr\u00e1ci\u00f3\/webdesign, \u00e1tfog\u00f3 megold\u00e1sok\n<\/li>\n<li><strong>Integr\u00e1ci\u00f3s partner:<\/strong> technikai t\u00e1mogat\u00e1s; QENTA ShopPlugin-ek, shoprendszerek \u00e9s megold\u00e1sok<\/li>\n<\/ul>\n<\/div>\n<h2>\n<p>A QENTA fizet\u00e9si h\u00e1l\u00f3zat el\u0151nyei<\/p>\n<\/h2>\n<div>\n<h3>Kommunik\u00e1ci\u00f3<\/h3>\n<div>\n<ul>\n<li>Sajt\u00f3cikkek k\u00f6zz\u00e9t\u00e9tele, melyek a partnerkapcsolatunkat \u00e9s a k\u00f6z\u00f6s \u00fcgyf\u00e9lprojekteket mutatj\u00e1k be<\/li>\n<li>Tegye teljess\u00e9 a szolg\u00e1ltat\u00e1sait a portf\u00f3li\u00f3ja kib\u0151v\u00edt\u00e9s\u00e9vel a fizet\u00e9si megold\u00e1saink \u00e1ltal<\/li>\n<li>A j\u00f6v\u0151ben: az \u00d6n v\u00e1llalkoz\u00e1sa helyet kap weboldalunkon: c\u00e9ge log\u00f3j\u00e1nak bemutat\u00e1sa, szolg\u00e1ltat\u00e1sainak le\u00edr\u00e1sa<\/li>\n<\/ul>\n<\/div>\n<\/div>\n<div>\n<h3>Elad\u00e1s<\/h3>\n<div>\n<ul>\n<li>Az \u00d6n v\u00e1llalkoz\u00e1sa arculat\u00e1hoz igaz\u00edtott \u00e9rt\u00e9kes\u00edt\u00e9si dokumentumok elk\u00e9sz\u00edt\u00e9se<\/li>\n<li>Szem\u00e9lyes partnermanager minden k\u00e9rd\u00e9sre a kooper\u00e1ci\u00f3n bel\u00fcl<\/li>\n<li>Csak egy kapcsolattart\u00f3 az \u00f6sszes \u00fcgyf\u00e9lprojektre<\/li>\n<li>\u00c9rt\u00e9kes\u00edt\u00e9si oktat\u00e1s az \u00d6n csapat\u00e1nak<\/li>\n<\/ul>\n<\/div>\n<\/div>\n<div>\n<h3>Technika<\/h3>\n<div>\n<ul>\n<li>Hozz\u00e1f\u00e9r\u00e9s az \u00f6sszes technikai dokument\u00e1ci\u00f3hoz \u00e9s integr\u00e1ci\u00f3s p\u00e9ld\u00e1khoz<\/li>\n<li>Technikai seg\u00edts\u00e9gny\u00fajt\u00e1s a Support-csapat \u00e1ltal<\/li>\n<li>Betan\u00edt\u00e1si aj\u00e1nlat az \u00d6n csapata sz\u00e1m\u00e1ra<\/li>\n<\/ul>\n<\/div>\n<\/div>\n<div>\n<h2><strong>Kapcsolat<\/strong><\/h2>\n<p>Amennyiben felkeltett\u00fck \u00e9rdekl\u0151d\u00e9s\u00e9t partnerprogramunk ir\u00e1nt, k\u00e9rj\u00fck, vegye fel vel\u00fcnk a kapcsolatot. Sz\u00edvesen seg\u00edt\u00fcnk \u00d6nnek.<\/p>\n<\/div>\n<p>\n    <a href=\"\/hu\/kontakt\/\">KAPCSOLAT<\/a>\n<\/p>\n<p><!--more--><br \/>\n<!-- {\"name\":\"Home\",\"type\":\"layout\",\"children\":[{\"name\":\"Teaser\",\"type\":\"section\",\"props\":{\"width\":\"default\",\"padding\":\"large\",\"style\":\"secondary\",\"media\":\"images\\\/home-quality.jpg\",\"height_viewport\":false,\"image\":\"wp-content\\\/uploads\\\/2020\\\/10\\\/Header-9-1-scaled.jpg\",\"animation\":\"fade\",\"image_position\":\"center-center\",\"vertical_align\":\"middle\",\"title_position\":\"top-left\",\"title_rotation\":\"left\",\"title_breakpoint\":\"xl\"},\"children\":[{\"name\":\"\",\"type\":\"row\",\"children\":[{\"name\":\"\",\"type\":\"column\",\"props\":{\"image_position\":\"center-center\",\"media_overlay_gradient\":\"\",\"width_medium\":\"1-1\"},\"children\":[{\"name\":\"\",\"type\":\"headline\",\"props\":{\"title_element\":\"h1\",\"content\":\"\n\n<h1><strong>A QENTA PARTNERPROGRAM<\\\/strong><\\\/h1>\",\"title_style\":\"h1\",\"text_align\":\"left\",\"maxwidth\":\"large\",\"margin\":\"medium\",\"title_color\":\"primary\"}}]}],\"props\":{\"margin_remove_bottom\":false,\"margin\":\"default\"}}]},{\"name\":\"Payment Partnerprogramm\",\"type\":\"section\",\"props\":{\"width\":\"default\",\"style\":\"default\",\"media\":\"\",\"height_viewport\":false,\"header_overlay\":\"light\",\"animation\":\"slide-top-medium\",\"padding_remove_top\":false,\"image_size\":\"cover\",\"image_position\":\"center-center\",\"vertical_align\":\"middle\",\"title_position\":\"top-left\",\"title_rotation\":\"left\",\"title_breakpoint\":\"xl\",\"animation_delay\":\"200\",\"padding_remove_bottom\":true,\"title\":\"Payment Partnerprogramm\",\"id\":\"payment-partnerprogramm\"},\"children\":[{\"name\":\"\",\"type\":\"row\",\"children\":[{\"name\":\"\",\"type\":\"column\",\"props\":{\"image_position\":\"center-center\",\"media_overlay_gradient\":\"\",\"width_medium\":\"1-1\"},\"children\":[{\"name\":\"\",\"type\":\"headline\",\"props\":{\"title_element\":\"h2\",\"content\":\"\n\n<p>A QENTA partnerprogramja \\u00e9s \\u00fcgyf\\u00e9lh\\u00e1l\\u00f3zata<\\\/p>\",\"text_align\":\"left\",\"text_align_fallback\":\"center\",\"title_style\":\"h2\"}},{\"type\":\"text\",\"props\":{\"margin\":\"medium\",\"column_breakpoint\":\"m\",\"content\":\"\n\n<p>Egy v\\u00e1llalkoz\\u00e1s mindig annyira er\\u0151s, amennyire az \\u00fcgyf\\u00e9lh\\u00e1l\\u00f3zata. A QENTA Payment CEE Ausztri\\u00e1ban \\u00e9s Eur\\u00f3pa t\\u00f6bbi r\\u00e9sz\\u00e9n is er\\u0151s egy\\u00fcttm\\u0171k\\u00f6d\\u00e9st tart fenn kompetens partnerekkel. Ebben az egy\\u00fcttm\\u0171k\\u00f6d\\u00e9sben t\\u00e9nyleges t\\u00f6bblet\\u00e9rt\\u00e9ket \\u00e9r\\u00fcnk el \\u00fcgyfeleink sz\\u00e1m\\u00e1ra.<\\\/p>\\n\n\n<p>A QENTA partnerek\\u00e9nt \\u00d6n a k\\u00f6vetkez\\u0151 el\\u0151ny\\u00f6kh\\u00f6z jut:<\\\/p>\\n\n\n<ul>\\n\n\n<li>Szinergiahat\\u00e1s az egy\\u00fcttes jelenl\\u00e9t alapj\\u00e1n<\\\/li>\\n\n\n<li>Sz\\u00e9lesk\\u00f6r\\u0171 technikai t\\u00e1mogat\\u00e1s<\\\/li>\\n\n\n<li>A j\\u00f6v\\u0151ben: megeml\\u00edt\\u00e9s \\u00e9s linkelt hivatkoz\\u00e1s a weboldalunkon<\\\/li>\\n<\\\/ul>\",\"text_style\":\"lead\"}}]}],\"props\":{\"margin_remove_top\":false}}]},{\"type\":\"section\",\"props\":{\"style\":\"default\",\"width\":\"default\",\"vertical_align\":\"middle\",\"title_position\":\"top-left\",\"title_rotation\":\"left\",\"title_breakpoint\":\"xl\",\"image_position\":\"center-center\"},\"children\":[{\"type\":\"row\",\"props\":{\"layout\":\"1-2,1-2\"},\"children\":[{\"type\":\"column\",\"props\":{\"image_position\":\"center-center\",\"media_overlay_gradient\":\"\",\"width_medium\":\"1-2\"},\"children\":[{\"type\":\"image\",\"props\":{\"margin\":\"default\",\"image_svg_color\":\"emphasis\",\"image\":\"wp-content\\\/uploads\\\/2021\\\/01\\\/cytonn-photography-n95VMLxqM2I-unsplash-scaled.jpg\"}}]},{\"type\":\"column\",\"props\":{\"image_position\":\"center-center\",\"media_overlay_gradient\":\"\",\"width_medium\":\"1-2\"},\"children\":[{\"type\":\"text\",\"props\":{\"margin\":\"default\",\"column_breakpoint\":\"m\",\"content\":\"\n\n<h3><strong>A partnerkapcsolat lehet\\u0151s\\u00e9gei<\\\/strong><\\\/h3>\\n\n\n<ul>\\n\n\n<li><strong>Szolg\\u00e1ltat\\u00e1si partner:<\\\/strong> tal\\u00e1ljon egy olyan partnert, aki a k\\u00f6vetkez\\u0151 ter\\u00fcletekre specializ\\u00e1l\\u00f3dott: p\\u00e9nz\\u00fcgy \\u00e9s igazgat\\u00e1s, marketing, tan\\u00e1csad\\u00e1s, technikai integr\\u00e1ci\\u00f3\\\/webdesign, \\u00e1tfog\\u00f3 megold\\u00e1sok<br \\\/><br \\\/><\\\/li>\\n\n\n<li><strong>Integr\\u00e1ci\\u00f3s partner:<\\\/strong> technikai t\\u00e1mogat\\u00e1s; QENTA ShopPlugin-ek, shoprendszerek \\u00e9s megold\\u00e1sok<\\\/li>\\n<\\\/ul>\",\"text_style\":\"lead\"}}]}]}]},{\"type\":\"section\",\"props\":{\"style\":\"muted\",\"width\":\"default\",\"vertical_align\":\"middle\",\"title_position\":\"top-left\",\"title_rotation\":\"left\",\"title_breakpoint\":\"xl\",\"image_position\":\"center-center\",\"id\":\"payment-netzwerk\",\"title\":\"Payment Netzwerk\"},\"children\":[{\"type\":\"row\",\"children\":[{\"type\":\"column\",\"props\":{\"image_position\":\"center-center\",\"media_overlay_gradient\":\"\",\"width_medium\":\"\"},\"children\":[{\"name\":\"\",\"type\":\"headline\",\"props\":{\"title_element\":\"h2\",\"content\":\"\n\n<p>A QENTA fizet\\u00e9si h\\u00e1l\\u00f3zat el\\u0151nyei<\\\/p>\",\"text_align\":\"left\",\"text_align_fallback\":\"center\",\"title_style\":\"h2\"}}]}]},{\"type\":\"row\",\"props\":{\"layout\":\"1-3,1-3,1-3\"},\"children\":[{\"type\":\"column\",\"props\":{\"image_position\":\"center-center\",\"media_overlay_gradient\":\"\",\"width_medium\":\"1-3\"},\"children\":[{\"type\":\"panel\",\"props\":{\"link_text\":\"Read more\",\"title_hover_style\":\"reset\",\"title_element\":\"h3\",\"title_align\":\"top\",\"title_grid_width\":\"1-2\",\"title_grid_breakpoint\":\"m\",\"meta_style\":\"meta\",\"meta_align\":\"below-title\",\"meta_element\":\"div\",\"content_column_breakpoint\":\"m\",\"icon_width\":80,\"image_align\":\"top\",\"image_grid_width\":\"1-2\",\"image_grid_breakpoint\":\"m\",\"image_svg_color\":\"emphasis\",\"link_style\":\"default\",\"margin\":\"default\",\"title\":\"Kommunik\\u00e1ci\\u00f3\",\"content\":\"\n\n<ul>\\n\n\n<li>Sajt\\u00f3cikkek k\\u00f6zz\\u00e9t\\u00e9tele, melyek a partnerkapcsolatunkat \\u00e9s a k\\u00f6z\\u00f6s \\u00fcgyf\\u00e9lprojekteket mutatj\\u00e1k be<\\\/li>\\n\n\n<li>Tegye teljess\\u00e9 a szolg\\u00e1ltat\\u00e1sait a portf\\u00f3li\\u00f3ja kib\\u0151v\\u00edt\\u00e9s\\u00e9vel a fizet\\u00e9si megold\\u00e1saink \\u00e1ltal<\\\/li>\\n\n\n<li>A j\\u00f6v\\u0151ben: az \\u00d6n v\\u00e1llalkoz\\u00e1sa helyet kap weboldalunkon: c\\u00e9ge log\\u00f3j\\u00e1nak bemutat\\u00e1sa, szolg\\u00e1ltat\\u00e1sainak le\\u00edr\\u00e1sa<\\\/li>\\n<\\\/ul>\",\"icon\":\"comments\",\"icon_color\":\"emphasis\"}}]},{\"type\":\"column\",\"props\":{\"image_position\":\"center-center\",\"media_overlay_gradient\":\"\",\"width_medium\":\"1-3\"},\"children\":[{\"type\":\"panel\",\"props\":{\"link_text\":\"Read more\",\"title_hover_style\":\"reset\",\"title_element\":\"h3\",\"title_align\":\"top\",\"title_grid_width\":\"1-2\",\"title_grid_breakpoint\":\"m\",\"meta_style\":\"meta\",\"meta_align\":\"below-title\",\"meta_element\":\"div\",\"content_column_breakpoint\":\"m\",\"icon_width\":80,\"image_align\":\"top\",\"image_grid_width\":\"1-2\",\"image_grid_breakpoint\":\"m\",\"image_svg_color\":\"emphasis\",\"link_style\":\"default\",\"margin\":\"default\",\"title\":\"Elad\\u00e1s\",\"content\":\"\n\n<ul>\\n\n\n<li>Az \\u00d6n v\\u00e1llalkoz\\u00e1sa arculat\\u00e1hoz igaz\\u00edtott \\u00e9rt\\u00e9kes\\u00edt\\u00e9si dokumentumok elk\\u00e9sz\\u00edt\\u00e9se<\\\/li>\\n\n\n<li>Szem\\u00e9lyes partnermanager minden k\\u00e9rd\\u00e9sre a kooper\\u00e1ci\\u00f3n bel\\u00fcl<\\\/li>\\n\n\n<li>Csak egy kapcsolattart\\u00f3 az \\u00f6sszes \\u00fcgyf\\u00e9lprojektre<\\\/li>\\n\n\n<li>\\u00c9rt\\u00e9kes\\u00edt\\u00e9si oktat\\u00e1s az \\u00d6n csapat\\u00e1nak<\\\/li>\\n<\\\/ul>\",\"icon\":\"users\",\"icon_color\":\"emphasis\"}}]},{\"type\":\"column\",\"props\":{\"image_position\":\"center-center\",\"media_overlay_gradient\":\"\",\"width_medium\":\"1-3\"},\"children\":[{\"type\":\"panel\",\"props\":{\"link_text\":\"Read more\",\"title_hover_style\":\"reset\",\"title_element\":\"h3\",\"title_align\":\"top\",\"title_grid_width\":\"1-2\",\"title_grid_breakpoint\":\"m\",\"meta_style\":\"meta\",\"meta_align\":\"below-title\",\"meta_element\":\"div\",\"content_column_breakpoint\":\"m\",\"icon_width\":80,\"image_align\":\"top\",\"image_grid_width\":\"1-2\",\"image_grid_breakpoint\":\"m\",\"image_svg_color\":\"emphasis\",\"link_style\":\"default\",\"margin\":\"default\",\"title\":\"Technika\",\"content\":\"\n\n<ul>\\n\n\n<li>Hozz\\u00e1f\\u00e9r\\u00e9s az \\u00f6sszes technikai dokument\\u00e1ci\\u00f3hoz \\u00e9s integr\\u00e1ci\\u00f3s p\\u00e9ld\\u00e1khoz<\\\/li>\\n\n\n<li>Technikai seg\\u00edts\\u00e9gny\\u00fajt\\u00e1s a Support-csapat \\u00e1ltal<\\\/li>\\n\n\n<li>Betan\\u00edt\\u00e1si aj\\u00e1nlat az \\u00d6n csapata sz\\u00e1m\\u00e1ra<\\\/li>\\n<\\\/ul>\",\"icon\":\"cog\",\"icon_color\":\"emphasis\"}}]}]}],\"name\":\"Payment Netzwerk\"},{\"type\":\"section\",\"props\":{\"style\":\"default\",\"width\":\"default\",\"vertical_align\":\"middle\",\"title_position\":\"top-left\",\"title_rotation\":\"left\",\"title_breakpoint\":\"xl\",\"image_position\":\"center-center\"},\"children\":[{\"type\":\"row\",\"children\":[{\"type\":\"column\",\"props\":{\"image_position\":\"center-center\",\"media_overlay_gradient\":\"\"},\"children\":[{\"type\":\"text\",\"props\":{\"margin\":\"default\",\"column_breakpoint\":\"m\",\"content\":\"\n\n<h2><strong>Kapcsolat<\\\/strong><\\\/h2>\\n\n\n<p>Amennyiben felkeltett\\u00fck \\u00e9rdekl\\u0151d\\u00e9s\\u00e9t partnerprogramunk ir\\u00e1nt, k\\u00e9rj\\u00fck, vegye fel vel\\u00fcnk a kapcsolatot. Sz\\u00edvesen seg\\u00edt\\u00fcnk \\u00d6nnek.<\\\/p>\",\"text_style\":\"lead\"}},{\"type\":\"button\",\"props\":{\"grid_column_gap\":\"small\",\"grid_row_gap\":\"small\",\"margin\":\"medium\"},\"children\":[{\"type\":\"button_item\",\"props\":{\"button_style\":\"primary\",\"icon_align\":\"left\",\"content\":\"KAPCSOLAT\",\"link\":\"\\\/hu\\\/kontakt\\\/\"}}]}]}]}]}],\"version\":\"2.4.17\"} --><\/p>\n","protected":false},"excerpt":{"rendered":"<p>A QENTA PARTNERPROGRAM A QENTA partnerprogramja \u00e9s \u00fcgyf\u00e9lh\u00e1l\u00f3zata Egy v\u00e1llalkoz\u00e1s mindig annyira er\u0151s, amennyire az \u00fcgyf\u00e9lh\u00e1l\u00f3zata. A QENTA Payment CEE Ausztri\u00e1ban \u00e9s Eur\u00f3pa t\u00f6bbi r\u00e9sz\u00e9n is er\u0151s egy\u00fcttm\u0171k\u00f6d\u00e9st tart fenn kompetens partnerekkel. Ebben az egy\u00fcttm\u0171k\u00f6d\u00e9sben t\u00e9nyleges t\u00f6bblet\u00e9rt\u00e9ket \u00e9r\u00fcnk el \u00fcgyfeleink sz\u00e1m\u00e1ra. A QENTA partnerek\u00e9nt \u00d6n a k\u00f6vetkez\u0151 el\u0151ny\u00f6kh\u00f6z jut: Szinergiahat\u00e1s az egy\u00fcttes jelenl\u00e9t alapj\u00e1n Sz\u00e9lesk\u00f6r\u0171 [&hellip;]<\/p>\n","protected":false},"author":2,"featured_media":0,"parent":0,"menu_order":0,"comment_status":"closed","ping_status":"closed","template":"","meta":[],"_links":{"self":[{"href":"https:\/\/sit.hobex.at\/hu\/wp-json\/wp\/v2\/pages\/4914"}],"collection":[{"href":"https:\/\/sit.hobex.at\/hu\/wp-json\/wp\/v2\/pages"}],"about":[{"href":"https:\/\/sit.hobex.at\/hu\/wp-json\/wp\/v2\/types\/page"}],"author":[{"embeddable":true,"href":"https:\/\/sit.hobex.at\/hu\/wp-json\/wp\/v2\/users\/2"}],"replies":[{"embeddable":true,"href":"https:\/\/sit.hobex.at\/hu\/wp-json\/wp\/v2\/comments?post=4914"}],"version-history":[{"count":3,"href":"https:\/\/sit.hobex.at\/hu\/wp-json\/wp\/v2\/pages\/4914\/revisions"}],"predecessor-version":[{"id":4918,"href":"https:\/\/sit.hobex.at\/hu\/wp-json\/wp\/v2\/pages\/4914\/revisions\/4918"}],"wp:attachment":[{"href":"https:\/\/sit.hobex.at\/hu\/wp-json\/wp\/v2\/media?parent=4914"}],"curies":[{"name":"wp","href":"https:\/\/api.w.org\/{rel}","templated":true}]}}