{"id":4927,"date":"2020-10-01T15:07:25","date_gmt":"2020-10-01T13:07:25","guid":{"rendered":"https:\/\/www.qenta.com\/payment-loesungen\/"},"modified":"2022-06-28T14:20:53","modified_gmt":"2022-06-28T12:20:53","slug":"fizetesi-megoldasok","status":"publish","type":"page","link":"https:\/\/sit.hobex.at\/hu\/fizetesi-megoldasok\/","title":{"rendered":"Fizet\u00e9si Megold\u00e1sok"},"content":{"rendered":"<h2>\n<h1><strong>ONLINE FIZET\u00c9SI MEGOLD\u00c1SOK<\/strong><\/h1>\n<\/h2>\n<p>\n    <a href=\"\/hu\/kapcsolat\/\">KATTINTSON IDE &#8211; MEGV\u00c1LASZOLJUK K\u00c9RD\u00c9SEIT<\/a>\n<\/p>\n<h2>\n<p>Tekintse \u00e1t online fizet\u00e9si megold\u00e1sainkat<\/p>\n<\/h2>\n<div>\n<p><strong>A QENTA Payment CEE minden alkalmaz\u00e1sra a megfelel\u0151 megold\u00e1st ny\u00fajtja<\/strong><\/p>\n<p>Att\u00f3l f\u00fcgg\u0151en, hogy mi az \u00fczleti modellje \u00e9s a megc\u00e9lzott piac, a QENTA Payment CEE az \u00fcgyfelei \u00e9s partnerei sz\u00e1m\u00e1ra \u00e1tfog\u00f3 fizet\u00e9si rendszereket\u00a0(Payment Solutions) \u00e9s e-commerce megold\u00e1sokat biztos\u00edt az \u00f6sszes online forgalmat illet\u0151en. A biztons\u00e1gos, \u00e1tl\u00e1that\u00f3 \u00e9s hat\u00e9kony fizet\u00e9si rendszer testreszabott megold\u00e1sai k\u00fcl\u00f6nb\u00f6z\u0151 \u00e9rt\u00e9kes\u00edt\u00e9si csatorn\u00e1kon kereszt\u00fcl \u00e9rhet\u0151ek el.<\/p>\n<p>A n\u00f6vekv\u0151 sz\u00e1m\u00fa fizet\u00e9si lehet\u0151s\u00e9gek \u00e9s fizet\u00e9si m\u00f3dok &#8211; mind az interneten, mind a mobil eszk\u00f6z\u00f6k\u00f6n &#8211; a QENTA \u00fcgyfelei r\u00e9sz\u00e9re interf\u00e9sz alap\u00fa fizet\u00e9si rendszereket\u00a0k\u00edn\u00e1lnak az e-kereskedelemben, amelyek teljesk\u00f6r\u0171en be\u00e9p\u00fclnek az fizet\u00e9si folyamatba.<\/p>\n<\/p>\n<p>S\u0151t, a QENTA Payment CEE biztos\u00edtja az elektronikus fizet\u00e9sek biztons\u00e1gos feldolgoz\u00e1s\u00e1t a hazai \u00e9s nemzetk\u00f6zi piacokon.<\/p>\n<\/p>\n<\/div>\n<h2>\n<p>A QENTA fizet\u00e9si megold\u00e1sai<\/p>\n<\/h2>\n<ul>\n<li>\n<p>        <img src=\"\/wp-content\/uploads\/2022\/06\/qpay.png\" alt=\"\"><\/p>\n<h3>QPay<\/h3>\n<p>CHECKOUT PAGE<\/p>\n<div>\n<p>Fizet\u00e9si fel\u00fclet az \u00d6n web\u00e1ruh\u00e1z\u00e1hoz<span class=\"s1\"><br \/><\/span><\/p>\n<\/p>\n<\/div>\n<p><a href=\"\/payment-loesungen\/qpay-checkout-page\/\">TUDJON MEG T\u00d6BBET<\/a><\/p>\n<\/li>\n<li>\n<p>        <img src=\"\/wp-content\/uploads\/2022\/06\/qmore.png\" alt=\"\"><\/p>\n<h3>QMore<\/h3>\n<p>CHECKOUT SEAMLESS<\/p>\n<div>\n<p>K\u00f6zvetlen \u00e9s rugalmas be\u00e9p\u00fcl\u00e9s az \u00d6n web\u00e1ruh\u00e1z\u00e1ba<\/p>\n<\/div>\n<p><a href=\"\/payment-loesungen\/qmore-checkout-seamless\/\">TUDJON MEG T\u00d6BBET<\/a><\/p>\n<\/li>\n<li>\n<p>        <img src=\"\/wp-content\/uploads\/2022\/06\/qcall.png\" alt=\"\"><\/p>\n<h3>QCall<\/h3>\n<p>CHECKOUT TERMINAL<\/p>\n<div>\n<p>\u00cdr\u00e1sbeli \u00e9s telefonos megrendel\u00e9sek megold\u00e1sa<\/p>\n<\/div>\n<p><a href=\"\/payment-loesungen\/qcall-check-out-terminal\/\">TUDJON MEG T\u00d6BBET<\/a><\/p>\n<\/li>\n<li>\n<p>        <img src=\"\/wp-content\/uploads\/2022\/06\/qfile.png\" alt=\"\"><\/p>\n<h3>QFile<\/h3>\n<p>CHECKOUT AUTOMATED<\/p>\n<div>\n<p>Fizet\u00e9si adatok feldolgoz\u00e1sa list\u00e1ban<\/p>\n<\/div>\n<p><a href=\"\/payment-loesungen\/qfile-checkout-automated\/\">TUDJON MEG T\u00d6BBET<\/a><\/p>\n<\/li>\n<li>\n<p>        <img src=\"\/wp-content\/uploads\/2022\/06\/qtill.png\" alt=\"\"><\/p>\n<h3>QTILL<\/h3>\n<p>CHECKOUT ENTERPRISE<\/p>\n<div>\n<p>Online fizet\u00e9si software a fizet\u00e9sek biztons\u00e1gos lebonyol\u00edt\u00e1s\u00e1ra<\/p>\n<\/div>\n<p><a href=\"\/payment-loesungen\/qtill-checkout-enterprise\/\">TUDJON MEG T\u00d6BBET<\/a><\/p>\n<\/li>\n<li>\n<p>        <img src=\"\/wp-content\/uploads\/2022\/06\/qpc.png\" alt=\"\"><\/p>\n<h3>PAYMENT CENTER<\/h3>\n<p>Q PAYMENT CENTER<\/p>\n<div>\n<p>Fel\u00fclet a tranzakci\u00f3k kezel\u00e9s\u00e9hez<\/p>\n<\/div>\n<p><a href=\"\/payment-loesungen\/qpc-payment-center\/\">TUDJON MEG T\u00d6BBET<\/a><\/p>\n<\/li>\n<\/ul>\n<div>\n<h2><strong>Kapcsolat<\/strong><strong style=\"font-size: 16px;\"><\/strong><\/h2>\n<p>Amennyiben felkeltett\u00fck \u00e9rdekl\u0151d\u00e9s\u00e9t partnerprogramunk ir\u00e1nt, k\u00e9rj\u00fck, vegye fel vel\u00fcnk a kapcsolatot. Sz\u00edvesen seg\u00edt\u00fcnk \u00d6nnek.<\/p>\n<\/div>\n<p>\n    <a href=\"\/hu\/kapcsolat\/\">KAPCSOLAT<\/a>\n<\/p>\n<p><!--more--><br \/>\n<!-- {\"name\":\"Companies\",\"type\":\"layout\",\"children\":[{\"name\":\"Header\",\"type\":\"section\",\"props\":{\"width\":\"default\",\"padding\":\"large\",\"style\":\"secondary\",\"media\":\"images\\\/home-quality.jpg\",\"height_viewport\":false,\"image\":\"wp-content\\\/uploads\\\/2020\\\/10\\\/Header-Loesungen.jpg\",\"animation\":\"fade\",\"image_position\":\"center-center\",\"vertical_align\":\"middle\",\"title_position\":\"top-left\",\"title_rotation\":\"left\",\"title_breakpoint\":\"xl\",\"image_size\":\"cover\"},\"children\":[{\"name\":\"\",\"type\":\"row\",\"children\":[{\"name\":\"\",\"type\":\"column\",\"props\":{\"image_position\":\"center-center\",\"media_overlay_gradient\":\"\",\"width_medium\":\"1-1\"},\"children\":[{\"name\":\"\",\"type\":\"headline\",\"props\":{\"title_element\":\"h2\",\"content\":\"\n\n<h1><strong>ONLINE FIZET\\u00c9SI MEGOLD\\u00c1SOK<\\\/strong><\\\/h1>\",\"title_style\":\"h1\",\"text_align\":\"left\",\"maxwidth\":\"large\",\"margin\":\"medium\",\"title_color\":\"primary\"}}]}]},{\"type\":\"row\",\"children\":[{\"type\":\"column\",\"props\":{\"image_position\":\"center-center\",\"media_overlay_gradient\":\"\",\"width_medium\":\"\"},\"children\":[{\"type\":\"button\",\"props\":{\"grid_column_gap\":\"small\",\"grid_row_gap\":\"small\",\"margin\":\"default\"},\"children\":[{\"type\":\"button_item\",\"props\":{\"button_style\":\"secondary\",\"icon_align\":\"left\",\"content\":\"KATTINTSON IDE - MEGV\\u00c1LASZOLJUK K\\u00c9RD\\u00c9SEIT\",\"link\":\"\\\/hu\\\/kapcsolat\\\/\",\"link_target\":\"blank\"}}]}]}]}]},{\"type\":\"section\",\"props\":{\"style\":\"default\",\"width\":\"default\",\"vertical_align\":\"middle\",\"title_position\":\"top-left\",\"title_rotation\":\"left\",\"title_breakpoint\":\"xl\",\"image_position\":\"center-center\"},\"children\":[{\"type\":\"row\",\"children\":[{\"type\":\"column\",\"props\":{\"image_position\":\"center-center\",\"media_overlay_gradient\":\"\"},\"children\":[{\"type\":\"headline\",\"props\":{\"title_element\":\"h2\",\"content\":\"\n\n<p>Tekintse \\u00e1t online fizet\\u00e9si megold\\u00e1sainkat<\\\/p>\",\"title_style\":\"h2\"}},{\"type\":\"text\",\"props\":{\"margin\":\"default\",\"column_breakpoint\":\"m\",\"text_style\":\"lead\",\"content\":\"\n\n<p><strong>A QENTA Payment CEE minden alkalmaz\\u00e1sra a megfelel\\u0151 megold\\u00e1st ny\\u00fajtja<\\\/strong><\\\/p>\\n\n\n<p>Att\\u00f3l f\\u00fcgg\\u0151en, hogy mi az \\u00fczleti modellje \\u00e9s a megc\\u00e9lzott piac, a QENTA Payment CEE az \\u00fcgyfelei \\u00e9s partnerei sz\\u00e1m\\u00e1ra \\u00e1tfog\\u00f3 fizet\\u00e9si rendszereket\\u00a0(Payment Solutions) \\u00e9s e-commerce megold\\u00e1sokat biztos\\u00edt az \\u00f6sszes online forgalmat illet\\u0151en. A biztons\\u00e1gos, \\u00e1tl\\u00e1that\\u00f3 \\u00e9s hat\\u00e9kony fizet\\u00e9si rendszer testreszabott megold\\u00e1sai k\\u00fcl\\u00f6nb\\u00f6z\\u0151 \\u00e9rt\\u00e9kes\\u00edt\\u00e9si csatorn\\u00e1kon kereszt\\u00fcl \\u00e9rhet\\u0151ek el.<\\\/p>\\n\n\n<p>A n\\u00f6vekv\\u0151 sz\\u00e1m\\u00fa fizet\\u00e9si lehet\\u0151s\\u00e9gek \\u00e9s fizet\\u00e9si m\\u00f3dok - mind az interneten, mind a mobil eszk\\u00f6z\\u00f6k\\u00f6n - a QENTA \\u00fcgyfelei r\\u00e9sz\\u00e9re interf\\u00e9sz alap\\u00fa fizet\\u00e9si rendszereket\\u00a0k\\u00edn\\u00e1lnak az e-kereskedelemben, amelyek teljesk\\u00f6r\\u0171en be\\u00e9p\\u00fclnek az fizet\\u00e9si folyamatba.<\\\/p>\\n\n\n<p><\\\/p>\\n\n\n<p>S\\u0151t, a QENTA Payment CEE biztos\\u00edtja az elektronikus fizet\\u00e9sek biztons\\u00e1gos feldolgoz\\u00e1s\\u00e1t a hazai \\u00e9s nemzetk\\u00f6zi piacokon.<\\\/p>\\n\n\n<p><\\\/p>\"}}]}]},{\"type\":\"row\",\"children\":[{\"type\":\"column\",\"props\":{\"image_position\":\"center-center\",\"media_overlay_gradient\":\"\"},\"children\":[{\"type\":\"headline\",\"props\":{\"title_element\":\"h2\",\"content\":\"\n\n<p>A QENTA fizet\\u00e9si megold\\u00e1sai<\\\/p>\",\"margin\":\"large\",\"title_style\":\"h2\"}},{\"name\":\"\",\"type\":\"grid\",\"props\":{\"show_title\":false,\"show_meta\":true,\"show_content\":true,\"show_image\":true,\"show_link\":true,\"grid_default\":\"1\",\"grid_medium\":\"2\",\"title_element\":\"h3\",\"meta_style\":\"\",\"meta_align\":\"below-title\",\"image_align\":\"top\",\"image_grid_width\":\"1-2\",\"link_text\":\"TUDJON MEG T\\u00d6BBET\",\"link_style\":\"primary\",\"margin\":\"default\",\"grid_small\":\"2\",\"text_align\":\"left\",\"text_align_breakpoint\":\"s\",\"text_align_fallback\":\"left\",\"title_style\":\"h3\",\"filter_style\":\"tab\",\"filter_all\":true,\"filter_position\":\"top\",\"filter_align\":\"left\",\"filter_grid_width\":\"auto\",\"image_svg_color\":\"primary\",\"item_animation\":true,\"image_svg_inline\":true,\"image_svg_animate\":true,\"grid_column_gap\":\"large\",\"grid_row_gap\":\"large\",\"filter_grid_breakpoint\":\"m\",\"image_grid_breakpoint\":\"m\",\"icon_width\":80,\"title_hover_style\":\"reset\",\"title_align\":\"top\",\"title_grid_width\":\"1-2\",\"title_grid_breakpoint\":\"m\",\"meta_element\":\"div\",\"content_column_breakpoint\":\"m\",\"icon_color\":\"secondary\",\"content_style\":\"lead\",\"content_align\":false,\"grid_column_align\":false,\"grid_row_align\":false,\"link_margin\":\"medium\",\"title_margin\":\"small\",\"image_link\":true,\"grid_large\":\"2\",\"lightbox\":false,\"panel_style\":\"card-default\"},\"children\":[{\"name\":\"\",\"type\":\"grid_item\",\"props\":{\"title\":\"QPay\",\"content\":\"\n\n<p>Fizet\\u00e9si fel\\u00fclet az \\u00d6n web\\u00e1ruh\\u00e1z\\u00e1hoz<span class=\\\"s1\\\"><br \\\/><\\\/span><\\\/p>\\n\n\n<p><\\\/p>\",\"link\":\"payment-loesungen\\\/qpay-checkout-page\\\/\",\"icon\":\"\",\"image\":\"wp-content\\\/uploads\\\/2022\\\/06\\\/qpay.png\",\"meta\":\"CHECKOUT PAGE\"}},{\"name\":\"\",\"type\":\"grid_item\",\"props\":{\"title\":\"QMore\",\"content\":\"\n\n<p>K\\u00f6zvetlen \\u00e9s rugalmas be\\u00e9p\\u00fcl\\u00e9s az \\u00d6n web\\u00e1ruh\\u00e1z\\u00e1ba<\\\/p>\",\"link\":\"payment-loesungen\\\/qmore-checkout-seamless\\\/\",\"icon\":\"\",\"image\":\"wp-content\\\/uploads\\\/2022\\\/06\\\/qmore.png\",\"meta\":\"CHECKOUT SEAMLESS\"}},{\"name\":\"\",\"type\":\"grid_item\",\"props\":{\"title\":\"QCall\",\"content\":\"\n\n<p>\\u00cdr\\u00e1sbeli \\u00e9s telefonos megrendel\\u00e9sek megold\\u00e1sa<\\\/p>\",\"link\":\"payment-loesungen\\\/qcall-check-out-terminal\\\/\",\"icon\":\"\",\"image\":\"wp-content\\\/uploads\\\/2022\\\/06\\\/qcall.png\",\"meta\":\"CHECKOUT TERMINAL\"}},{\"name\":\"\",\"type\":\"grid_item\",\"props\":{\"title\":\"QFile\",\"content\":\"\n\n<p>Fizet\\u00e9si adatok feldolgoz\\u00e1sa list\\u00e1ban<\\\/p>\",\"link\":\"payment-loesungen\\\/qfile-checkout-automated\\\/\",\"icon\":\"\",\"image\":\"wp-content\\\/uploads\\\/2022\\\/06\\\/qfile.png\",\"meta\":\"CHECKOUT AUTOMATED\"}},{\"name\":\"\",\"type\":\"grid_item\",\"props\":{\"title\":\"QTILL\",\"content\":\"\n\n<p>Online fizet\\u00e9si software a fizet\\u00e9sek biztons\\u00e1gos lebonyol\\u00edt\\u00e1s\\u00e1ra<\\\/p>\",\"link\":\"payment-loesungen\\\/qtill-checkout-enterprise\\\/\",\"icon\":\"\",\"image\":\"wp-content\\\/uploads\\\/2022\\\/06\\\/qtill.png\",\"meta\":\"CHECKOUT ENTERPRISE\"}},{\"name\":\"\",\"type\":\"grid_item\",\"props\":{\"title\":\"PAYMENT CENTER\",\"content\":\"\n\n<p>Fel\\u00fclet a tranzakci\\u00f3k kezel\\u00e9s\\u00e9hez<\\\/p>\",\"link\":\"payment-loesungen\\\/qpc-payment-center\\\/\",\"icon\":\"\",\"image\":\"wp-content\\\/uploads\\\/2022\\\/06\\\/qpc.png\",\"meta\":\"Q PAYMENT CENTER\"}}]}]}]}]},{\"name\":\"Services\",\"type\":\"section\",\"props\":{\"style\":\"muted\",\"width\":\"default\",\"vertical_align\":\"middle\",\"title_position\":\"top-left\",\"title_rotation\":\"left\",\"title_breakpoint\":\"xl\",\"image_position\":\"center-center\",\"padding\":\"small\",\"animation\":\"fade\",\"animation_delay\":false,\"padding_remove_top\":false,\"padding_remove_bottom\":false},\"children\":[{\"name\":\"\",\"type\":\"row\",\"children\":[{\"name\":\"\",\"type\":\"column\",\"props\":{\"image_position\":\"center-center\",\"media_overlay_gradient\":\"\",\"width_medium\":\"1-1\"},\"children\":[{\"type\":\"text\",\"props\":{\"margin\":\"default\",\"column_breakpoint\":\"m\",\"content\":\"\n\n<h2><strong>Kapcsolat<\\\/strong><strong style=\\\"font-size: 16px;\\\"><\\\/strong><\\\/h2>\\n\n\n<p>Amennyiben felkeltett\\u00fck \\u00e9rdekl\\u0151d\\u00e9s\\u00e9t partnerprogramunk ir\\u00e1nt, k\\u00e9rj\\u00fck, vegye fel vel\\u00fcnk a kapcsolatot. Sz\\u00edvesen seg\\u00edt\\u00fcnk \\u00d6nnek.<\\\/p>\",\"text_style\":\"lead\"}},{\"type\":\"button\",\"props\":{\"grid_column_gap\":\"small\",\"grid_row_gap\":\"small\",\"margin\":\"medium\"},\"children\":[{\"type\":\"button_item\",\"props\":{\"button_style\":\"primary\",\"icon_align\":\"left\",\"content\":\"KAPCSOLAT\",\"link\":\"\\\/hu\\\/kapcsolat\\\/\"}}]}]}]}]}],\"version\":\"2.4.17\"} --><\/p>\n","protected":false},"excerpt":{"rendered":"<p>ONLINE FIZET\u00c9SI MEGOLD\u00c1SOK KATTINTSON IDE &#8211; MEGV\u00c1LASZOLJUK K\u00c9RD\u00c9SEIT Tekintse \u00e1t online fizet\u00e9si megold\u00e1sainkat A QENTA Payment CEE minden alkalmaz\u00e1sra a megfelel\u0151 megold\u00e1st ny\u00fajtja Att\u00f3l f\u00fcgg\u0151en, hogy mi az \u00fczleti modellje \u00e9s a megc\u00e9lzott piac, a QENTA Payment CEE az \u00fcgyfelei \u00e9s partnerei sz\u00e1m\u00e1ra \u00e1tfog\u00f3 fizet\u00e9si rendszereket\u00a0(Payment Solutions) \u00e9s e-commerce megold\u00e1sokat biztos\u00edt az \u00f6sszes online forgalmat [&hellip;]<\/p>\n","protected":false},"author":1,"featured_media":0,"parent":0,"menu_order":0,"comment_status":"closed","ping_status":"closed","template":"","meta":[],"_links":{"self":[{"href":"https:\/\/sit.hobex.at\/hu\/wp-json\/wp\/v2\/pages\/4927"}],"collection":[{"href":"https:\/\/sit.hobex.at\/hu\/wp-json\/wp\/v2\/pages"}],"about":[{"href":"https:\/\/sit.hobex.at\/hu\/wp-json\/wp\/v2\/types\/page"}],"author":[{"embeddable":true,"href":"https:\/\/sit.hobex.at\/hu\/wp-json\/wp\/v2\/users\/1"}],"replies":[{"embeddable":true,"href":"https:\/\/sit.hobex.at\/hu\/wp-json\/wp\/v2\/comments?post=4927"}],"version-history":[{"count":7,"href":"https:\/\/sit.hobex.at\/hu\/wp-json\/wp\/v2\/pages\/4927\/revisions"}],"predecessor-version":[{"id":6556,"href":"https:\/\/sit.hobex.at\/hu\/wp-json\/wp\/v2\/pages\/4927\/revisions\/6556"}],"wp:attachment":[{"href":"https:\/\/sit.hobex.at\/hu\/wp-json\/wp\/v2\/media?parent=4927"}],"curies":[{"name":"wp","href":"https:\/\/api.w.org\/{rel}","templated":true}]}}