{"id":4934,"date":"2020-10-02T12:13:01","date_gmt":"2020-10-02T10:13:01","guid":{"rendered":"https:\/\/www.qenta.com\/fizetesi-megoldasok\/qpay-checkout-page\/"},"modified":"2023-09-25T09:27:45","modified_gmt":"2023-09-25T07:27:45","slug":"qpay-checkout-page","status":"publish","type":"page","link":"https:\/\/sit.hobex.at\/hu\/fizetesi-megoldasok\/qpay-checkout-page\/","title":{"rendered":"QPAY &#8211; Checkout Page"},"content":{"rendered":"<h1>\n<p>QPAY CHECKOUT PAGE<\/p>\n<\/h1>\n<h2>\n<p>Az individu\u00e1lis e-commerce fizet\u00e9si fel\u00fclet<\/p>\n<\/h2>\n<div>\n<p>A QPay Checkout Page egy rugalmas fizet\u00e9si fel\u00fclet, amit \u00d6n egyszer\u0171en saj\u00e1t ig\u00e9nyeihez igaz\u00edthat; ennek el\u0151nyei:<\/p>\n<ul>\n<li>PCI-konform e-commerce fizet\u00e9si fel\u00fclet<\/li>\n<li>Minden \u00e1ltal\u00e1nos fizet\u00e9si eszk\u00f6z t\u00e1mogatva<\/li>\n<li>A bankk\u00e1rty\u00e1kra vonatkoz\u00f3 3DSecure-oldal 26 nyelven \u00e9rhet\u0151 el<\/li>\n<li>Testre szabott arculat<\/li>\n<li>Integr\u00e1lt kock\u00e1zatkezel\u00e9s<\/li>\n<li>Csatlakoz\u00e1s a web\u00e1ruh\u00e1zakhoz pluginnal<\/li>\n<li>Egy\u00fcttm\u0171k\u00f6d\u00e9s sz\u00e1mos k\u00e1rtyaelfogad\u00f3 bankkal<\/li>\n<\/ul>\n<\/div>\n<div>\n<div>\n<p>A QPay Checkout Page az optim\u00e1lis fizet\u00e9si fel\u00fclet az \u00d6n web\u00e1ruh\u00e1z\u00e1hoz: egyszer\u0171en \u00e9s gyorsan integr\u00e1lhat\u00f3, biztons\u00e1gos \u00e9s k\u00e9nyelmes. A fizet\u00e9sek kiz\u00e1r\u00f3lag val\u00f3sidej\u0171 m\u00f3don ker\u00fclnek lebonyol\u00edt\u00e1sra. A QPay Checkout Page megfelel a bankk\u00e1rtya adatok biztons\u00e1gos kezel\u00e9s\u00e9re vonatkoz\u00f3 szab\u00e1lyoknak, a PCI szabv\u00e1nynak. A fel\u00fclet az \u00d6n \u00edzl\u00e9se, \u00fczlete arculata szerint igaz\u00edthat\u00f3.<\/p>\n<\/div>\n<\/div>\n<h2>\n<p><strong>Funkcionalit\u00e1s<\/strong><\/p>\n<\/h2>\n<div>\n<p>A QPay Checkout Page egy PCI-konform megold\u00e1s sz\u00e9lesk\u00f6r\u0171 funkcionalit\u00e1ssal. A fizet\u00e9si fel\u00fclet a web\u00e1ruh\u00e1zba val\u00f3 beilleszt\u00e9s\u00e9t b\u0151v\u00edtm\u00e9nyek seg\u00edtik, de lehet\u0151s\u00e9g van a fel\u00fclet b\u0151v\u00edtm\u00e9nyt\u0151l f\u00fcggetlen integr\u00e1ci\u00f3j\u00e1ra is. A QPay Checkout Page 26 nyelven \u00e9rhet\u0151 el, tov\u00e1bb\u00e1 lehet\u0151v\u00e9 teszi, hogy a fel\u00fclet is az \u00d6n web\u00e1ruh\u00e1za arculat\u00e1ban jelenjen meg.<\/p>\n<p>A fizet\u00e9si interf\u00e9sz olyan funkci\u00f3kkal is szolg\u00e1l, mint p\u00e9ld\u00e1ul egy bankk\u00e1rty\u00e1s tranzakci\u00f3n bel\u00fcl az enged\u00e9lyez\u00e9s \u00e9s a terhel\u00e9s id\u0151beli sz\u00e9tv\u00e1laszt\u00e1sa. Ezek a l\u00e9p\u00e9sek a tov\u00e1bbiakban manu\u00e1lisan vagy automatiz\u00e1lva ind\u00edthat\u00f3ak. Az el\u0151fizet\u00e9sek kezel\u00e9se, vagy az egy enged\u00e9lyez\u00e9sre sz\u00f3l\u00f3 t\u00f6bbsz\u00f6ri terhel\u00e9s csup\u00e1n kett\u0151 a sz\u00e1mos lehet\u0151s\u00e9g k\u00f6z\u00fcl.<\/p>\n<p>A QPC-ben az \u00f6sszes tranzakci\u00f3, illetve folyamat l\u00e1that\u00f3, a manu\u00e1lis terhel\u00e9s, j\u00f3v\u00e1\u00edr\u00e1s, vagy ak\u00e1r storn\u00f3z\u00e1s is ebben az interf\u00e9szben lehets\u00e9gesek. A QPay Checkout Page t\u00f6bb QENTA megold\u00e1ssal, mint pl. a \u201eh\u00e1tt\u00e9rm\u0171veletekkel\u201d is kombin\u00e1lhat\u00f3.<\/p>\n<\/div>\n<div>\n<h3>A megold\u00e1s jellemz\u0151i:<\/h3>\n<div>\n<ul>\n<li>Szoftver telep\u00edt\u00e9se nem sz\u00fcks\u00e9ges<\/li>\n<li>A fizet\u00e9sek kiz\u00e1r\u00f3lag val\u00f3sidej\u0171 ellen\u0151rz\u00e9se<\/li>\n<li>Egyszer\u0171s\u00edtett PCI-tan\u00fas\u00edtv\u00e1ny a SAQ A seg\u00edts\u00e9g\u00e9vel (csup\u00e1n PCI DSS \u00f6n\u00e9rt\u00e9kel\u00e9sre van sz\u00fcks\u00e9g)<\/li>\n<li>Saj\u00e1t webszerver SSL-tan\u00fas\u00edtv\u00e1ny nem sz\u00fcks\u00e9ges<\/li>\n<li>A teljesk\u00f6r\u0171 kock\u00e1zatkezel\u00e9si megold\u00e1sok, mint p\u00e9ld\u00e1ul a 3D-Secure biztons\u00e1gi szabv\u00e1ny, a legmagasabb szint\u0171 biztons\u00e1got ny\u00fajtj\u00e1k<\/li>\n<li>A fizet\u00e9si fel\u00fcleten a magyar, angol \u00e9s n\u00e9met nyelvek alap\u00e9rtelmezettek<\/li>\n<li>Sz\u00ednes v\u00e1laszt\u00e9k nemzetk\u00f6zi fizet\u0151eszk\u00f6z\u00f6kb\u0151l<\/li>\n<li>A h\u00e1tt\u00e9rfel\u00fcletek lehet\u0151s\u00e9get ny\u00fajtanak az azonnali vagy a k\u00e9sleltetett terhel\u00e9sre, ism\u00e9tl\u0151d\u0151 fizet\u00e9sekre, az egy j\u00f3v\u00e1hagy\u00e1ssal t\u00f6rt\u00e9n\u0151 t\u00f6bbsz\u00f6ri terhel\u00e9sre.<\/li>\n<li>G\u00f6rd\u00fcl\u00e9keny \u00e9s gyors csatlakoz\u00e1s a saj\u00e1t QENTA b\u0151v\u00edtm\u00e9nyek seg\u00edts\u00e9g\u00e9vel; t\u00f6bbek k\u00f6z\u00f6tt a WooCommerce \u00e9s Magento shoprendszerekhez is k\u00edn\u00e1lunk payment-b\u0151v\u00edtm\u00e9nyt.<\/li>\n<\/ul>\n<\/div>\n<\/div>\n<div>\n<h3>Fizet\u0151eszk\u00f6z\u00f6k:<\/h3>\n<div>\n<ul>\n<li>Visa (a Verified by Visa szolg\u00e1ltat\u00e1st bele\u00e9rtve)<\/li>\n<li>MasterCard (a SecureCode szolg\u00e1ltat\u00e1st bele\u00e9rtve)<\/li>\n<li>Diners Club<\/li>\n<li>American Express<\/li>\n<li>Maestro SecureCode<\/li>\n<li>PayPal<\/li>\n<li>paysafecard, mypaysafecard<\/li>\n<li>eps-giropay (osztr\u00e1k\/n\u00e9met banksz\u00e1ml\u00e1hoz k\u00f6t\u00f6tt)<\/li>\n<li> iDeal (holland banksz\u00e1mla sz\u00fcks\u00e9ges)<\/li>\n<li>SEPA<\/li>\n<li>Przelewy 24<\/li>\n<li>Google Pay<\/li>\n<\/ul>\n<\/div>\n<\/div>\n<h2>\n<p>Kapcsolat<\/p>\n<\/h2>\n<div>\n<p>Amennyiben felkeltett\u00fck \u00e9rdekl\u0151d\u00e9s\u00e9t partnerprogramunk ir\u00e1nt, k\u00e9rj\u00fck, vegye fel vel\u00fcnk a kapcsolatot. Sz\u00edvesen seg\u00edt\u00fcnk \u00d6nnek.<\/p>\n<\/div>\n<p>\n    <a href=\"\/hu\/kontakt\/\">KAPCSOLAT<\/a>\n<\/p>\n<p><!--more--><br \/>\n<!-- {\"name\":\"Pricing\",\"type\":\"layout\",\"children\":[{\"name\":\"Header\",\"type\":\"section\",\"props\":{\"width\":\"default\",\"padding\":\"large\",\"style\":\"secondary\",\"media\":\"images\\\/home-quality.jpg\",\"height_viewport\":false,\"image\":\"wp-content\\\/uploads\\\/2020\\\/10\\\/shutterstock_149534228-verlauf-1-scaled.jpg\",\"animation\":\"fade\",\"image_size\":\"cover\",\"image_position\":\"center-center\",\"vertical_align\":\"middle\",\"title_position\":\"top-left\",\"title_rotation\":\"left\",\"title_breakpoint\":\"xl\",\"image_width\":\"2560\"},\"children\":[{\"name\":\"\",\"type\":\"row\",\"children\":[{\"name\":\"\",\"type\":\"column\",\"props\":{\"image_position\":\"center-center\",\"media_overlay_gradient\":\"\",\"width_medium\":\"1-1\"},\"children\":[{\"name\":\"\",\"type\":\"headline\",\"props\":{\"title_element\":\"h1\",\"content\":\"\n\n<p>QPAY CHECKOUT PAGE<\\\/p>\",\"title_style\":\"h1\",\"text_align\":\"left\",\"margin\":\"remove-vertical\",\"title_color\":\"primary\"}}]}],\"props\":{\"width\":\"default\"}}]},{\"name\":\"Pricing\",\"type\":\"section\",\"props\":{\"width\":\"default\",\"padding\":\"small\",\"style\":\"default\",\"image_size\":\"cover\",\"animation\":\"slide-bottom-small\",\"animation_delay\":false,\"vertical_align\":\"middle\",\"title_position\":\"top-left\",\"title_rotation\":\"left\",\"title_breakpoint\":\"xl\",\"image_position\":\"center-center\"},\"children\":[{\"type\":\"row\",\"props\":{\"width\":\"large\",\"margin_remove_bottom\":false,\"margin_remove_top\":false},\"children\":[{\"type\":\"column\",\"props\":{\"image_position\":\"center-center\",\"media_overlay_gradient\":\"\"},\"children\":[{\"type\":\"headline\",\"props\":{\"title_element\":\"h2\",\"content\":\"\n\n<p>Az individu\\u00e1lis e-commerce fizet\\u00e9si fel\\u00fclet<\\\/p>\",\"title_style\":\"h2\"}}]}]},{\"name\":\"\",\"type\":\"row\",\"props\":{\"column_gap\":\"large\",\"width\":\"large\",\"layout\":\"1-2,1-2\",\"match\":true},\"children\":[{\"name\":\"\",\"type\":\"column\",\"children\":[{\"name\":\"\",\"type\":\"text\",\"props\":{\"margin\":\"default\",\"content\":\"\n\n<p>A QPay Checkout Page egy rugalmas fizet\\u00e9si fel\\u00fclet, amit \\u00d6n egyszer\\u0171en saj\\u00e1t ig\\u00e9nyeihez igaz\\u00edthat; ennek el\\u0151nyei:<\\\/p>\\n\n\n<ul>\\n\n\n<li>PCI-konform e-commerce fizet\\u00e9si fel\\u00fclet<\\\/li>\\n\n\n<li>Minden \\u00e1ltal\\u00e1nos fizet\\u00e9si eszk\\u00f6z t\\u00e1mogatva<\\\/li>\\n\n\n<li>A bankk\\u00e1rty\\u00e1kra vonatkoz\\u00f3 3DSecure-oldal 26 nyelven \\u00e9rhet\\u0151 el<\\\/li>\\n\n\n<li>Testre szabott arculat<\\\/li>\\n\n\n<li>Integr\\u00e1lt kock\\u00e1zatkezel\\u00e9s<\\\/li>\\n\n\n<li>Csatlakoz\\u00e1s a web\\u00e1ruh\\u00e1zakhoz pluginnal<\\\/li>\\n\n\n<li>Egy\\u00fcttm\\u0171k\\u00f6d\\u00e9s sz\\u00e1mos k\\u00e1rtyaelfogad\\u00f3 bankkal<\\\/li>\\n<\\\/ul>\",\"text_align\":\"left\",\"maxwidth\":\"xlarge\",\"column_breakpoint\":\"m\",\"text_style\":\"lead\"}}],\"props\":{\"image_position\":\"center-center\",\"media_overlay_gradient\":\"\",\"width_medium\":\"1-2\"}},{\"type\":\"column\",\"props\":{\"image_position\":\"center-center\",\"media_overlay_gradient\":\"\",\"width_medium\":\"1-2\"},\"children\":[{\"type\":\"panel\",\"props\":{\"link_text\":\"Read more\",\"title_hover_style\":\"reset\",\"title_element\":\"h3\",\"title_align\":\"top\",\"title_grid_width\":\"1-2\",\"title_grid_breakpoint\":\"m\",\"meta_style\":\"meta\",\"meta_align\":\"below-title\",\"meta_element\":\"div\",\"content_column_breakpoint\":\"m\",\"icon_width\":80,\"image_align\":\"top\",\"image_grid_width\":\"1-2\",\"image_grid_breakpoint\":\"m\",\"image_svg_color\":\"emphasis\",\"link_style\":\"default\",\"margin\":\"default\",\"content\":\"\n\n<p>A QPay Checkout Page az optim\\u00e1lis fizet\\u00e9si fel\\u00fclet az \\u00d6n web\\u00e1ruh\\u00e1z\\u00e1hoz: egyszer\\u0171en \\u00e9s gyorsan integr\\u00e1lhat\\u00f3, biztons\\u00e1gos \\u00e9s k\\u00e9nyelmes. A fizet\\u00e9sek kiz\\u00e1r\\u00f3lag val\\u00f3sidej\\u0171 m\\u00f3don ker\\u00fclnek lebonyol\\u00edt\\u00e1sra. A QPay Checkout Page megfelel a bankk\\u00e1rtya adatok biztons\\u00e1gos kezel\\u00e9s\\u00e9re vonatkoz\\u00f3 szab\\u00e1lyoknak, a PCI szabv\\u00e1nynak. A fel\\u00fclet az \\u00d6n \\u00edzl\\u00e9se, \\u00fczlete arculata szerint igaz\\u00edthat\\u00f3.<\\\/p>\",\"panel_style\":\"card-default\",\"content_style\":\"lead\"}}]}]},{\"type\":\"row\",\"children\":[{\"type\":\"column\",\"props\":{\"image_position\":\"center-center\",\"media_overlay_gradient\":\"\"},\"children\":[]}]}]},{\"type\":\"section\",\"props\":{\"style\":\"muted\",\"width\":\"default\",\"vertical_align\":\"middle\",\"title_position\":\"top-left\",\"title_rotation\":\"left\",\"title_breakpoint\":\"xl\",\"image_position\":\"center-center\",\"padding_remove_bottom\":false,\"status\":\"disabled\"},\"children\":[{\"name\":\"\",\"type\":\"row\",\"props\":{\"layout\":\"1-2,1-2\",\"divider\":false,\"margin\":\"default\",\"vertical_align\":true,\"column_gap\":\"large\",\"width\":\"small\",\"margin_remove_bottom\":false},\"children\":[{\"name\":\"\",\"type\":\"column\",\"props\":{\"vertical_align\":\"middle\",\"image_position\":\"center-center\",\"media_overlay_gradient\":\"\",\"width_medium\":\"1-2\"},\"children\":[{\"name\":\"\",\"type\":\"panel\",\"props\":{\"title_element\":\"h2\",\"text_align\":\"center\",\"title\":\"Einrichtungsgeb\\u00fchr\",\"content\":\"\",\"title_style\":\"h5\",\"link\":\"#\",\"link_style\":\"default\",\"link_text\":\"\",\"margin\":\"\",\"panel_style\":\"card-default\",\"panel_size\":\"large\",\"animation\":\"slide-left-medium\",\"image_align\":\"top\",\"image_grid_width\":\"1-2\",\"meta_style\":\"heading-small\",\"meta_align\":\"below-title\",\"title_align\":\"top\",\"title_grid_width\":\"1-2\",\"image_svg_color\":\"emphasis\",\"title_hover_style\":\"reset\",\"meta\":\"49,90 \\u20ac\",\"title_grid_breakpoint\":\"m\",\"image_grid_breakpoint\":\"m\",\"icon_width\":80,\"content_column_breakpoint\":\"m\",\"meta_element\":\"div\"}}]},{\"name\":\"\",\"type\":\"column\",\"props\":{\"vertical_align\":\"middle\",\"image_position\":\"center-center\",\"media_overlay_gradient\":\"\",\"width_medium\":\"1-2\"},\"children\":[{\"name\":\"\",\"type\":\"panel\",\"props\":{\"title_element\":\"h2\",\"text_align\":\"center\",\"title\":\"Monatliche Geb\\u00fchren\",\"content\":\"\",\"title_style\":\"h5\",\"link\":\"#\",\"link_style\":\"primary\",\"link_text\":\"\",\"margin\":\"\",\"panel_style\":\"card-secondary\",\"panel_size\":\"large\",\"animation\":\"slide-bottom-medium\",\"image_align\":\"top\",\"image_grid_width\":\"1-2\",\"meta_style\":\"heading-small\",\"meta_align\":\"below-title\",\"title_align\":\"top\",\"title_grid_width\":\"1-2\",\"image_svg_color\":\"emphasis\",\"title_hover_style\":\"reset\",\"title_color\":\"primary\",\"meta\":\"9,90 \\u20ac\",\"title_grid_breakpoint\":\"m\",\"image_grid_breakpoint\":\"m\",\"icon_width\":80,\"content_column_breakpoint\":\"m\",\"meta_element\":\"div\"}}]}]},{\"type\":\"row\",\"props\":{\"margin_remove_bottom\":false,\"margin_remove_top\":false,\"margin\":\"large\"},\"children\":[{\"type\":\"column\",\"props\":{\"image_position\":\"center-center\",\"media_overlay_gradient\":\"\"},\"children\":[{\"type\":\"text\",\"props\":{\"margin\":\"default\",\"column_breakpoint\":\"m\",\"content\":\"\n\n<p class=\\\"p1\\\" style=\\\"text-align: center;\\\"><span class=\\\"s1\\\">Zuz\\u00fcglich Transaktionspakete und Zahlungsmittel nach Wahl. <\\\/span><\\\/p>\",\"position\":\"relative\",\"position_top\":\"-40\",\"margin_remove_bottom\":false}},{\"type\":\"text\",\"props\":{\"margin\":\"default\",\"column_breakpoint\":\"m\",\"content\":\"\n\n<p style=\\\"text-align: center;\\\"><a href=\\\"https:\\\/\\\/www.qenta.com\\\/kontakt\\\/\\\">Jetzt unverbindliches Angebot anfordern<\\\/a> unter <a href=\\\"tel:+43 316 813681\\\">+43 316 813681<\\\/a><\\\/p>\",\"text_style\":\"lead\"}}]}]}]},{\"type\":\"section\",\"props\":{\"style\":\"default\",\"width\":\"default\",\"vertical_align\":\"middle\",\"title_position\":\"top-left\",\"title_rotation\":\"left\",\"title_breakpoint\":\"xl\",\"image_position\":\"center-center\"},\"children\":[{\"type\":\"row\",\"children\":[{\"type\":\"column\",\"props\":{\"image_position\":\"center-center\",\"media_overlay_gradient\":\"\"},\"children\":[{\"name\":\"\",\"type\":\"headline\",\"props\":{\"title_element\":\"h2\",\"content\":\"\n\n<p><strong>Funkcionalit\\u00e1s<\\\/strong><\\\/p>\",\"text_align\":\"left\",\"margin_remove_bottom\":true,\"title_style\":\"h2\"}},{\"name\":\"\",\"type\":\"text\",\"props\":{\"margin\":\"default\",\"content\":\"\n\n<p>A QPay Checkout Page egy PCI-konform megold\\u00e1s sz\\u00e9lesk\\u00f6r\\u0171 funkcionalit\\u00e1ssal. A fizet\\u00e9si fel\\u00fclet a web\\u00e1ruh\\u00e1zba val\\u00f3 beilleszt\\u00e9s\\u00e9t b\\u0151v\\u00edtm\\u00e9nyek seg\\u00edtik, de lehet\\u0151s\\u00e9g van a fel\\u00fclet b\\u0151v\\u00edtm\\u00e9nyt\\u0151l f\\u00fcggetlen integr\\u00e1ci\\u00f3j\\u00e1ra is. A QPay Checkout Page 26 nyelven \\u00e9rhet\\u0151 el, tov\\u00e1bb\\u00e1 lehet\\u0151v\\u00e9 teszi, hogy a fel\\u00fclet is az \\u00d6n web\\u00e1ruh\\u00e1za arculat\\u00e1ban jelenjen meg.<\\\/p>\\n\n\n<p>A fizet\\u00e9si interf\\u00e9sz olyan funkci\\u00f3kkal is szolg\\u00e1l, mint p\\u00e9ld\\u00e1ul egy bankk\\u00e1rty\\u00e1s tranzakci\\u00f3n bel\\u00fcl az enged\\u00e9lyez\\u00e9s \\u00e9s a terhel\\u00e9s id\\u0151beli sz\\u00e9tv\\u00e1laszt\\u00e1sa. Ezek a l\\u00e9p\\u00e9sek a tov\\u00e1bbiakban manu\\u00e1lisan vagy automatiz\\u00e1lva ind\\u00edthat\\u00f3ak. Az el\\u0151fizet\\u00e9sek kezel\\u00e9se, vagy az egy enged\\u00e9lyez\\u00e9sre sz\\u00f3l\\u00f3 t\\u00f6bbsz\\u00f6ri terhel\\u00e9s csup\\u00e1n kett\\u0151 a sz\\u00e1mos lehet\\u0151s\\u00e9g k\\u00f6z\\u00fcl.<\\\/p>\\n\n\n<p>A QPC-ben az \\u00f6sszes tranzakci\\u00f3, illetve folyamat l\\u00e1that\\u00f3, a manu\\u00e1lis terhel\\u00e9s, j\\u00f3v\\u00e1\\u00edr\\u00e1s, vagy ak\\u00e1r storn\\u00f3z\\u00e1s is ebben az interf\\u00e9szben lehets\\u00e9gesek. A QPay Checkout Page t\\u00f6bb QENTA megold\\u00e1ssal, mint pl. a \\u201eh\\u00e1tt\\u00e9rm\\u0171veletekkel\\u201d is kombin\\u00e1lhat\\u00f3.<\\\/p>\",\"text_align\":\"left\",\"column_breakpoint\":\"m\",\"text_style\":\"lead\"}}]}]}]},{\"type\":\"section\",\"props\":{\"style\":\"default\",\"width\":\"default\",\"vertical_align\":\"middle\",\"title_position\":\"top-left\",\"title_rotation\":\"left\",\"title_breakpoint\":\"xl\",\"image_position\":\"center-center\"},\"children\":[{\"type\":\"row\",\"props\":{\"layout\":\"1-2,1-2\"},\"children\":[{\"type\":\"column\",\"props\":{\"image_position\":\"center-center\",\"media_overlay_gradient\":\"\",\"width_medium\":\"1-2\"},\"children\":[{\"type\":\"panel\",\"props\":{\"link_text\":\"Read more\",\"title_hover_style\":\"reset\",\"title_element\":\"h3\",\"title_align\":\"top\",\"title_grid_width\":\"1-2\",\"title_grid_breakpoint\":\"m\",\"meta_style\":\"meta\",\"meta_align\":\"below-title\",\"meta_element\":\"div\",\"content_column_breakpoint\":\"m\",\"icon_width\":80,\"image_align\":\"top\",\"image_grid_width\":\"1-2\",\"image_grid_breakpoint\":\"m\",\"image_svg_color\":\"emphasis\",\"link_style\":\"default\",\"margin\":\"default\",\"panel_style\":\"card-secondary\",\"title\":\"A megold\\u00e1s jellemz\\u0151i:\",\"content\":\"\n\n<ul>\\n\n\n<li>Szoftver telep\\u00edt\\u00e9se nem sz\\u00fcks\\u00e9ges<\\\/li>\\n\n\n<li>A fizet\\u00e9sek kiz\\u00e1r\\u00f3lag val\\u00f3sidej\\u0171 ellen\\u0151rz\\u00e9se<\\\/li>\\n\n\n<li>Egyszer\\u0171s\\u00edtett PCI-tan\\u00fas\\u00edtv\\u00e1ny a SAQ A seg\\u00edts\\u00e9g\\u00e9vel (csup\\u00e1n PCI DSS \\u00f6n\\u00e9rt\\u00e9kel\\u00e9sre van sz\\u00fcks\\u00e9g)<\\\/li>\\n\n\n<li>Saj\\u00e1t webszerver SSL-tan\\u00fas\\u00edtv\\u00e1ny nem sz\\u00fcks\\u00e9ges<\\\/li>\\n\n\n<li>A teljesk\\u00f6r\\u0171 kock\\u00e1zatkezel\\u00e9si megold\\u00e1sok, mint p\\u00e9ld\\u00e1ul a 3D-Secure biztons\\u00e1gi szabv\\u00e1ny, a legmagasabb szint\\u0171 biztons\\u00e1got ny\\u00fajtj\\u00e1k<\\\/li>\\n\n\n<li>A fizet\\u00e9si fel\\u00fcleten a magyar, angol \\u00e9s n\\u00e9met nyelvek alap\\u00e9rtelmezettek<\\\/li>\\n\n\n<li>Sz\\u00ednes v\\u00e1laszt\\u00e9k nemzetk\\u00f6zi fizet\\u0151eszk\\u00f6z\\u00f6kb\\u0151l<\\\/li>\\n\n\n<li>A h\\u00e1tt\\u00e9rfel\\u00fcletek lehet\\u0151s\\u00e9get ny\\u00fajtanak az azonnali vagy a k\\u00e9sleltetett terhel\\u00e9sre, ism\\u00e9tl\\u0151d\\u0151 fizet\\u00e9sekre, az egy j\\u00f3v\\u00e1hagy\\u00e1ssal t\\u00f6rt\\u00e9n\\u0151 t\\u00f6bbsz\\u00f6ri terhel\\u00e9sre.<\\\/li>\\n\n\n<li>G\\u00f6rd\\u00fcl\\u00e9keny \\u00e9s gyors csatlakoz\\u00e1s a saj\\u00e1t QENTA b\\u0151v\\u00edtm\\u00e9nyek seg\\u00edts\\u00e9g\\u00e9vel; t\\u00f6bbek k\\u00f6z\\u00f6tt a WooCommerce \\u00e9s Magento shoprendszerekhez is k\\u00edn\\u00e1lunk payment-b\\u0151v\\u00edtm\\u00e9nyt.<\\\/li>\\n<\\\/ul>\"}}]},{\"type\":\"column\",\"props\":{\"image_position\":\"center-center\",\"media_overlay_gradient\":\"\",\"width_medium\":\"1-2\"},\"children\":[{\"type\":\"panel\",\"props\":{\"link_text\":\"Read more\",\"title_hover_style\":\"reset\",\"title_element\":\"h3\",\"title_align\":\"top\",\"title_grid_width\":\"1-2\",\"title_grid_breakpoint\":\"m\",\"meta_style\":\"meta\",\"meta_align\":\"below-title\",\"meta_element\":\"div\",\"content_column_breakpoint\":\"m\",\"icon_width\":80,\"image_align\":\"top\",\"image_grid_width\":\"1-2\",\"image_grid_breakpoint\":\"m\",\"image_svg_color\":\"emphasis\",\"link_style\":\"default\",\"margin\":\"default\",\"panel_style\":\"card-default\",\"title\":\"Fizet\\u0151eszk\\u00f6z\\u00f6k:\",\"content\":\"\n\n<ul>\\n\n\n<li>Visa (a Verified by Visa szolg\\u00e1ltat\\u00e1st bele\\u00e9rtve)<\\\/li>\\n\n\n<li>MasterCard (a SecureCode szolg\\u00e1ltat\\u00e1st bele\\u00e9rtve)<\\\/li>\\n\n\n<li>Diners Club<\\\/li>\\n\n\n<li>American Express<\\\/li>\\n\n\n<li>Maestro SecureCode<\\\/li>\\n\n\n<li>PayPal<\\\/li>\\n\n\n<li>paysafecard, mypaysafecard<\\\/li>\\n\n\n<li>eps-giropay (osztr\\u00e1k\\\/n\\u00e9met banksz\\u00e1ml\\u00e1hoz k\\u00f6t\\u00f6tt)<\\\/li>\\n\n\n<li> iDeal (holland banksz\\u00e1mla sz\\u00fcks\\u00e9ges)<\\\/li>\\n\n\n<li>SEPA<\\\/li>\\n\n\n<li>Przelewy 24<\\\/li>\\n\n\n<li>Google Pay<\\\/li><br \\\/><br \\\/><br \\\/><br \\\/><br \\\/><br \\\/>\\n<\\\/ul>\"}}]}]}]},{\"type\":\"section\",\"props\":{\"style\":\"muted\",\"width\":\"default\",\"vertical_align\":\"middle\",\"title_position\":\"top-left\",\"title_rotation\":\"left\",\"title_breakpoint\":\"xl\",\"image_position\":\"center-center\"},\"children\":[{\"type\":\"row\",\"children\":[{\"type\":\"column\",\"props\":{\"image_position\":\"center-center\",\"media_overlay_gradient\":\"\",\"width_medium\":\"\"},\"children\":[{\"type\":\"headline\",\"props\":{\"title_element\":\"h2\",\"content\":\"\n\n<p>Kapcsolat<\\\/p>\",\"title_style\":\"h2\"}},{\"type\":\"text\",\"props\":{\"margin\":\"default\",\"column_breakpoint\":\"m\",\"content\":\"\n\n<p>Amennyiben felkeltett\\u00fck \\u00e9rdekl\\u0151d\\u00e9s\\u00e9t partnerprogramunk ir\\u00e1nt, k\\u00e9rj\\u00fck, vegye fel vel\\u00fcnk a kapcsolatot. Sz\\u00edvesen seg\\u00edt\\u00fcnk \\u00d6nnek.<\\\/p>\"}},{\"type\":\"button\",\"props\":{\"grid_column_gap\":\"small\",\"grid_row_gap\":\"small\",\"margin\":\"medium\"},\"children\":[{\"type\":\"button_item\",\"props\":{\"button_style\":\"primary\",\"icon_align\":\"left\",\"content\":\"KAPCSOLAT\",\"link\":\"\\\/hu\\\/kontakt\\\/\"}}],\"name\":\"zum Kontaktformular Button\"}]}]}]}],\"version\":\"2.4.17\"} --><\/p>\n","protected":false},"excerpt":{"rendered":"<p>QPAY CHECKOUT PAGE Az individu\u00e1lis e-commerce fizet\u00e9si fel\u00fclet A QPay Checkout Page egy rugalmas fizet\u00e9si fel\u00fclet, amit \u00d6n egyszer\u0171en saj\u00e1t ig\u00e9nyeihez igaz\u00edthat; ennek el\u0151nyei: PCI-konform e-commerce fizet\u00e9si fel\u00fclet Minden \u00e1ltal\u00e1nos fizet\u00e9si eszk\u00f6z t\u00e1mogatva A bankk\u00e1rty\u00e1kra vonatkoz\u00f3 3DSecure-oldal 26 nyelven \u00e9rhet\u0151 el Testre szabott arculat Integr\u00e1lt kock\u00e1zatkezel\u00e9s Csatlakoz\u00e1s a web\u00e1ruh\u00e1zakhoz pluginnal Egy\u00fcttm\u0171k\u00f6d\u00e9s sz\u00e1mos k\u00e1rtyaelfogad\u00f3 bankkal A [&hellip;]<\/p>\n","protected":false},"author":1,"featured_media":0,"parent":4927,"menu_order":0,"comment_status":"closed","ping_status":"closed","template":"","meta":[],"_links":{"self":[{"href":"https:\/\/sit.hobex.at\/hu\/wp-json\/wp\/v2\/pages\/4934"}],"collection":[{"href":"https:\/\/sit.hobex.at\/hu\/wp-json\/wp\/v2\/pages"}],"about":[{"href":"https:\/\/sit.hobex.at\/hu\/wp-json\/wp\/v2\/types\/page"}],"author":[{"embeddable":true,"href":"https:\/\/sit.hobex.at\/hu\/wp-json\/wp\/v2\/users\/1"}],"replies":[{"embeddable":true,"href":"https:\/\/sit.hobex.at\/hu\/wp-json\/wp\/v2\/comments?post=4934"}],"version-history":[{"count":4,"href":"https:\/\/sit.hobex.at\/hu\/wp-json\/wp\/v2\/pages\/4934\/revisions"}],"predecessor-version":[{"id":7435,"href":"https:\/\/sit.hobex.at\/hu\/wp-json\/wp\/v2\/pages\/4934\/revisions\/7435"}],"up":[{"embeddable":true,"href":"https:\/\/sit.hobex.at\/hu\/wp-json\/wp\/v2\/pages\/4927"}],"wp:attachment":[{"href":"https:\/\/sit.hobex.at\/hu\/wp-json\/wp\/v2\/media?parent=4934"}],"curies":[{"name":"wp","href":"https:\/\/api.w.org\/{rel}","templated":true}]}}