{"id":4937,"date":"2020-10-02T12:16:18","date_gmt":"2020-10-02T10:16:18","guid":{"rendered":"https:\/\/www.qenta.com\/fizetesi-megoldasok\/qcall-check-out-terminal\/"},"modified":"2021-07-19T13:58:10","modified_gmt":"2021-07-19T11:58:10","slug":"qcall-check-out-terminal","status":"publish","type":"page","link":"https:\/\/sit.hobex.at\/hu\/fizetesi-megoldasok\/qcall-check-out-terminal\/","title":{"rendered":"QCALL &#8211; Checkout Terminal"},"content":{"rendered":"<h2>\n<h2 class=\"uk-h1 uk-text-truncate\">QCALL CHECKOUT TERMINAL<\/h2>\n<\/h2>\n<h2>\n<p>\u00cdr\u00e1sbeli vagy telefonos megrendel\u00e9sek fizet\u00e9seinek feldolgoz\u00e1sa<\/p>\n<\/h2>\n<div>\n<p>A QCall Checkout Terminal a t\u00f6k\u00e9letes megold\u00e1s olyan fizet\u00e9sek lebonyol\u00edt\u00e1s\u00e1ra, amelyekn\u00e9l \u00d6n a fizet\u00e9si adatokat telefonon, e-mailben vagy megrendel\u0151lapon kereszt\u00fcl kapja meg. A QCall Checkout Terminal megfelel a PCI, azaz a k\u00e1rtyat\u00e1rsas\u00e1gok fizet\u00e9sek biztons\u00e1g\u00e1ra vonatkoz\u00f3 k\u00f6vetelm\u00e9nyeinek.<\/p>\n<ul class=\"ul1\">\n<li>Tiszt\u00e1n web alap\u00fa<\/li>\n<li>Felhaszn\u00e1l\u00f3n\u00e9v \u00e9s jelsz\u00f3 \u00e1ltal v\u00e9dve<\/li>\n<li>A fizet\u00e9si adatok val\u00f3sidej\u0171 ellen\u0151rz\u00e9se<\/li>\n<li>Rugalmasan bevethet\u0151, ism\u00e9tl\u0151d\u0151 fizet\u00e9sek kezel\u00e9se is lehets\u00e9ges (pl. el\u0151fizet\u00e9sek)<\/li>\n<\/ul>\n<\/div>\n<h2>\n<p>A fizet\u00e9si adatok ellen\u0151rz\u00e9se m\u00e9g a rendel\u00e9si folyamat k\u00f6zben<\/p>\n<\/h2>\n<div>\n<p>A QCall Checkout Terminal-lal az \u00fcgyfelei fizet\u00e9si adatait (bankk\u00e1rtyasz\u00e1m, lej\u00e1rati d\u00e1tum, \u00f6sszeg) egy webalap\u00fa fel\u00fcleten tudja bevinni, \u00e9s azonnali visszajelz\u00e9st kap a fizet\u00e9s eredm\u00e9ny\u00e9r\u0151l (pl. a fizet\u00e9s sikeres volt, a fizet\u00e9st elutas\u00edtott\u00e1k, bankk\u00e1rtyasz\u00e1m \u00e9rv\u00e9nytelen\u2026) A QCall Checkout Terminal minden b\u00f6ng\u00e9sz\u0151n biztons\u00e1gos kapcsolaton kereszt\u00fcl \u00e9rhet\u0151 el, \u00e9s tov\u00e1bbi funkci\u00f3kkal, mint pl. ism\u00e9tl\u0151d\u0151 fizet\u00e9sekkel is szolg\u00e1l. QCall Checkout Terminal kezel\u0151fel\u00fclete n\u00e9met \u00e9s angol nyelven \u00e9rhet\u0151 el.<\/p>\n<p>A Q-Payment Center (QPC) a QCall Checkout Terminal-hoz tartozik, \u00e9s a fizet\u00e9sek egyszer\u0171 ellen\u0151rz\u00e9s\u00e9t, \u00e9s kezel\u00e9s\u00e9t teszi lehet\u0151v\u00e9. Az \u00f6sszes sikeres fizet\u00e9s megjelenik a kezel\u0151fel\u00fcleten, \u00e9s tov\u00e1bbi feldolgoz\u00e1s c\u00e9lj\u00e1ra rendelkez\u00e9sre \u00e1ll. A Q-Payment Center webalap\u00fa, sz\u00e1mviteli fel\u00fcletk\u00e9nt tervezett interf\u00e9sz. A QCall Checkout Terminal sz\u00e1mos automatiz\u00e1ci\u00f3s lehet\u0151s\u00e9get ny\u00fajt.<\/p>\n<p><strong>A Qcall Checkout Terminal k\u00f6vetkez\u0151 fizet\u0151eszk\u00f6z\u00f6ket tudja kezelni:<\/strong><\/p>\n<ul style=\"font-weight: 400;\">\n<li data-leveltext=\"\uf0b7\" data-font=\"Symbol\" data-listid=\"13\" aria-setsize=\"-1\" data-aria-posinset=\"1\" data-aria-level=\"1\"><span data-contrast=\"auto\">Visa<\/span><span data-ccp-props=\"{&quot;201341983&quot;:0,&quot;335559739&quot;:160,&quot;335559740&quot;:259}\">\u00a0<\/span><\/li>\n<li data-leveltext=\"\uf0b7\" data-font=\"Symbol\" data-listid=\"13\" aria-setsize=\"-1\" data-aria-posinset=\"2\" data-aria-level=\"1\"><span data-contrast=\"auto\">MasterCard<\/span><span data-ccp-props=\"{&quot;201341983&quot;:0,&quot;335559739&quot;:160,&quot;335559740&quot;:259}\">\u00a0<\/span><\/li>\n<li data-leveltext=\"\uf0b7\" data-font=\"Symbol\" data-listid=\"13\" aria-setsize=\"-1\" data-aria-posinset=\"3\" data-aria-level=\"1\"><span data-contrast=\"auto\">Diners Club<\/span><span data-ccp-props=\"{&quot;201341983&quot;:0,&quot;335559739&quot;:160,&quot;335559740&quot;:259}\">\u00a0<\/span><\/li>\n<li data-leveltext=\"\uf0b7\" data-font=\"Symbol\" data-listid=\"13\" aria-setsize=\"-1\" data-aria-posinset=\"4\" data-aria-level=\"1\"><span data-contrast=\"auto\">American Express<\/span><span data-ccp-props=\"{&quot;201341983&quot;:0,&quot;335559739&quot;:160,&quot;335559740&quot;:259}\">\u00a0<\/span><\/li>\n<li data-leveltext=\"\uf0b7\" data-font=\"Symbol\" data-listid=\"13\" aria-setsize=\"-1\" data-aria-posinset=\"4\" data-aria-level=\"1\">SEPA &#8211; csoportos beszed\u00e9si megb\u00edz\u00e1s<\/li>\n<\/ul>\n<ul><\/ul>\n<\/div>\n<h2>\n<p>Kapcsolat<\/p>\n<\/h2>\n<div>\n<p>Amennyiben felkeltett\u00fck \u00e9rdekl\u0151d\u00e9s\u00e9t partnerprogramunk ir\u00e1nt, k\u00e9rj\u00fck, vegye fel vel\u00fcnk a kapcsolatot. Sz\u00edvesen seg\u00edt\u00fcnk \u00d6nnek.<\/p>\n<\/div>\n<p>\n    <a href=\"\/hu\/kontakt\/\">KAPCSOLAT<\/a>\n<\/p>\n<p><!--more--><br \/>\n<!-- {\"name\":\"Pricing\",\"type\":\"layout\",\"children\":[{\"name\":\"Header\",\"type\":\"section\",\"props\":{\"width\":\"default\",\"padding\":\"large\",\"style\":\"secondary\",\"media\":\"images\\\/home-quality.jpg\",\"height_viewport\":false,\"image\":\"wp-content\\\/uploads\\\/2020\\\/10\\\/shutterstock_149534228-verlauf-1-scaled.jpg\",\"animation\":\"fade\",\"image_size\":\"cover\",\"image_position\":\"center-center\",\"vertical_align\":\"middle\",\"title_position\":\"top-left\",\"title_rotation\":\"left\",\"title_breakpoint\":\"xl\",\"image_width\":\"2560\"},\"children\":[{\"name\":\"\",\"type\":\"row\",\"children\":[{\"name\":\"\",\"type\":\"column\",\"props\":{\"image_position\":\"center-center\",\"media_overlay_gradient\":\"\",\"width_medium\":\"1-1\"},\"children\":[{\"name\":\"\",\"type\":\"headline\",\"props\":{\"title_element\":\"h2\",\"content\":\"\n\n<h2 class=\\\"uk-h1 uk-text-truncate\\\">QCALL CHECKOUT TERMINAL<\\\/h2>\",\"title_style\":\"h1\",\"text_align\":\"left\",\"maxwidth\":\"large\",\"margin\":\"medium\",\"title_color\":\"primary\"}}]}]}]},{\"name\":\"Pricing\",\"type\":\"section\",\"props\":{\"width\":\"default\",\"padding\":\"small\",\"style\":\"default\",\"image_size\":\"cover\",\"animation\":\"slide-bottom-small\",\"animation_delay\":false,\"vertical_align\":\"middle\",\"title_position\":\"top-left\",\"title_rotation\":\"left\",\"title_breakpoint\":\"xl\",\"image_position\":\"center-center\"},\"children\":[{\"type\":\"row\",\"props\":{\"width\":\"large\",\"margin_remove_bottom\":false,\"margin_remove_top\":false},\"children\":[{\"type\":\"column\",\"props\":{\"image_position\":\"center-center\",\"media_overlay_gradient\":\"\",\"width_medium\":\"\"},\"children\":[{\"name\":\"\",\"type\":\"headline\",\"props\":{\"title_element\":\"h2\",\"content\":\"\n\n<p>\\u00cdr\\u00e1sbeli vagy telefonos megrendel\\u00e9sek fizet\\u00e9seinek feldolgoz\\u00e1sa<\\\/p>\",\"text_align\":\"left\",\"title_style\":\"h2\"}},{\"name\":\"\",\"type\":\"text\",\"props\":{\"margin\":\"default\",\"content\":\"\n\n<p>A QCall Checkout Terminal a t\\u00f6k\\u00e9letes megold\\u00e1s olyan fizet\\u00e9sek lebonyol\\u00edt\\u00e1s\\u00e1ra, amelyekn\\u00e9l \\u00d6n a fizet\\u00e9si adatokat telefonon, e-mailben vagy megrendel\\u0151lapon kereszt\\u00fcl kapja meg. A QCall Checkout Terminal megfelel a PCI, azaz a k\\u00e1rtyat\\u00e1rsas\\u00e1gok fizet\\u00e9sek biztons\\u00e1g\\u00e1ra vonatkoz\\u00f3 k\\u00f6vetelm\\u00e9nyeinek.<\\\/p>\\n\n\n<ul class=\\\"ul1\\\">\\n\n\n<li>Tiszt\\u00e1n web alap\\u00fa<\\\/li>\\n\n\n<li>Felhaszn\\u00e1l\\u00f3n\\u00e9v \\u00e9s jelsz\\u00f3 \\u00e1ltal v\\u00e9dve<\\\/li>\\n\n\n<li>A fizet\\u00e9si adatok val\\u00f3sidej\\u0171 ellen\\u0151rz\\u00e9se<\\\/li>\\n\n\n<li>Rugalmasan bevethet\\u0151, ism\\u00e9tl\\u0151d\\u0151 fizet\\u00e9sek kezel\\u00e9se is lehets\\u00e9ges (pl. el\\u0151fizet\\u00e9sek)<\\\/li>\\n<\\\/ul>\",\"text_align\":\"left\",\"column_breakpoint\":\"m\",\"text_style\":\"lead\"}}]}]}]},{\"type\":\"section\",\"props\":{\"style\":\"muted\",\"width\":\"default\",\"vertical_align\":\"middle\",\"title_position\":\"top-left\",\"title_rotation\":\"left\",\"title_breakpoint\":\"xl\",\"image_position\":\"center-center\",\"padding_remove_bottom\":false,\"status\":\"disabled\"},\"children\":[{\"name\":\"\",\"type\":\"row\",\"props\":{\"layout\":\"1-2,1-2\",\"divider\":false,\"margin\":\"default\",\"vertical_align\":true,\"column_gap\":\"large\",\"width\":\"small\",\"margin_remove_bottom\":false},\"children\":[{\"name\":\"\",\"type\":\"column\",\"props\":{\"vertical_align\":\"middle\",\"image_position\":\"center-center\",\"media_overlay_gradient\":\"\",\"width_medium\":\"1-2\"},\"children\":[{\"name\":\"\",\"type\":\"panel\",\"props\":{\"title_element\":\"h2\",\"text_align\":\"center\",\"title\":\"Einrichtungsgeb\\u00fchr\",\"content\":\"\",\"title_style\":\"h5\",\"link\":\"#\",\"link_style\":\"default\",\"link_text\":\"\",\"margin\":\"\",\"panel_style\":\"card-default\",\"panel_size\":\"large\",\"animation\":\"slide-left-medium\",\"image_align\":\"top\",\"image_grid_width\":\"1-2\",\"meta_style\":\"heading-small\",\"meta_align\":\"below-title\",\"title_align\":\"top\",\"title_grid_width\":\"1-2\",\"image_svg_color\":\"emphasis\",\"title_hover_style\":\"reset\",\"meta\":\"149,90 \\u20ac\",\"title_grid_breakpoint\":\"m\",\"image_grid_breakpoint\":\"m\",\"icon_width\":80,\"content_column_breakpoint\":\"m\",\"meta_element\":\"div\"}}]},{\"name\":\"\",\"type\":\"column\",\"props\":{\"vertical_align\":\"middle\",\"image_position\":\"center-center\",\"media_overlay_gradient\":\"\",\"width_medium\":\"1-2\"},\"children\":[{\"name\":\"\",\"type\":\"panel\",\"props\":{\"title_element\":\"h2\",\"text_align\":\"center\",\"title\":\"Monatliche Geb\\u00fchren\",\"content\":\"\",\"title_style\":\"h5\",\"link\":\"#\",\"link_style\":\"primary\",\"link_text\":\"\",\"margin\":\"\",\"panel_style\":\"card-secondary\",\"panel_size\":\"large\",\"animation\":\"slide-bottom-medium\",\"image_align\":\"top\",\"image_grid_width\":\"1-2\",\"meta_style\":\"heading-small\",\"meta_align\":\"below-title\",\"title_align\":\"top\",\"title_grid_width\":\"1-2\",\"image_svg_color\":\"emphasis\",\"title_hover_style\":\"reset\",\"title_color\":\"primary\",\"meta\":\"9,90 \\u20ac\",\"title_grid_breakpoint\":\"m\",\"image_grid_breakpoint\":\"m\",\"icon_width\":80,\"content_column_breakpoint\":\"m\",\"meta_element\":\"div\"}}]}]},{\"type\":\"row\",\"props\":{\"margin_remove_bottom\":false,\"margin_remove_top\":false,\"margin\":\"large\"},\"children\":[{\"type\":\"column\",\"props\":{\"image_position\":\"center-center\",\"media_overlay_gradient\":\"\"},\"children\":[{\"type\":\"text\",\"props\":{\"margin\":\"default\",\"column_breakpoint\":\"m\",\"content\":\"\n\n<p style=\\\"text-align: center;\\\">Bankk\\u00e1rtyacsomaggal egy\\u00fctt (VISA, MasterCard, American Express, DinersClub)<\\\/p>\\n\n\n<p style=\\\"text-align: center;\\\">Az \\u00e1r a tov\\u00e1bbi tranzakci\\u00f3s csomagok, illetve fizet\\u0151eszk\\u00f6z\\u00f6k \\u00e1r\\u00e1t nem tartalmazza.<\\\/p>\",\"position\":\"relative\",\"position_top\":\"-40\",\"margin_remove_bottom\":false}}]}]}]},{\"type\":\"section\",\"props\":{\"style\":\"default\",\"width\":\"default\",\"vertical_align\":\"middle\",\"title_position\":\"top-left\",\"title_rotation\":\"left\",\"title_breakpoint\":\"xl\",\"image_position\":\"center-center\"},\"children\":[{\"type\":\"row\",\"children\":[{\"type\":\"column\",\"props\":{\"image_position\":\"center-center\",\"media_overlay_gradient\":\"\",\"width_medium\":\"\"},\"children\":[{\"type\":\"headline\",\"props\":{\"title_element\":\"h2\",\"content\":\"\n\n<p>A fizet\\u00e9si adatok ellen\\u0151rz\\u00e9se m\\u00e9g a rendel\\u00e9si folyamat k\\u00f6zben<\\\/p>\",\"title_style\":\"h2\"}},{\"type\":\"text\",\"props\":{\"margin\":\"default\",\"column_breakpoint\":\"m\",\"content\":\"\n\n<p>A QCall Checkout Terminal-lal az \\u00fcgyfelei fizet\\u00e9si adatait (bankk\\u00e1rtyasz\\u00e1m, lej\\u00e1rati d\\u00e1tum, \\u00f6sszeg) egy webalap\\u00fa fel\\u00fcleten tudja bevinni, \\u00e9s azonnali visszajelz\\u00e9st kap a fizet\\u00e9s eredm\\u00e9ny\\u00e9r\\u0151l (pl. a fizet\\u00e9s sikeres volt, a fizet\\u00e9st elutas\\u00edtott\\u00e1k, bankk\\u00e1rtyasz\\u00e1m \\u00e9rv\\u00e9nytelen\\u2026) A QCall Checkout Terminal minden b\\u00f6ng\\u00e9sz\\u0151n biztons\\u00e1gos kapcsolaton kereszt\\u00fcl \\u00e9rhet\\u0151 el, \\u00e9s tov\\u00e1bbi funkci\\u00f3kkal, mint pl. ism\\u00e9tl\\u0151d\\u0151 fizet\\u00e9sekkel is szolg\\u00e1l. QCall Checkout Terminal kezel\\u0151fel\\u00fclete n\\u00e9met \\u00e9s angol nyelven \\u00e9rhet\\u0151 el.<\\\/p>\\n\n\n<p>A Q-Payment Center (QPC) a QCall Checkout Terminal-hoz tartozik, \\u00e9s a fizet\\u00e9sek egyszer\\u0171 ellen\\u0151rz\\u00e9s\\u00e9t, \\u00e9s kezel\\u00e9s\\u00e9t teszi lehet\\u0151v\\u00e9. Az \\u00f6sszes sikeres fizet\\u00e9s megjelenik a kezel\\u0151fel\\u00fcleten, \\u00e9s tov\\u00e1bbi feldolgoz\\u00e1s c\\u00e9lj\\u00e1ra rendelkez\\u00e9sre \\u00e1ll. A Q-Payment Center webalap\\u00fa, sz\\u00e1mviteli fel\\u00fcletk\\u00e9nt tervezett interf\\u00e9sz. A QCall Checkout Terminal sz\\u00e1mos automatiz\\u00e1ci\\u00f3s lehet\\u0151s\\u00e9get ny\\u00fajt.<\\\/p>\\n\n\n<p><strong>A Qcall Checkout Terminal k\\u00f6vetkez\\u0151 fizet\\u0151eszk\\u00f6z\\u00f6ket tudja kezelni:<\\\/strong><\\\/p>\\n\n\n<ul style=\\\"font-weight: 400;\\\">\\n\n\n<li data-leveltext=\\\"\\uf0b7\\\" data-font=\\\"Symbol\\\" data-listid=\\\"13\\\" aria-setsize=\\\"-1\\\" data-aria-posinset=\\\"1\\\" data-aria-level=\\\"1\\\"><span data-contrast=\\\"auto\\\">Visa<\\\/span><span data-ccp-props=\\\"{&quot;201341983&quot;:0,&quot;335559739&quot;:160,&quot;335559740&quot;:259}\\\">\\u00a0<\\\/span><\\\/li>\\n\n\n<li data-leveltext=\\\"\\uf0b7\\\" data-font=\\\"Symbol\\\" data-listid=\\\"13\\\" aria-setsize=\\\"-1\\\" data-aria-posinset=\\\"2\\\" data-aria-level=\\\"1\\\"><span data-contrast=\\\"auto\\\">MasterCard<\\\/span><span data-ccp-props=\\\"{&quot;201341983&quot;:0,&quot;335559739&quot;:160,&quot;335559740&quot;:259}\\\">\\u00a0<\\\/span><\\\/li>\\n\n\n<li data-leveltext=\\\"\\uf0b7\\\" data-font=\\\"Symbol\\\" data-listid=\\\"13\\\" aria-setsize=\\\"-1\\\" data-aria-posinset=\\\"3\\\" data-aria-level=\\\"1\\\"><span data-contrast=\\\"auto\\\">Diners Club<\\\/span><span data-ccp-props=\\\"{&quot;201341983&quot;:0,&quot;335559739&quot;:160,&quot;335559740&quot;:259}\\\">\\u00a0<\\\/span><\\\/li>\\n\n\n<li data-leveltext=\\\"\\uf0b7\\\" data-font=\\\"Symbol\\\" data-listid=\\\"13\\\" aria-setsize=\\\"-1\\\" data-aria-posinset=\\\"4\\\" data-aria-level=\\\"1\\\"><span data-contrast=\\\"auto\\\">American Express<\\\/span><span data-ccp-props=\\\"{&quot;201341983&quot;:0,&quot;335559739&quot;:160,&quot;335559740&quot;:259}\\\">\\u00a0<\\\/span><\\\/li>\\n\n\n<li data-leveltext=\\\"\\uf0b7\\\" data-font=\\\"Symbol\\\" data-listid=\\\"13\\\" aria-setsize=\\\"-1\\\" data-aria-posinset=\\\"4\\\" data-aria-level=\\\"1\\\">SEPA - csoportos beszed\\u00e9si megb\\u00edz\\u00e1s<\\\/li>\\n<\\\/ul>\\n\n\n<ul><\\\/ul>\",\"text_style\":\"lead\"}}]}]}]},{\"type\":\"section\",\"props\":{\"style\":\"muted\",\"width\":\"default\",\"vertical_align\":\"middle\",\"title_position\":\"top-left\",\"title_rotation\":\"left\",\"title_breakpoint\":\"xl\",\"image_position\":\"center-center\"},\"children\":[{\"type\":\"row\",\"children\":[{\"type\":\"column\",\"props\":{\"image_position\":\"center-center\",\"media_overlay_gradient\":\"\",\"width_medium\":\"\"},\"children\":[{\"type\":\"headline\",\"props\":{\"title_element\":\"h2\",\"content\":\"\n\n<p>Kapcsolat<\\\/p>\",\"title_style\":\"h2\"}},{\"type\":\"text\",\"props\":{\"margin\":\"default\",\"column_breakpoint\":\"m\",\"content\":\"\n\n<p>Amennyiben felkeltett\\u00fck \\u00e9rdekl\\u0151d\\u00e9s\\u00e9t partnerprogramunk ir\\u00e1nt, k\\u00e9rj\\u00fck, vegye fel vel\\u00fcnk a kapcsolatot. Sz\\u00edvesen seg\\u00edt\\u00fcnk \\u00d6nnek.<\\\/p>\"}},{\"type\":\"button\",\"props\":{\"grid_column_gap\":\"small\",\"grid_row_gap\":\"small\",\"margin\":\"medium\"},\"children\":[{\"type\":\"button_item\",\"props\":{\"button_style\":\"primary\",\"icon_align\":\"left\",\"content\":\"KAPCSOLAT\",\"link\":\"hu\\\/kontakt\\\/\"}}],\"name\":\"zum Kontaktformular Button\"}]}]}]}],\"version\":\"2.4.17\"} --><\/p>\n","protected":false},"excerpt":{"rendered":"<p>QCALL CHECKOUT TERMINAL \u00cdr\u00e1sbeli vagy telefonos megrendel\u00e9sek fizet\u00e9seinek feldolgoz\u00e1sa A QCall Checkout Terminal a t\u00f6k\u00e9letes megold\u00e1s olyan fizet\u00e9sek lebonyol\u00edt\u00e1s\u00e1ra, amelyekn\u00e9l \u00d6n a fizet\u00e9si adatokat telefonon, e-mailben vagy megrendel\u0151lapon kereszt\u00fcl kapja meg. A QCall Checkout Terminal megfelel a PCI, azaz a k\u00e1rtyat\u00e1rsas\u00e1gok fizet\u00e9sek biztons\u00e1g\u00e1ra vonatkoz\u00f3 k\u00f6vetelm\u00e9nyeinek. Tiszt\u00e1n web alap\u00fa Felhaszn\u00e1l\u00f3n\u00e9v \u00e9s jelsz\u00f3 \u00e1ltal v\u00e9dve A fizet\u00e9si [&hellip;]<\/p>\n","protected":false},"author":1,"featured_media":0,"parent":4927,"menu_order":0,"comment_status":"closed","ping_status":"closed","template":"","meta":[],"_links":{"self":[{"href":"https:\/\/sit.hobex.at\/hu\/wp-json\/wp\/v2\/pages\/4937"}],"collection":[{"href":"https:\/\/sit.hobex.at\/hu\/wp-json\/wp\/v2\/pages"}],"about":[{"href":"https:\/\/sit.hobex.at\/hu\/wp-json\/wp\/v2\/types\/page"}],"author":[{"embeddable":true,"href":"https:\/\/sit.hobex.at\/hu\/wp-json\/wp\/v2\/users\/1"}],"replies":[{"embeddable":true,"href":"https:\/\/sit.hobex.at\/hu\/wp-json\/wp\/v2\/comments?post=4937"}],"version-history":[{"count":3,"href":"https:\/\/sit.hobex.at\/hu\/wp-json\/wp\/v2\/pages\/4937\/revisions"}],"predecessor-version":[{"id":5247,"href":"https:\/\/sit.hobex.at\/hu\/wp-json\/wp\/v2\/pages\/4937\/revisions\/5247"}],"up":[{"embeddable":true,"href":"https:\/\/sit.hobex.at\/hu\/wp-json\/wp\/v2\/pages\/4927"}],"wp:attachment":[{"href":"https:\/\/sit.hobex.at\/hu\/wp-json\/wp\/v2\/media?parent=4937"}],"curies":[{"name":"wp","href":"https:\/\/api.w.org\/{rel}","templated":true}]}}