{"id":4940,"date":"2020-10-02T12:21:42","date_gmt":"2020-10-02T10:21:42","guid":{"rendered":"https:\/\/www.qenta.com\/fizetesi-megoldasok\/qpc-payment-center\/"},"modified":"2021-06-11T14:59:20","modified_gmt":"2021-06-11T12:59:20","slug":"qpc-payment-center","status":"publish","type":"page","link":"https:\/\/sit.hobex.at\/hu\/fizetesi-megoldasok\/qpc-payment-center\/","title":{"rendered":"QPC &#8211; PAYMENT CENTER"},"content":{"rendered":"<h2>\n<h2 class=\"uk-h1 uk-text-truncate\">Q-PAYMENT CENTER (QPC)<\/p>\n<\/h2>\n<\/h2>\n<h2>\n<p>El\u0151ny\u00f6k \u00e9s funkci\u00f3k<\/p>\n<\/h2>\n<div>\n<ul class=\"ul1\">\n<li>Webalap\u00fa fel\u00fclet a tranzakci\u00f3k kezel\u00e9s\u00e9hez (j\u00f3v\u00e1hagy\u00e1s, storn\u00f3, j\u00f3v\u00e1\u00edr\u00e1s, stb.)<\/li>\n<li>Nincs sz\u00fcks\u00e9g telep\u00edt\u00e9sre, 100%-ban webalap\u00fa<\/li>\n<li>Felhaszn\u00e1l\u00f3n\u00e9v \u00e9s jelsz\u00f3 \u00e1ltal v\u00e9dve<\/li>\n<li>Automatiz\u00e1ci\u00f3s konfigur\u00e1ci\u00f3k nagysz\u00e1m\u00fa v\u00e1laszt\u00e9ka<\/li>\n<li>Hozz\u00e1f\u00e9r\u00e9si adatok tesztel\u00e9shez<\/li>\n<\/ul>\n<\/div>\n<div>\n<p>A QPC szerves alkot\u00f3eleme a QENTA fizet\u00e9si megold\u00e1sainak. Sz\u00e1mviteli fel\u00fcletk\u00e9nt tervezve seg\u00edti \u00d6nt a fizet\u00e9si folyamatok kezel\u00e9s\u00e9ben (j\u00f3v\u00e1hagy\u00e1s, storn\u00f3, j\u00f3v\u00e1\u00edr\u00e1s, stb.).<\/p>\n<\/div>\n<h2>\n<p>Kapcsolat<\/p>\n<\/h2>\n<div>\n<p><strong>Tov\u00e1bbi inform\u00e1ci\u00f3k a QPC-r\u0151l (Q-Payment Center):<\/strong><\/p>\n<p>Vegye fel vel\u00fcnk a kapcsolatot a kapcsolatfelv\u00e9teli \u0171rlap kit\u00f6lt\u00e9s\u00e9vel, sz\u00edvesen k\u00fcld\u00fcnk \u00d6nnek tov\u00e1bbi inform\u00e1ci\u00f3kat, \u00e9s v\u00e1laszoljuk meg k\u00e9rd\u00e9seit.<\/p>\n<\/div>\n<p>\n    <a href=\"\/hu\/KAPCSOLAT\/\">KAPCSOLAT<\/a>\n<\/p>\n<p><!--more--><br \/>\n<!-- {\"name\":\"Pricing\",\"type\":\"layout\",\"children\":[{\"name\":\"Header\",\"type\":\"section\",\"props\":{\"width\":\"default\",\"padding\":\"large\",\"style\":\"secondary\",\"media\":\"images\\\/home-quality.jpg\",\"height_viewport\":false,\"image\":\"wp-content\\\/uploads\\\/2020\\\/10\\\/shutterstock_149534228-verlauf-1-scaled.jpg\",\"animation\":\"fade\",\"image_size\":\"cover\",\"image_position\":\"center-center\",\"vertical_align\":\"middle\",\"title_position\":\"top-left\",\"title_rotation\":\"left\",\"title_breakpoint\":\"xl\",\"image_width\":\"2560\"},\"children\":[{\"name\":\"\",\"type\":\"row\",\"children\":[{\"name\":\"\",\"type\":\"column\",\"props\":{\"image_position\":\"center-center\",\"media_overlay_gradient\":\"\",\"width_medium\":\"1-1\"},\"children\":[{\"name\":\"\",\"type\":\"headline\",\"props\":{\"title_element\":\"h2\",\"content\":\"\n\n<h2 class=\\\"uk-h1 uk-text-truncate\\\">Q-PAYMENT CENTER (QPC)<br \\\/><br \\\/><\\\/h2>\",\"title_style\":\"h1\",\"text_align\":\"left\",\"maxwidth\":\"large\",\"margin\":\"medium\",\"title_color\":\"primary\"}}]}]}]},{\"name\":\"Pricing\",\"type\":\"section\",\"props\":{\"width\":\"default\",\"style\":\"default\",\"image_size\":\"cover\",\"animation\":\"slide-bottom-small\",\"animation_delay\":false,\"vertical_align\":\"middle\",\"title_position\":\"top-left\",\"title_rotation\":\"left\",\"title_breakpoint\":\"xl\",\"image_position\":\"center-center\",\"padding_remove_bottom\":false,\"padding_remove_top\":false},\"children\":[{\"type\":\"row\",\"props\":{\"width\":\"large\",\"margin_remove_bottom\":false,\"margin_remove_top\":false},\"children\":[{\"type\":\"column\",\"props\":{\"image_position\":\"center-center\",\"media_overlay_gradient\":\"\"},\"children\":[{\"name\":\"\",\"type\":\"headline\",\"props\":{\"title_element\":\"h2\",\"content\":\"\n\n<p>El\\u0151ny\\u00f6k \\u00e9s funkci\\u00f3k<\\\/p>\",\"text_align\":\"left\",\"margin_remove_bottom\":true,\"title_style\":\"h2\"}}]}]},{\"name\":\"\",\"type\":\"row\",\"props\":{\"column_gap\":\"large\",\"width\":\"large\",\"layout\":\"1-2,1-2\",\"margin_remove_top\":true,\"margin\":\"large\"},\"children\":[{\"name\":\"\",\"type\":\"column\",\"children\":[{\"name\":\"\",\"type\":\"text\",\"props\":{\"margin\":\"default\",\"content\":\"\n\n<ul class=\\\"ul1\\\">\\n\n\n<li>Webalap\\u00fa fel\\u00fclet a tranzakci\\u00f3k kezel\\u00e9s\\u00e9hez (j\\u00f3v\\u00e1hagy\\u00e1s, storn\\u00f3, j\\u00f3v\\u00e1\\u00edr\\u00e1s, stb.)<\\\/li>\\n\n\n<li>Nincs sz\\u00fcks\\u00e9g telep\\u00edt\\u00e9sre, 100%-ban webalap\\u00fa<\\\/li>\\n\n\n<li>Felhaszn\\u00e1l\\u00f3n\\u00e9v \\u00e9s jelsz\\u00f3 \\u00e1ltal v\\u00e9dve<\\\/li>\\n\n\n<li>Automatiz\\u00e1ci\\u00f3s konfigur\\u00e1ci\\u00f3k nagysz\\u00e1m\\u00fa v\\u00e1laszt\\u00e9ka<\\\/li>\\n\n\n<li>Hozz\\u00e1f\\u00e9r\\u00e9si adatok tesztel\\u00e9shez<\\\/li>\\n<\\\/ul>\",\"text_align\":\"left\",\"maxwidth\":\"xlarge\",\"column_breakpoint\":\"m\",\"text_style\":\"lead\"}}],\"props\":{\"image_position\":\"center-center\",\"media_overlay_gradient\":\"\",\"width_medium\":\"1-2\"}},{\"type\":\"column\",\"props\":{\"image_position\":\"center-center\",\"media_overlay_gradient\":\"\",\"width_medium\":\"1-2\"},\"children\":[{\"type\":\"text\",\"props\":{\"margin\":\"default\",\"column_breakpoint\":\"m\",\"content\":\"\n\n<p>A QPC szerves alkot\\u00f3eleme a QENTA fizet\\u00e9si megold\\u00e1sainak. Sz\\u00e1mviteli fel\\u00fcletk\\u00e9nt tervezve seg\\u00edti \\u00d6nt a fizet\\u00e9si folyamatok kezel\\u00e9s\\u00e9ben (j\\u00f3v\\u00e1hagy\\u00e1s, storn\\u00f3, j\\u00f3v\\u00e1\\u00edr\\u00e1s, stb.).<\\\/p>\",\"text_style\":\"lead\"}}]}]}]},{\"type\":\"section\",\"props\":{\"style\":\"muted\",\"width\":\"default\",\"vertical_align\":\"middle\",\"title_position\":\"top-left\",\"title_rotation\":\"left\",\"title_breakpoint\":\"xl\",\"image_position\":\"center-center\"},\"children\":[{\"type\":\"row\",\"children\":[{\"type\":\"column\",\"props\":{\"image_position\":\"center-center\",\"media_overlay_gradient\":\"\",\"width_medium\":\"\"},\"children\":[{\"type\":\"headline\",\"props\":{\"title_element\":\"h2\",\"content\":\"\n\n<p>Kapcsolat<\\\/p>\",\"title_style\":\"h2\"}},{\"type\":\"text\",\"props\":{\"margin\":\"default\",\"column_breakpoint\":\"m\",\"content\":\"\n\n<p><strong>Tov\\u00e1bbi inform\\u00e1ci\\u00f3k a QPC-r\\u0151l (Q-Payment Center):<\\\/strong><\\\/p>\\n\n\n<p>Vegye fel vel\\u00fcnk a kapcsolatot a kapcsolatfelv\\u00e9teli \\u0171rlap kit\\u00f6lt\\u00e9s\\u00e9vel, sz\\u00edvesen k\\u00fcld\\u00fcnk \\u00d6nnek tov\\u00e1bbi inform\\u00e1ci\\u00f3kat, \\u00e9s v\\u00e1laszoljuk meg k\\u00e9rd\\u00e9seit.<\\\/p>\"}},{\"type\":\"button\",\"props\":{\"grid_column_gap\":\"small\",\"grid_row_gap\":\"small\",\"margin\":\"medium\"},\"children\":[{\"type\":\"button_item\",\"props\":{\"button_style\":\"primary\",\"icon_align\":\"left\",\"content\":\"KAPCSOLAT\",\"link\":\"\\\/hu\\\/KAPCSOLAT\\\/\"}}],\"name\":\"zum Kontaktformular Button\"}]}]}]}],\"version\":\"2.4.17\"} --><\/p>\n","protected":false},"excerpt":{"rendered":"<p>Q-PAYMENT CENTER (QPC) El\u0151ny\u00f6k \u00e9s funkci\u00f3k Webalap\u00fa fel\u00fclet a tranzakci\u00f3k kezel\u00e9s\u00e9hez (j\u00f3v\u00e1hagy\u00e1s, storn\u00f3, j\u00f3v\u00e1\u00edr\u00e1s, stb.) Nincs sz\u00fcks\u00e9g telep\u00edt\u00e9sre, 100%-ban webalap\u00fa Felhaszn\u00e1l\u00f3n\u00e9v \u00e9s jelsz\u00f3 \u00e1ltal v\u00e9dve Automatiz\u00e1ci\u00f3s konfigur\u00e1ci\u00f3k nagysz\u00e1m\u00fa v\u00e1laszt\u00e9ka Hozz\u00e1f\u00e9r\u00e9si adatok tesztel\u00e9shez A QPC szerves alkot\u00f3eleme a QENTA fizet\u00e9si megold\u00e1sainak. Sz\u00e1mviteli fel\u00fcletk\u00e9nt tervezve seg\u00edti \u00d6nt a fizet\u00e9si folyamatok kezel\u00e9s\u00e9ben (j\u00f3v\u00e1hagy\u00e1s, storn\u00f3, j\u00f3v\u00e1\u00edr\u00e1s, stb.). Kapcsolat Tov\u00e1bbi [&hellip;]<\/p>\n","protected":false},"author":1,"featured_media":0,"parent":4927,"menu_order":0,"comment_status":"closed","ping_status":"closed","template":"","meta":[],"_links":{"self":[{"href":"https:\/\/sit.hobex.at\/hu\/wp-json\/wp\/v2\/pages\/4940"}],"collection":[{"href":"https:\/\/sit.hobex.at\/hu\/wp-json\/wp\/v2\/pages"}],"about":[{"href":"https:\/\/sit.hobex.at\/hu\/wp-json\/wp\/v2\/types\/page"}],"author":[{"embeddable":true,"href":"https:\/\/sit.hobex.at\/hu\/wp-json\/wp\/v2\/users\/1"}],"replies":[{"embeddable":true,"href":"https:\/\/sit.hobex.at\/hu\/wp-json\/wp\/v2\/comments?post=4940"}],"version-history":[{"count":1,"href":"https:\/\/sit.hobex.at\/hu\/wp-json\/wp\/v2\/pages\/4940\/revisions"}],"predecessor-version":[{"id":4941,"href":"https:\/\/sit.hobex.at\/hu\/wp-json\/wp\/v2\/pages\/4940\/revisions\/4941"}],"up":[{"embeddable":true,"href":"https:\/\/sit.hobex.at\/hu\/wp-json\/wp\/v2\/pages\/4927"}],"wp:attachment":[{"href":"https:\/\/sit.hobex.at\/hu\/wp-json\/wp\/v2\/media?parent=4940"}],"curies":[{"name":"wp","href":"https:\/\/api.w.org\/{rel}","templated":true}]}}