{"id":4943,"date":"2020-10-02T12:18:59","date_gmt":"2020-10-02T10:18:59","guid":{"rendered":"https:\/\/www.qenta.com\/fizetesi-megoldasok\/qfile-checkout-automated\/"},"modified":"2021-07-19T13:57:56","modified_gmt":"2021-07-19T11:57:56","slug":"qfile-checkout-automated","status":"publish","type":"page","link":"https:\/\/sit.hobex.at\/hu\/fizetesi-megoldasok\/qfile-checkout-automated\/","title":{"rendered":"QFILE &#8211; Checkout Automated"},"content":{"rendered":"<h2>\n<p>QFILE CHECKOUT AUTOMATED<\/p>\n<\/h2>\n<h1>\n<p>K\u00fcl\u00f6nleges tulajdons\u00e1gok:<\/p>\n<\/h1>\n<div>\n<ul class=\"ul1\">\n<li>Nem sz\u00fcks\u00e9ges telep\u00edt\u00e9s vagy webes programoz\u00e1s<\/li>\n<li>Rugalmasan bevethet\u0151<\/li>\n<li>Ide\u00e1lis ism\u00e9tl\u0151d\u0151 fizet\u00e9sek kezel\u00e9s\u00e9re<\/li>\n<li>Felhaszn\u00e1l\u00f3n\u00e9v \u00e9s jelsz\u00f3 \u00e1ltal v\u00e9dve<\/li>\n<li><span style=\"color: #ff262a;\">Saj\u00e1t PCI-tan\u00fas\u00edtv\u00e1ny \u00e9s webszerver SSL-tan\u00fas\u00edtv\u00e1nyok megszerz\u00e9se k\u00f6telez\u0151<\/span><\/li>\n<\/ul>\n<\/div>\n<div>\n<p>A QFile Checkout Automated t\u00f6k\u00e9letes megold\u00e1s az olyan felhaszn\u00e1l\u00e1sokra, amikor nem val\u00f3sidej\u0171 a fizet\u00e9s feldolgoz\u00e1sa (rendel\u00e9sek katal\u00f3gusokb\u00f3l, ism\u00e9tl\u0151d\u0151 fizet\u00e9sek, el\u0151fizet\u00e9sek, k\u00f6nyvel\u00e9si fel\u00fcletek)<\/p>\n<\/div>\n<h1>Funkcionalit\u00e1s<\/h1>\n<div>\n<p>\u00d6n a relev\u00e1ns rendel\u00e9si \u00e9s bankk\u00e1rtya adatokb\u00f3l egy list\u00e1t k\u00e9sz\u00edt (pl. MS Excel), ezt a fizet\u00e9sek feldolgoz\u00e1sa c\u00e9lj\u00e1b\u00f3l felt\u00f6lti a b\u00f6ng\u00e9sz\u0151t\u0151l f\u00fcggetlen Checkout automated webes fel\u00fcletre. A fizet\u00e9si adatok automatikusan ker\u00fclnek feldolgoz\u00e1sra (list\u00e1k, batch kezel\u00e9s). A fizet\u00e9sek feldolgoz\u00e1sa ut\u00e1n egy let\u00f6lthet\u0151 v\u00e1laszadat \u00e1ll rendelkez\u00e9s\u00e9re a fizet\u00e9sek eredm\u00e9ny\u00e9vel .<\/p>\n<p>A k\u00e1rty\u00e1s fizet\u00e9sek mellett csoportos beszed\u00e9si megb\u00edz\u00e1sok is kezelhet\u0151ek.<\/p>\n<\/div>\n<h2>\n<p>Kapcsolat<\/p>\n<\/h2>\n<div>\n<p><strong>Tov\u00e1bbi inform\u00e1ci\u00f3k a QFile-hoz\u00a0<\/strong><\/p>\n<p>Vegye fel vel\u00fcnk a kapcsolatot a kapcsolatfelv\u00e9teli \u0171rlap kit\u00f6lt\u00e9s\u00e9vel, sz\u00edvesen k\u00fcld\u00fcnk \u00d6nnek tov\u00e1bbi inform\u00e1ci\u00f3kat, \u00e9s v\u00e1laszoljuk meg k\u00e9rd\u00e9seit.<\/p>\n<\/div>\n<p>\n    <a href=\"\/hu\/kapcsolat\">KAPCSOLAT<\/a>\n<\/p>\n<p><!--more--><br \/>\n<!-- {\"name\":\"Pricing\",\"type\":\"layout\",\"children\":[{\"name\":\"Header\",\"type\":\"section\",\"props\":{\"width\":\"default\",\"padding\":\"large\",\"style\":\"secondary\",\"media\":\"images\\\/home-quality.jpg\",\"height_viewport\":false,\"image\":\"wp-content\\\/uploads\\\/2020\\\/10\\\/shutterstock_149534228-verlauf-1-scaled.jpg\",\"animation\":\"fade\",\"image_size\":\"cover\",\"image_position\":\"center-center\",\"vertical_align\":\"middle\",\"title_position\":\"top-left\",\"title_rotation\":\"left\",\"title_breakpoint\":\"xl\",\"image_width\":\"2560\"},\"children\":[{\"name\":\"\",\"type\":\"row\",\"children\":[{\"name\":\"\",\"type\":\"column\",\"props\":{\"image_position\":\"center-center\",\"media_overlay_gradient\":\"\",\"width_medium\":\"1-1\"},\"children\":[{\"name\":\"\",\"type\":\"headline\",\"props\":{\"title_element\":\"h2\",\"content\":\"\n\n<p>QFILE CHECKOUT AUTOMATED<\\\/p>\",\"title_style\":\"h1\",\"text_align\":\"left\",\"margin\":\"medium\",\"title_color\":\"primary\"}}]}]}]},{\"name\":\"Pricing\",\"type\":\"section\",\"props\":{\"width\":\"default\",\"padding\":\"small\",\"style\":\"default\",\"image_size\":\"cover\",\"animation\":\"slide-bottom-small\",\"animation_delay\":false,\"vertical_align\":\"middle\",\"title_position\":\"top-left\",\"title_rotation\":\"left\",\"title_breakpoint\":\"xl\",\"image_position\":\"center-center\"},\"children\":[{\"type\":\"row\",\"props\":{\"width\":\"large\",\"margin_remove_bottom\":false,\"margin_remove_top\":false},\"children\":[{\"type\":\"column\",\"props\":{\"image_position\":\"center-center\",\"media_overlay_gradient\":\"\"},\"children\":[{\"name\":\"\",\"type\":\"headline\",\"props\":{\"title_element\":\"h1\",\"content\":\"\n\n<p>K\\u00fcl\\u00f6nleges tulajdons\\u00e1gok:<\\\/p>\",\"text_align\":\"left\",\"title_style\":\"h2\"}}]}]},{\"name\":\"\",\"type\":\"row\",\"props\":{\"column_gap\":\"large\",\"width\":\"large\",\"layout\":\"1-2,1-2\"},\"children\":[{\"name\":\"\",\"type\":\"column\",\"children\":[{\"name\":\"\",\"type\":\"text\",\"props\":{\"margin\":\"default\",\"content\":\"\n\n<ul class=\\\"ul1\\\">\\n\n\n<li>Nem sz\\u00fcks\\u00e9ges telep\\u00edt\\u00e9s vagy webes programoz\\u00e1s<\\\/li>\\n\n\n<li>Rugalmasan bevethet\\u0151<\\\/li>\\n\n\n<li>Ide\\u00e1lis ism\\u00e9tl\\u0151d\\u0151 fizet\\u00e9sek kezel\\u00e9s\\u00e9re<\\\/li>\\n\n\n<li>Felhaszn\\u00e1l\\u00f3n\\u00e9v \\u00e9s jelsz\\u00f3 \\u00e1ltal v\\u00e9dve<\\\/li>\\n\n\n<li><span style=\\\"color: #ff262a;\\\">Saj\\u00e1t PCI-tan\\u00fas\\u00edtv\\u00e1ny \\u00e9s webszerver SSL-tan\\u00fas\\u00edtv\\u00e1nyok megszerz\\u00e9se k\\u00f6telez\\u0151<\\\/span><\\\/li>\\n<\\\/ul>\",\"text_align\":\"left\",\"maxwidth\":\"xlarge\",\"column_breakpoint\":\"m\",\"text_style\":\"lead\"}}],\"props\":{\"image_position\":\"center-center\",\"media_overlay_gradient\":\"\",\"width_medium\":\"1-2\"}},{\"type\":\"column\",\"props\":{\"image_position\":\"center-center\",\"media_overlay_gradient\":\"\",\"width_medium\":\"1-2\"},\"children\":[{\"type\":\"text\",\"props\":{\"margin\":\"default\",\"column_breakpoint\":\"m\",\"content\":\"\n\n<p>A QFile Checkout Automated t\\u00f6k\\u00e9letes megold\\u00e1s az olyan felhaszn\\u00e1l\\u00e1sokra, amikor nem val\\u00f3sidej\\u0171 a fizet\\u00e9s feldolgoz\\u00e1sa (rendel\\u00e9sek katal\\u00f3gusokb\\u00f3l, ism\\u00e9tl\\u0151d\\u0151 fizet\\u00e9sek, el\\u0151fizet\\u00e9sek, k\\u00f6nyvel\\u00e9si fel\\u00fcletek)<\\\/p>\",\"text_style\":\"lead\"}}]}]}]},{\"type\":\"section\",\"props\":{\"style\":\"muted\",\"width\":\"default\",\"vertical_align\":\"middle\",\"title_position\":\"top-left\",\"title_rotation\":\"left\",\"title_breakpoint\":\"xl\",\"image_position\":\"center-center\",\"padding_remove_bottom\":false,\"status\":\"disabled\"},\"children\":[{\"name\":\"\",\"type\":\"row\",\"props\":{\"layout\":\"1-2,1-2\",\"divider\":false,\"margin\":\"default\",\"vertical_align\":true,\"column_gap\":\"large\",\"width\":\"small\",\"margin_remove_bottom\":false},\"children\":[{\"name\":\"\",\"type\":\"column\",\"props\":{\"vertical_align\":\"middle\",\"image_position\":\"center-center\",\"media_overlay_gradient\":\"\",\"width_medium\":\"1-2\"},\"children\":[{\"name\":\"\",\"type\":\"panel\",\"props\":{\"title_element\":\"h2\",\"text_align\":\"center\",\"title\":\"Einrichtungsgeb\\u00fchr\",\"content\":\"\",\"title_style\":\"h5\",\"link\":\"#\",\"link_style\":\"default\",\"link_text\":\"\",\"margin\":\"\",\"panel_style\":\"card-default\",\"panel_size\":\"large\",\"animation\":\"slide-left-medium\",\"image_align\":\"top\",\"image_grid_width\":\"1-2\",\"meta_style\":\"heading-small\",\"meta_align\":\"below-title\",\"title_align\":\"top\",\"title_grid_width\":\"1-2\",\"image_svg_color\":\"emphasis\",\"title_hover_style\":\"reset\",\"meta\":\"149,90 \\u20ac\",\"title_grid_breakpoint\":\"m\",\"image_grid_breakpoint\":\"m\",\"icon_width\":80,\"content_column_breakpoint\":\"m\",\"meta_element\":\"div\"}}]},{\"name\":\"\",\"type\":\"column\",\"props\":{\"vertical_align\":\"middle\",\"image_position\":\"center-center\",\"media_overlay_gradient\":\"\",\"width_medium\":\"1-2\"},\"children\":[{\"name\":\"\",\"type\":\"panel\",\"props\":{\"title_element\":\"h2\",\"text_align\":\"center\",\"title\":\"Monatliche Geb\\u00fchren\",\"content\":\"\",\"title_style\":\"h5\",\"link\":\"#\",\"link_style\":\"primary\",\"link_text\":\"\",\"margin\":\"\",\"panel_style\":\"card-secondary\",\"panel_size\":\"large\",\"animation\":\"slide-bottom-medium\",\"image_align\":\"top\",\"image_grid_width\":\"1-2\",\"meta_style\":\"heading-small\",\"meta_align\":\"below-title\",\"title_align\":\"top\",\"title_grid_width\":\"1-2\",\"image_svg_color\":\"emphasis\",\"title_hover_style\":\"reset\",\"title_color\":\"primary\",\"meta\":\"9,90 \\u20ac\",\"title_grid_breakpoint\":\"m\",\"image_grid_breakpoint\":\"m\",\"icon_width\":80,\"content_column_breakpoint\":\"m\",\"meta_element\":\"div\"}}]}]},{\"type\":\"row\",\"props\":{\"margin_remove_bottom\":false,\"margin_remove_top\":false,\"margin\":\"large\"},\"children\":[{\"type\":\"column\",\"props\":{\"image_position\":\"center-center\",\"media_overlay_gradient\":\"\"},\"children\":[{\"type\":\"text\",\"props\":{\"margin\":\"default\",\"column_breakpoint\":\"m\",\"content\":\"\n\n<p style=\\\"text-align: center;\\\">Bankk\\u00e1rtyacsomaggal egy\\u00fctt (VISA, MasterCard, American Express, DinersClub)<\\\/p>\\n\n\n<p style=\\\"text-align: center;\\\"><\\\/p>\\n\n\n<p style=\\\"text-align: center;\\\">Az \\u00e1r tov\\u00e1bbi tranzakci\\u00f3s csomagok, illetve fizet\\u0151eszk\\u00f6z\\u00f6k \\u00e1r\\u00e1t nem tartalmazza.<\\\/p>\",\"position\":\"relative\",\"position_top\":\"-40\",\"margin_remove_bottom\":false}},{\"type\":\"text\",\"props\":{\"margin\":\"default\",\"column_breakpoint\":\"m\",\"content\":\"\n\n<p style=\\\"text-align: center;\\\"><a href=\\\"https:\\\/\\\/www.qenta.com\\\/kontakt\\\/\\\">Jetzt unverbindliches Angebot anfordern<\\\/a> unter <a href=\\\"tel:+43 316 813681\\\">+43 316 813681<\\\/a><\\\/p>\",\"text_style\":\"lead\"}}]}]}]},{\"name\":\"Pricing\",\"type\":\"section\",\"props\":{\"width\":\"default\",\"padding\":\"small\",\"style\":\"default\",\"image_size\":\"cover\",\"animation\":\"slide-bottom-small\",\"animation_delay\":false,\"vertical_align\":\"middle\",\"title_position\":\"top-left\",\"title_rotation\":\"left\",\"title_breakpoint\":\"xl\",\"image_position\":\"center-center\"},\"children\":[{\"name\":\"\",\"type\":\"row\",\"props\":{\"column_gap\":\"large\",\"width\":\"large\",\"padding_remove_horizontal\":false},\"children\":[{\"name\":\"\",\"type\":\"column\",\"children\":[{\"name\":\"\",\"type\":\"headline\",\"props\":{\"title_element\":\"h1\",\"content\":\"Funkcionalit\\u00e1s\",\"text_align\":\"left\",\"title_style\":\"h2\"}},{\"name\":\"\",\"type\":\"text\",\"props\":{\"margin\":\"default\",\"content\":\"\n\n<p>\\u00d6n a relev\\u00e1ns rendel\\u00e9si \\u00e9s bankk\\u00e1rtya adatokb\\u00f3l egy list\\u00e1t k\\u00e9sz\\u00edt (pl. MS Excel), ezt a fizet\\u00e9sek feldolgoz\\u00e1sa c\\u00e9lj\\u00e1b\\u00f3l felt\\u00f6lti a b\\u00f6ng\\u00e9sz\\u0151t\\u0151l f\\u00fcggetlen Checkout automated webes fel\\u00fcletre. A fizet\\u00e9si adatok automatikusan ker\\u00fclnek feldolgoz\\u00e1sra (list\\u00e1k, batch kezel\\u00e9s). A fizet\\u00e9sek feldolgoz\\u00e1sa ut\\u00e1n egy let\\u00f6lthet\\u0151 v\\u00e1laszadat \\u00e1ll rendelkez\\u00e9s\\u00e9re a fizet\\u00e9sek eredm\\u00e9ny\\u00e9vel .<\\\/p>\\n\n\n<p>A k\\u00e1rty\\u00e1s fizet\\u00e9sek mellett csoportos beszed\\u00e9si megb\\u00edz\\u00e1sok is kezelhet\\u0151ek.<\\\/p>\",\"text_align\":\"left\",\"column_breakpoint\":\"m\",\"text_style\":\"lead\"}}],\"props\":{\"image_position\":\"center-center\",\"media_overlay_gradient\":\"\",\"width_medium\":\"\"}}]}]},{\"type\":\"section\",\"props\":{\"style\":\"muted\",\"width\":\"default\",\"vertical_align\":\"middle\",\"title_position\":\"top-left\",\"title_rotation\":\"left\",\"title_breakpoint\":\"xl\",\"image_position\":\"center-center\"},\"children\":[{\"type\":\"row\",\"children\":[{\"type\":\"column\",\"props\":{\"image_position\":\"center-center\",\"media_overlay_gradient\":\"\",\"width_medium\":\"\"},\"children\":[{\"type\":\"headline\",\"props\":{\"title_element\":\"h2\",\"content\":\"\n\n<p>Kapcsolat<\\\/p>\",\"title_style\":\"h2\"}},{\"type\":\"text\",\"props\":{\"margin\":\"default\",\"column_breakpoint\":\"m\",\"content\":\"\n\n<p><strong>Tov\\u00e1bbi inform\\u00e1ci\\u00f3k a QFile-hoz\\u00a0<\\\/strong><\\\/p>\\n\n\n<p>Vegye fel vel\\u00fcnk a kapcsolatot a kapcsolatfelv\\u00e9teli \\u0171rlap kit\\u00f6lt\\u00e9s\\u00e9vel, sz\\u00edvesen k\\u00fcld\\u00fcnk \\u00d6nnek tov\\u00e1bbi inform\\u00e1ci\\u00f3kat, \\u00e9s v\\u00e1laszoljuk meg k\\u00e9rd\\u00e9seit.<\\\/p>\"}},{\"type\":\"button\",\"props\":{\"grid_column_gap\":\"small\",\"grid_row_gap\":\"small\",\"margin\":\"medium\"},\"children\":[{\"type\":\"button_item\",\"props\":{\"button_style\":\"primary\",\"icon_align\":\"left\",\"content\":\"KAPCSOLAT\",\"link\":\"hu\\\/kapcsolat\"}}],\"name\":\"zum Kontaktformular Button\"}]}]}]}],\"version\":\"2.4.17\"} --><\/p>\n","protected":false},"excerpt":{"rendered":"<p>QFILE CHECKOUT AUTOMATED K\u00fcl\u00f6nleges tulajdons\u00e1gok: Nem sz\u00fcks\u00e9ges telep\u00edt\u00e9s vagy webes programoz\u00e1s Rugalmasan bevethet\u0151 Ide\u00e1lis ism\u00e9tl\u0151d\u0151 fizet\u00e9sek kezel\u00e9s\u00e9re Felhaszn\u00e1l\u00f3n\u00e9v \u00e9s jelsz\u00f3 \u00e1ltal v\u00e9dve Saj\u00e1t PCI-tan\u00fas\u00edtv\u00e1ny \u00e9s webszerver SSL-tan\u00fas\u00edtv\u00e1nyok megszerz\u00e9se k\u00f6telez\u0151 A QFile Checkout Automated t\u00f6k\u00e9letes megold\u00e1s az olyan felhaszn\u00e1l\u00e1sokra, amikor nem val\u00f3sidej\u0171 a fizet\u00e9s feldolgoz\u00e1sa (rendel\u00e9sek katal\u00f3gusokb\u00f3l, ism\u00e9tl\u0151d\u0151 fizet\u00e9sek, el\u0151fizet\u00e9sek, k\u00f6nyvel\u00e9si fel\u00fcletek) Funkcionalit\u00e1s \u00d6n a relev\u00e1ns [&hellip;]<\/p>\n","protected":false},"author":1,"featured_media":0,"parent":4927,"menu_order":0,"comment_status":"closed","ping_status":"closed","template":"","meta":[],"_links":{"self":[{"href":"https:\/\/sit.hobex.at\/hu\/wp-json\/wp\/v2\/pages\/4943"}],"collection":[{"href":"https:\/\/sit.hobex.at\/hu\/wp-json\/wp\/v2\/pages"}],"about":[{"href":"https:\/\/sit.hobex.at\/hu\/wp-json\/wp\/v2\/types\/page"}],"author":[{"embeddable":true,"href":"https:\/\/sit.hobex.at\/hu\/wp-json\/wp\/v2\/users\/1"}],"replies":[{"embeddable":true,"href":"https:\/\/sit.hobex.at\/hu\/wp-json\/wp\/v2\/comments?post=4943"}],"version-history":[{"count":3,"href":"https:\/\/sit.hobex.at\/hu\/wp-json\/wp\/v2\/pages\/4943\/revisions"}],"predecessor-version":[{"id":5246,"href":"https:\/\/sit.hobex.at\/hu\/wp-json\/wp\/v2\/pages\/4943\/revisions\/5246"}],"up":[{"embeddable":true,"href":"https:\/\/sit.hobex.at\/hu\/wp-json\/wp\/v2\/pages\/4927"}],"wp:attachment":[{"href":"https:\/\/sit.hobex.at\/hu\/wp-json\/wp\/v2\/media?parent=4943"}],"curies":[{"name":"wp","href":"https:\/\/api.w.org\/{rel}","templated":true}]}}