{"id":4946,"date":"2020-10-02T12:13:46","date_gmt":"2020-10-02T10:13:46","guid":{"rendered":"https:\/\/www.qenta.com\/fizetesi-megoldasok\/qmore-checkout-seamless\/"},"modified":"2021-07-19T13:57:40","modified_gmt":"2021-07-19T11:57:40","slug":"qmore-checkout-seamless","status":"publish","type":"page","link":"https:\/\/sit.hobex.at\/hu\/fizetesi-megoldasok\/qmore-checkout-seamless\/","title":{"rendered":"QMORE &#8211; Checkout Seamless"},"content":{"rendered":"<h2>\n<h2 class=\"uk-h1 uk-text-truncate\">QMORE CHECKOUT SEAMLESS<\/h2>\n<\/h2>\n<h1>\n<p>\u00c9rz\u00e9keny adatok biztons\u00e1gos kezel\u00e9se<\/p>\n<\/h1>\n<div>\n<ul>\n<li>A fizet\u00e9si adatok bevitele k\u00f6zvetlen\u00fcl a web\u00e1ruh\u00e1zban<\/li>\n<li>A beviteli mez\u0151k egy m\u00e1r l\u00e9tez\u0151 \u0171rlapba \u00e1gyazhat\u00f3ak be<\/li>\n<li>A keresked\u0151 fel\u00e9 nincsenek PCI Compliance elv\u00e1r\u00e1sok<\/li>\n<li>Egyetlen fel\u00fclet az \u00f6sszes fizet\u0151eszk\u00f6zh\u00f6z<\/li>\n<li>K\u00e1rtyaadatok r\u00f6gz\u00edt\u00e9se \u00e9s a j\u00f3v\u00e1hagy\u00e1s k\u00fcl\u00f6n id\u0151pontban t\u00f6rt\u00e9nhetnek<\/li>\n<\/ul>\n<\/div>\n<h1>\n<p>A QMore Checkout Seamless fizet\u00e9si megold\u00e1s funkcionalit\u00e1sa<\/p>\n<\/h1>\n<div>\n<p>A PCI-konform fizet\u00e9si oldalakat \u00e1ltal\u00e1ban iFrame-el illesztik be, ez \u00e1ltal\u00e1ban tov\u00e1bbir\u00e1ny\u00edt\u00e1ssal is j\u00e1r. Ebb\u0151l kifoly\u00f3lag a web\u00e1ruh\u00e1z is vesz\u00edthet arculat\u00e1b\u00f3l, ami a konverz\u00e1ci\u00f3s ar\u00e1ny cs\u00f6kken\u00e9s\u00e9t vonhatja mag\u00e1val. Ezt a Qmore Checkout Seamless seg\u00edt megel\u0151zni: az e-commerce keresked\u0151k \u00f6sszek\u00f6ttet\u00e9se a QENTA Payment CEE platformj\u00e1val a v\u00e1s\u00e1rl\u00f3k sz\u00e1m\u00e1ra nem vehet\u0151 \u00e9szre. Az \u00e9rz\u00e9keny adatok ment\u00e9se \u00e9s tov\u00e1bb\u00edt\u00e1sa viszont az eg\u00e9sz fizet\u00e9si folyamat alatt f\u00fcggetlen a keresked\u0151t\u0151l, \u0151 semmif\u00e9le p\u00e9nz\u00fcgyi adatunkkal nem \u00e9rintkezik.<\/p>\n<p>A Qmore Checkout Seamless megfelel a PCI DSS szabv\u00e1nynak \u00e9s a Qenta Payment CEE portf\u00f3li\u00f3j\u00e1ban tal\u00e1lhat\u00f3 \u00f6sszes fizet\u0151eszk\u00f6z elfogad\u00e1s\u00e1ra alkalmas. Ez\u00e9rt a Qmore Checkout Seamless a keresked\u0151k sz\u00e1m\u00e1ra olyan el\u0151ny\u00f6ket biztos\u00edt, mint a k\u00f6lts\u00e9ghat\u00e9konys\u00e1g \u00e9s egy stabil konverz\u00e1ci\u00f3s ar\u00e1ny.<\/p>\n<\/div>\n<div>\n<h3>A tranzakci\u00f3 folyamata<\/h3>\n<div>\n<p><strong>A tranzakci\u00f3 folyamata:<\/strong><\/p>\n<ol>\n<li>A keresked\u0151 a v\u00e1s\u00e1rl\u00f3k sz\u00e1m\u00e1ra egy, a bankk\u00e1rtya adatok bevitel\u00e9re alkalmas fel\u00fcletet biztos\u00edt.<\/li>\n<li>A v\u00e1s\u00e1rl\u00f3 megadja a bankk\u00e1rtya adatokat \u2013 ezek a h\u00e1tt\u00e9rben a QENTA Payment CEE-hez tov\u00e1bb\u00edt\u00e1sra ker\u00fclnek.<\/li>\n<li>A QENTA Payment CEE az adatok r\u00f6gz\u00edt\u00e9s\u00e9r\u0151l igazol\u00e1st k\u00fcld ki.<\/li>\n<li>A keresked\u0151 a beviteli \u0171rlapot bankk\u00e1rtyasz\u00e1m n\u00e9lk\u00fcl visszakapja.<\/li>\n<li>A keresked\u0151 ett\u0151l a pontt\u00f3l kiz\u00e1r\u00f3lag egy, a bankk\u00e1rtyasz\u00e1mhoz tartoz\u00f3 referenci\u00e1t haszn\u00e1l a fizet\u00e9s j\u00f3v\u00e1hagy\u00e1s\u00e1hoz, a bankk\u00e1rtyasz\u00e1m sosem ker\u00fcl a kez\u00e9be.<\/li>\n<\/ol>\n<\/div>\n<\/div>\n<h2>\n<p>Kapcsolat<\/p>\n<\/h2>\n<div>\n<p><strong>Tov\u00e1bbi inform\u00e1ci\u00f3k a QMORE:<\/strong><\/p>\n<p>Vegye fel vel\u00fcnk a kapcsolatot a kapcsolatfelv\u00e9teli \u0171rlap kit\u00f6lt\u00e9s\u00e9vel, sz\u00edvesen k\u00fcld\u00fcnk \u00d6nnek tov\u00e1bbi inform\u00e1ci\u00f3kat, \u00e9s v\u00e1laszoljuk meg k\u00e9rd\u00e9seit.<\/p>\n<\/div>\n<p>\n    <a href=\"\/hu\/KAPCSOLAT\/\">KAPCSOLAT<\/a>\n<\/p>\n<p><!--more--><br \/>\n<!-- {\"name\":\"Pricing\",\"type\":\"layout\",\"children\":[{\"name\":\"Header\",\"type\":\"section\",\"props\":{\"width\":\"default\",\"padding\":\"large\",\"style\":\"secondary\",\"media\":\"images\\\/home-quality.jpg\",\"height_viewport\":false,\"image\":\"wp-content\\\/uploads\\\/2020\\\/10\\\/shutterstock_149534228-verlauf-1-scaled.jpg\",\"animation\":\"fade\",\"image_size\":\"cover\",\"image_position\":\"center-center\",\"vertical_align\":\"middle\",\"title_position\":\"top-left\",\"title_rotation\":\"left\",\"title_breakpoint\":\"xl\",\"image_width\":\"2560\"},\"children\":[{\"name\":\"\",\"type\":\"row\",\"children\":[{\"name\":\"\",\"type\":\"column\",\"props\":{\"image_position\":\"center-center\",\"media_overlay_gradient\":\"\",\"width_medium\":\"1-1\"},\"children\":[{\"name\":\"\",\"type\":\"headline\",\"props\":{\"title_element\":\"h2\",\"content\":\"\n\n<h2 class=\\\"uk-h1 uk-text-truncate\\\">QMORE CHECKOUT SEAMLESS<\\\/h2>\",\"title_style\":\"h1\",\"text_align\":\"left\",\"maxwidth\":\"large\",\"margin\":\"medium\",\"title_color\":\"primary\"}}]}]}]},{\"name\":\"Pricing\",\"type\":\"section\",\"props\":{\"width\":\"default\",\"padding\":\"small\",\"style\":\"default\",\"image_size\":\"cover\",\"animation\":\"slide-bottom-small\",\"animation_delay\":false,\"vertical_align\":\"middle\",\"title_position\":\"top-left\",\"title_rotation\":\"left\",\"title_breakpoint\":\"xl\",\"image_position\":\"center-center\"},\"children\":[{\"type\":\"row\",\"props\":{\"width\":\"large\",\"margin_remove_bottom\":false,\"margin_remove_top\":false},\"children\":[{\"type\":\"column\",\"props\":{\"image_position\":\"center-center\",\"media_overlay_gradient\":\"\"},\"children\":[{\"name\":\"\",\"type\":\"headline\",\"props\":{\"title_element\":\"h1\",\"content\":\"\n\n<p>\\u00c9rz\\u00e9keny adatok biztons\\u00e1gos kezel\\u00e9se<\\\/p>\",\"text_align\":\"left\",\"title_style\":\"h2\"}},{\"name\":\"\",\"type\":\"text\",\"props\":{\"margin\":\"default\",\"content\":\"\n\n<ul>\\n\n\n<li>A fizet\\u00e9si adatok bevitele k\\u00f6zvetlen\\u00fcl a web\\u00e1ruh\\u00e1zban<\\\/li>\\n\n\n<li>A beviteli mez\\u0151k egy m\\u00e1r l\\u00e9tez\\u0151 \\u0171rlapba \\u00e1gyazhat\\u00f3ak be<\\\/li>\\n\n\n<li>A keresked\\u0151 fel\\u00e9 nincsenek PCI Compliance elv\\u00e1r\\u00e1sok<\\\/li>\\n\n\n<li>Egyetlen fel\\u00fclet az \\u00f6sszes fizet\\u0151eszk\\u00f6zh\\u00f6z<\\\/li>\\n\n\n<li>K\\u00e1rtyaadatok r\\u00f6gz\\u00edt\\u00e9se \\u00e9s a j\\u00f3v\\u00e1hagy\\u00e1s k\\u00fcl\\u00f6n id\\u0151pontban t\\u00f6rt\\u00e9nhetnek<\\\/li>\\n<\\\/ul>\",\"text_align\":\"left\",\"column_breakpoint\":\"m\",\"text_style\":\"lead\"}}]}]}]},{\"type\":\"section\",\"props\":{\"style\":\"muted\",\"width\":\"default\",\"vertical_align\":\"middle\",\"title_position\":\"top-left\",\"title_rotation\":\"left\",\"title_breakpoint\":\"xl\",\"image_position\":\"center-center\",\"padding_remove_bottom\":false,\"status\":\"disabled\"},\"children\":[{\"name\":\"\",\"type\":\"row\",\"props\":{\"layout\":\"1-2,1-2\",\"divider\":false,\"margin\":\"default\",\"vertical_align\":true,\"column_gap\":\"large\",\"width\":\"small\",\"margin_remove_bottom\":false},\"children\":[{\"name\":\"\",\"type\":\"column\",\"props\":{\"vertical_align\":\"middle\",\"image_position\":\"center-center\",\"media_overlay_gradient\":\"\",\"width_medium\":\"1-2\"},\"children\":[{\"name\":\"\",\"type\":\"panel\",\"props\":{\"title_element\":\"h2\",\"text_align\":\"center\",\"title\":\"Einrichtungsgeb\\u00fchr\",\"content\":\"\",\"title_style\":\"h5\",\"link\":\"#\",\"link_style\":\"default\",\"link_text\":\"\",\"margin\":\"\",\"panel_style\":\"card-default\",\"panel_size\":\"large\",\"animation\":\"slide-left-medium\",\"image_align\":\"top\",\"image_grid_width\":\"1-2\",\"meta_style\":\"heading-small\",\"meta_align\":\"below-title\",\"title_align\":\"top\",\"title_grid_width\":\"1-2\",\"image_svg_color\":\"emphasis\",\"title_hover_style\":\"reset\",\"meta\":\"299,90 \\u20ac\",\"title_grid_breakpoint\":\"m\",\"image_grid_breakpoint\":\"m\",\"icon_width\":80,\"content_column_breakpoint\":\"m\",\"meta_element\":\"div\"}}]},{\"name\":\"\",\"type\":\"column\",\"props\":{\"vertical_align\":\"middle\",\"image_position\":\"center-center\",\"media_overlay_gradient\":\"\",\"width_medium\":\"1-2\"},\"children\":[{\"name\":\"\",\"type\":\"panel\",\"props\":{\"title_element\":\"h2\",\"text_align\":\"center\",\"title\":\"Monatliche Geb\\u00fchren\",\"content\":\"\",\"title_style\":\"h5\",\"link\":\"#\",\"link_style\":\"primary\",\"link_text\":\"\",\"margin\":\"\",\"panel_style\":\"card-secondary\",\"panel_size\":\"large\",\"animation\":\"slide-bottom-medium\",\"image_align\":\"top\",\"image_grid_width\":\"1-2\",\"meta_style\":\"heading-small\",\"meta_align\":\"below-title\",\"title_align\":\"top\",\"title_grid_width\":\"1-2\",\"image_svg_color\":\"emphasis\",\"title_hover_style\":\"reset\",\"title_color\":\"primary\",\"meta\":\"29,90 \\u20ac\",\"title_grid_breakpoint\":\"m\",\"image_grid_breakpoint\":\"m\",\"icon_width\":80,\"content_column_breakpoint\":\"m\",\"meta_element\":\"div\"}}]}]},{\"type\":\"row\",\"props\":{\"margin_remove_bottom\":false,\"margin_remove_top\":false,\"margin\":\"large\"},\"children\":[{\"type\":\"column\",\"props\":{\"image_position\":\"center-center\",\"media_overlay_gradient\":\"\"},\"children\":[{\"type\":\"text\",\"props\":{\"margin\":\"default\",\"column_breakpoint\":\"m\",\"content\":\"\n\n<p class=\\\"p1\\\" style=\\\"text-align: center;\\\"><span class=\\\"s1\\\">Zuz\\u00fcglich Transaktionspakete und Zahlungsmittel nach Wahl. <\\\/span><\\\/p>\",\"position\":\"relative\",\"position_top\":\"-40\",\"margin_remove_bottom\":false}},{\"type\":\"text\",\"props\":{\"margin\":\"default\",\"column_breakpoint\":\"m\",\"content\":\"\n\n<p style=\\\"text-align: center;\\\"><a href=\\\"https:\\\/\\\/www.qenta.com\\\/kontakt\\\/\\\">Jetzt unverbindliches Angebot anfordern<\\\/a> unter <a href=\\\"tel:+43 316 813681\\\">+43 316 813681<\\\/a><\\\/p>\",\"text_style\":\"lead\"}}]}]}]},{\"type\":\"section\",\"props\":{\"style\":\"default\",\"width\":\"default\",\"vertical_align\":\"middle\",\"title_position\":\"top-left\",\"title_rotation\":\"left\",\"title_breakpoint\":\"xl\",\"image_position\":\"center-center\"},\"children\":[{\"type\":\"row\",\"children\":[{\"type\":\"column\",\"props\":{\"image_position\":\"center-center\",\"media_overlay_gradient\":\"\",\"width_medium\":\"\"},\"children\":[{\"type\":\"headline\",\"props\":{\"title_element\":\"h1\",\"content\":\"\n\n<p>A QMore Checkout Seamless fizet\\u00e9si megold\\u00e1s funkcionalit\\u00e1sa<\\\/p>\",\"title_style\":\"h2\"}},{\"name\":\"\",\"type\":\"text\",\"props\":{\"margin\":\"default\",\"content\":\"\n\n<p>A PCI-konform fizet\\u00e9si oldalakat \\u00e1ltal\\u00e1ban iFrame-el illesztik be, ez \\u00e1ltal\\u00e1ban tov\\u00e1bbir\\u00e1ny\\u00edt\\u00e1ssal is j\\u00e1r. Ebb\\u0151l kifoly\\u00f3lag a web\\u00e1ruh\\u00e1z is vesz\\u00edthet arculat\\u00e1b\\u00f3l, ami a konverz\\u00e1ci\\u00f3s ar\\u00e1ny cs\\u00f6kken\\u00e9s\\u00e9t vonhatja mag\\u00e1val. Ezt a Qmore Checkout Seamless seg\\u00edt megel\\u0151zni: az e-commerce keresked\\u0151k \\u00f6sszek\\u00f6ttet\\u00e9se a QENTA Payment CEE platformj\\u00e1val a v\\u00e1s\\u00e1rl\\u00f3k sz\\u00e1m\\u00e1ra nem vehet\\u0151 \\u00e9szre. Az \\u00e9rz\\u00e9keny adatok ment\\u00e9se \\u00e9s tov\\u00e1bb\\u00edt\\u00e1sa viszont az eg\\u00e9sz fizet\\u00e9si folyamat alatt f\\u00fcggetlen a keresked\\u0151t\\u0151l, \\u0151 semmif\\u00e9le p\\u00e9nz\\u00fcgyi adatunkkal nem \\u00e9rintkezik.<\\\/p>\\n\n\n<p>A Qmore Checkout Seamless megfelel a PCI DSS szabv\\u00e1nynak \\u00e9s a Qenta Payment CEE portf\\u00f3li\\u00f3j\\u00e1ban tal\\u00e1lhat\\u00f3 \\u00f6sszes fizet\\u0151eszk\\u00f6z elfogad\\u00e1s\\u00e1ra alkalmas. Ez\\u00e9rt a Qmore Checkout Seamless a keresked\\u0151k sz\\u00e1m\\u00e1ra olyan el\\u0151ny\\u00f6ket biztos\\u00edt, mint a k\\u00f6lts\\u00e9ghat\\u00e9konys\\u00e1g \\u00e9s egy stabil konverz\\u00e1ci\\u00f3s ar\\u00e1ny.<\\\/p>\",\"text_align\":\"left\",\"column_breakpoint\":\"m\",\"text_style\":\"lead\"}}]}]}]},{\"type\":\"section\",\"props\":{\"style\":\"default\",\"width\":\"default\",\"vertical_align\":\"middle\",\"title_position\":\"top-left\",\"title_rotation\":\"left\",\"title_breakpoint\":\"xl\",\"image_position\":\"center-center\"},\"children\":[{\"type\":\"row\",\"children\":[{\"type\":\"column\",\"props\":{\"image_position\":\"center-center\",\"media_overlay_gradient\":\"\",\"width_medium\":\"\"},\"children\":[{\"type\":\"panel\",\"props\":{\"link_text\":\"Read more\",\"title_hover_style\":\"reset\",\"title_element\":\"h3\",\"title_align\":\"top\",\"title_grid_width\":\"1-2\",\"title_grid_breakpoint\":\"m\",\"meta_style\":\"meta\",\"meta_align\":\"below-title\",\"meta_element\":\"div\",\"content_column_breakpoint\":\"m\",\"icon_width\":80,\"image_align\":\"top\",\"image_grid_width\":\"1-2\",\"image_grid_breakpoint\":\"m\",\"image_svg_color\":\"emphasis\",\"link_style\":\"default\",\"margin\":\"default\",\"panel_style\":\"card-secondary\",\"content\":\"\n\n<p><strong>A tranzakci\\u00f3 folyamata:<\\\/strong><\\\/p>\\n\n\n<ol>\\n\n\n<li>A keresked\\u0151 a v\\u00e1s\\u00e1rl\\u00f3k sz\\u00e1m\\u00e1ra egy, a bankk\\u00e1rtya adatok bevitel\\u00e9re alkalmas fel\\u00fcletet biztos\\u00edt.<\\\/li>\\n\n\n<li>A v\\u00e1s\\u00e1rl\\u00f3 megadja a bankk\\u00e1rtya adatokat \\u2013 ezek a h\\u00e1tt\\u00e9rben a QENTA Payment CEE-hez tov\\u00e1bb\\u00edt\\u00e1sra ker\\u00fclnek.<\\\/li>\\n\n\n<li>A QENTA Payment CEE az adatok r\\u00f6gz\\u00edt\\u00e9s\\u00e9r\\u0151l igazol\\u00e1st k\\u00fcld ki.<\\\/li>\\n\n\n<li>A keresked\\u0151 a beviteli \\u0171rlapot bankk\\u00e1rtyasz\\u00e1m n\\u00e9lk\\u00fcl visszakapja.<\\\/li>\\n\n\n<li>A keresked\\u0151 ett\\u0151l a pontt\\u00f3l kiz\\u00e1r\\u00f3lag egy, a bankk\\u00e1rtyasz\\u00e1mhoz tartoz\\u00f3 referenci\\u00e1t haszn\\u00e1l a fizet\\u00e9s j\\u00f3v\\u00e1hagy\\u00e1s\\u00e1hoz, a bankk\\u00e1rtyasz\\u00e1m sosem ker\\u00fcl a kez\\u00e9be.<\\\/li>\\n<\\\/ol>\",\"title\":\"A tranzakci\\u00f3 folyamata\",\"content_column\":\"\"}}]}]}]},{\"type\":\"section\",\"props\":{\"style\":\"muted\",\"width\":\"default\",\"vertical_align\":\"middle\",\"title_position\":\"top-left\",\"title_rotation\":\"left\",\"title_breakpoint\":\"xl\",\"image_position\":\"center-center\"},\"children\":[{\"type\":\"row\",\"children\":[{\"type\":\"column\",\"props\":{\"image_position\":\"center-center\",\"media_overlay_gradient\":\"\",\"width_medium\":\"\"},\"children\":[{\"type\":\"headline\",\"props\":{\"title_element\":\"h2\",\"content\":\"\n\n<p>Kapcsolat<\\\/p>\",\"title_style\":\"h2\"}},{\"type\":\"text\",\"props\":{\"margin\":\"default\",\"column_breakpoint\":\"m\",\"content\":\"\n\n<p><strong>Tov\\u00e1bbi inform\\u00e1ci\\u00f3k a QMORE:<\\\/strong><\\\/p>\\n\n\n<p>Vegye fel vel\\u00fcnk a kapcsolatot a kapcsolatfelv\\u00e9teli \\u0171rlap kit\\u00f6lt\\u00e9s\\u00e9vel, sz\\u00edvesen k\\u00fcld\\u00fcnk \\u00d6nnek tov\\u00e1bbi inform\\u00e1ci\\u00f3kat, \\u00e9s v\\u00e1laszoljuk meg k\\u00e9rd\\u00e9seit.<\\\/p>\"}},{\"type\":\"button\",\"props\":{\"grid_column_gap\":\"small\",\"grid_row_gap\":\"small\",\"margin\":\"medium\"},\"children\":[{\"type\":\"button_item\",\"props\":{\"button_style\":\"primary\",\"icon_align\":\"left\",\"content\":\"KAPCSOLAT\",\"link\":\"hu\\\/KAPCSOLAT\\\/\"}}],\"name\":\"zum Kontaktformular Button\"}]}]}]}],\"version\":\"2.4.17\"} --><\/p>\n","protected":false},"excerpt":{"rendered":"<p>QMORE CHECKOUT SEAMLESS \u00c9rz\u00e9keny adatok biztons\u00e1gos kezel\u00e9se A fizet\u00e9si adatok bevitele k\u00f6zvetlen\u00fcl a web\u00e1ruh\u00e1zban A beviteli mez\u0151k egy m\u00e1r l\u00e9tez\u0151 \u0171rlapba \u00e1gyazhat\u00f3ak be A keresked\u0151 fel\u00e9 nincsenek PCI Compliance elv\u00e1r\u00e1sok Egyetlen fel\u00fclet az \u00f6sszes fizet\u0151eszk\u00f6zh\u00f6z K\u00e1rtyaadatok r\u00f6gz\u00edt\u00e9se \u00e9s a j\u00f3v\u00e1hagy\u00e1s k\u00fcl\u00f6n id\u0151pontban t\u00f6rt\u00e9nhetnek A QMore Checkout Seamless fizet\u00e9si megold\u00e1s funkcionalit\u00e1sa A PCI-konform fizet\u00e9si oldalakat \u00e1ltal\u00e1ban [&hellip;]<\/p>\n","protected":false},"author":1,"featured_media":0,"parent":4927,"menu_order":0,"comment_status":"closed","ping_status":"closed","template":"","meta":[],"_links":{"self":[{"href":"https:\/\/sit.hobex.at\/hu\/wp-json\/wp\/v2\/pages\/4946"}],"collection":[{"href":"https:\/\/sit.hobex.at\/hu\/wp-json\/wp\/v2\/pages"}],"about":[{"href":"https:\/\/sit.hobex.at\/hu\/wp-json\/wp\/v2\/types\/page"}],"author":[{"embeddable":true,"href":"https:\/\/sit.hobex.at\/hu\/wp-json\/wp\/v2\/users\/1"}],"replies":[{"embeddable":true,"href":"https:\/\/sit.hobex.at\/hu\/wp-json\/wp\/v2\/comments?post=4946"}],"version-history":[{"count":2,"href":"https:\/\/sit.hobex.at\/hu\/wp-json\/wp\/v2\/pages\/4946\/revisions"}],"predecessor-version":[{"id":5245,"href":"https:\/\/sit.hobex.at\/hu\/wp-json\/wp\/v2\/pages\/4946\/revisions\/5245"}],"up":[{"embeddable":true,"href":"https:\/\/sit.hobex.at\/hu\/wp-json\/wp\/v2\/pages\/4927"}],"wp:attachment":[{"href":"https:\/\/sit.hobex.at\/hu\/wp-json\/wp\/v2\/media?parent=4946"}],"curies":[{"name":"wp","href":"https:\/\/api.w.org\/{rel}","templated":true}]}}