{"id":4949,"date":"2020-10-01T22:04:16","date_gmt":"2020-10-01T20:04:16","guid":{"rendered":"https:\/\/www.qenta.com\/fizetesi-megoldasok\/qtill-checkout-enterprise\/"},"modified":"2021-07-19T13:58:24","modified_gmt":"2021-07-19T11:58:24","slug":"qtill-checkout-enterprise","status":"publish","type":"page","link":"https:\/\/sit.hobex.at\/hu\/fizetesi-megoldasok\/qtill-checkout-enterprise\/","title":{"rendered":"QTILL &#8211; CHECKOUT ENTERPRISE"},"content":{"rendered":"<h2>\n<h2 class=\"uk-h1 uk-text-truncate\">QTILL CHECKOUT ENTERPRISE<\/p>\n<\/h2>\n<\/h2>\n<h2>\n<p>K\u00fcl\u00f6nleges tulajdons\u00e1gok<\/p>\n<\/h2>\n<div>\n<ul class=\"ul1\">\n<li>A legjobb megold\u00e1s \u00f6sszetett kih\u00edv\u00e1sok eset\u00e9n<\/li>\n<li>Sokoldal\u00faan bevethet\u0151 (Internet, Call Center, list\u00e1k feldolgoz\u00e1sa)<\/li>\n<li>Az \u00f6sszes folyamat automatiz\u00e1lhat\u00f3<\/li>\n<li>Minden \u00e1ltal\u00e1nos fizet\u00e9si eszk\u00f6z t\u00e1mogat\u00e1sa<\/li>\n<li><span style=\"color: #ff2600;\">Saj\u00e1t PCI-tan\u00fas\u00edtv\u00e1ny \u00e9s webszerver SSL-tan\u00fas\u00edtv\u00e1nyok megszerz\u00e9se k\u00f6telez\u0151<\/span><\/li>\n<\/ul>\n<\/div>\n<div>\n<p>A QTill Checkout Enterprise egy rugalmas \u201eserver to server\u201c megold\u00e1s, amely a k\u00edv\u00e1ns\u00e1g szerinti forr\u00e1sb\u00f3l sz\u00e1rmaz\u00f3 tranzakci\u00f3k feldolgoz\u00e1s\u00e1t teszi lehet\u0151v\u00e9. A tranzakci\u00f3k a kezel\u0151fel\u00fcleten jelennek meg a tov\u00e1bbi feldolgoz\u00e1s c\u00e9lj\u00e1b\u00f3l.<\/p>\n<\/div>\n<h2>\n<p><strong>Funkcionalit\u00e1s<\/strong><\/p>\n<\/h2>\n<div>\n<p>A QTill Checkout Enterprise web\u00e1ruh\u00e1zak, \u00e1rukezel\u00e9si, k\u00f6nyvel\u00e9si, vagy b\u00e1rmilyen k\u00fcls\u0151 rendszerrel val\u00f3 \u00f6sszek\u00f6t\u00e9sre ad lehet\u0151s\u00e9get.<\/p>\n<p>A QTill Checkout Enterprise nemcsak val\u00f3sidej\u0171 fizet\u00e9sek feldolgoz\u00e1s\u00e1ra alkalmas, hanem a h\u00e1tt\u00e9rben, m\u00e1r az \u00d6n adatbankj\u00e1ban el\u0151k\u00e9sz\u00edtett fizet\u00e9si adatokkal ind\u00edt tranzakci\u00f3kat. Mivel a Checkout Enterprise szoftver az \u00d6n szerver\u00e9re van telep\u00edtve, ez\u00e9rt a Checkout Enterprise saj\u00e1t titkos\u00edt\u00e1ssal kommunik\u00e1l a QENTA Payment CEE fizet\u00e9si platformj\u00e1val.<\/p>\n<p>A fizet\u00e9si folyamat defini\u00e1l\u00e1sa az \u00d6n kez\u00e9ben van, ez\u00e9rt jobban az \u00d6n k\u00f6vetelm\u00e9nyeihez igaz\u00edthat\u00f3. Lehet\u0151s\u00e9g van az \u00f6sszes fizet\u00e9si adat kiolvas\u00e1s\u00e1ra, ami \u00e1ltal jobban tudja a felhaszn\u00e1l\u00f3k viselked\u00e9s\u00e9t ellen\u0151rizni.<\/p>\n<\/div>\n<h2>\n<p>Kapcsolat<\/p>\n<\/h2>\n<div>\n<p><strong>Tov\u00e1bbi inform\u00e1ci\u00f3 a QTill Checkout Enterprise-r\u00f3l:<\/strong><\/p>\n<p>Vegye fel vel\u00fcnk a kapcsolatot a kapcsolatfelv\u00e9teli \u0171rlap kit\u00f6lt\u00e9s\u00e9vel, sz\u00edvesen k\u00fcld\u00fcnk \u00d6nnek tov\u00e1bbi inform\u00e1ci\u00f3kat, \u00e9s v\u00e1laszoljuk meg k\u00e9rd\u00e9seit.<\/p>\n<\/div>\n<p>\n    <a href=\"\/hu\/KAPCSOLAT\/\">KAPCSOLAT<\/a>\n<\/p>\n<p><!--more--><br \/>\n<!-- {\"name\":\"Pricing\",\"type\":\"layout\",\"children\":[{\"name\":\"Header\",\"type\":\"section\",\"props\":{\"width\":\"default\",\"padding\":\"large\",\"style\":\"secondary\",\"media\":\"images\\\/home-quality.jpg\",\"height_viewport\":false,\"image\":\"wp-content\\\/uploads\\\/2020\\\/10\\\/shutterstock_149534228-verlauf-1-scaled.jpg\",\"animation\":\"fade\",\"image_size\":\"cover\",\"image_position\":\"center-center\",\"vertical_align\":\"middle\",\"title_position\":\"top-left\",\"title_rotation\":\"left\",\"title_breakpoint\":\"xl\",\"image_width\":\"2560\"},\"children\":[{\"name\":\"\",\"type\":\"row\",\"children\":[{\"name\":\"\",\"type\":\"column\",\"props\":{\"image_position\":\"center-center\",\"media_overlay_gradient\":\"\",\"width_medium\":\"1-1\"},\"children\":[{\"name\":\"\",\"type\":\"headline\",\"props\":{\"title_element\":\"h2\",\"content\":\"\n\n<h2 class=\\\"uk-h1 uk-text-truncate\\\">QTILL CHECKOUT ENTERPRISE<br \\\/><br \\\/><\\\/h2>\",\"title_style\":\"h1\",\"text_align\":\"left\",\"maxwidth\":\"large\",\"margin\":\"medium\",\"title_color\":\"primary\"}}]}]}]},{\"name\":\"Pricing\",\"type\":\"section\",\"props\":{\"width\":\"default\",\"style\":\"default\",\"image_size\":\"cover\",\"animation\":\"slide-bottom-small\",\"animation_delay\":false,\"vertical_align\":\"middle\",\"title_position\":\"top-left\",\"title_rotation\":\"left\",\"title_breakpoint\":\"xl\",\"image_position\":\"center-center\"},\"children\":[{\"type\":\"row\",\"props\":{\"width\":\"large\",\"margin_remove_bottom\":false,\"margin_remove_top\":false},\"children\":[{\"type\":\"column\",\"props\":{\"image_position\":\"center-center\",\"media_overlay_gradient\":\"\"},\"children\":[{\"name\":\"\",\"type\":\"headline\",\"props\":{\"title_element\":\"h2\",\"content\":\"\n\n<p>K\\u00fcl\\u00f6nleges tulajdons\\u00e1gok<\\\/p>\",\"text_align\":\"left\",\"title_style\":\"h2\"}}]}]},{\"name\":\"\",\"type\":\"row\",\"props\":{\"column_gap\":\"large\",\"width\":\"large\",\"layout\":\"1-2,1-2\"},\"children\":[{\"name\":\"\",\"type\":\"column\",\"children\":[{\"name\":\"\",\"type\":\"text\",\"props\":{\"margin\":\"default\",\"content\":\"\n\n<ul class=\\\"ul1\\\">\\n\n\n<li>A legjobb megold\\u00e1s \\u00f6sszetett kih\\u00edv\\u00e1sok eset\\u00e9n<\\\/li>\\n\n\n<li>Sokoldal\\u00faan bevethet\\u0151 (Internet, Call Center, list\\u00e1k feldolgoz\\u00e1sa)<\\\/li>\\n\n\n<li>Az \\u00f6sszes folyamat automatiz\\u00e1lhat\\u00f3<\\\/li>\\n\n\n<li>Minden \\u00e1ltal\\u00e1nos fizet\\u00e9si eszk\\u00f6z t\\u00e1mogat\\u00e1sa<\\\/li>\\n\n\n<li><span style=\\\"color: #ff2600;\\\">Saj\\u00e1t PCI-tan\\u00fas\\u00edtv\\u00e1ny \\u00e9s webszerver SSL-tan\\u00fas\\u00edtv\\u00e1nyok megszerz\\u00e9se k\\u00f6telez\\u0151<\\\/span><\\\/li>\\n<\\\/ul>\",\"text_align\":\"left\",\"maxwidth\":\"xlarge\",\"column_breakpoint\":\"m\",\"text_style\":\"lead\"}}],\"props\":{\"image_position\":\"center-center\",\"media_overlay_gradient\":\"\",\"width_medium\":\"1-2\"}},{\"type\":\"column\",\"props\":{\"image_position\":\"center-center\",\"media_overlay_gradient\":\"\",\"width_medium\":\"1-2\"},\"children\":[{\"type\":\"text\",\"props\":{\"margin\":\"default\",\"column_breakpoint\":\"m\",\"content\":\"\n\n<p>A QTill Checkout Enterprise egy rugalmas \\u201eserver to server\\u201c megold\\u00e1s, amely a k\\u00edv\\u00e1ns\\u00e1g szerinti forr\\u00e1sb\\u00f3l sz\\u00e1rmaz\\u00f3 tranzakci\\u00f3k feldolgoz\\u00e1s\\u00e1t teszi lehet\\u0151v\\u00e9. A tranzakci\\u00f3k a kezel\\u0151fel\\u00fcleten jelennek meg a tov\\u00e1bbi feldolgoz\\u00e1s c\\u00e9lj\\u00e1b\\u00f3l.<\\\/p>\",\"text_style\":\"lead\"}}]}]}]},{\"type\":\"section\",\"props\":{\"style\":\"muted\",\"width\":\"default\",\"vertical_align\":\"middle\",\"title_position\":\"top-left\",\"title_rotation\":\"left\",\"title_breakpoint\":\"xl\",\"image_position\":\"center-center\",\"padding_remove_bottom\":false,\"status\":\"disabled\"},\"children\":[{\"name\":\"\",\"type\":\"row\",\"props\":{\"layout\":\"1-2,1-2\",\"divider\":false,\"margin\":\"default\",\"vertical_align\":true,\"column_gap\":\"large\",\"width\":\"small\",\"margin_remove_bottom\":false},\"children\":[{\"name\":\"\",\"type\":\"column\",\"props\":{\"vertical_align\":\"middle\",\"image_position\":\"center-center\",\"media_overlay_gradient\":\"\",\"width_medium\":\"1-2\"},\"children\":[{\"name\":\"\",\"type\":\"panel\",\"props\":{\"title_element\":\"h2\",\"text_align\":\"center\",\"title\":\"Einrichtungsgeb\\u00fchr\",\"content\":\"\",\"title_style\":\"h5\",\"link\":\"#\",\"link_style\":\"default\",\"link_text\":\"\",\"margin\":\"\",\"panel_style\":\"card-default\",\"panel_size\":\"large\",\"animation\":\"slide-left-medium\",\"image_align\":\"top\",\"image_grid_width\":\"1-2\",\"meta_style\":\"heading-small\",\"meta_align\":\"below-title\",\"title_align\":\"top\",\"title_grid_width\":\"1-2\",\"image_svg_color\":\"emphasis\",\"title_hover_style\":\"reset\",\"meta\":\"299,90 \\u20ac\",\"title_grid_breakpoint\":\"m\",\"image_grid_breakpoint\":\"m\",\"icon_width\":80,\"content_column_breakpoint\":\"m\",\"meta_element\":\"div\"}}]},{\"name\":\"\",\"type\":\"column\",\"props\":{\"vertical_align\":\"middle\",\"image_position\":\"center-center\",\"media_overlay_gradient\":\"\",\"width_medium\":\"1-2\"},\"children\":[{\"name\":\"\",\"type\":\"panel\",\"props\":{\"title_element\":\"h2\",\"text_align\":\"center\",\"title\":\"Monatliche Geb\\u00fchren\",\"content\":\"\",\"title_style\":\"h5\",\"link\":\"#\",\"link_style\":\"primary\",\"link_text\":\"\",\"margin\":\"\",\"panel_style\":\"card-secondary\",\"panel_size\":\"large\",\"animation\":\"slide-bottom-medium\",\"image_align\":\"top\",\"image_grid_width\":\"1-2\",\"meta_style\":\"heading-small\",\"meta_align\":\"below-title\",\"title_align\":\"top\",\"title_grid_width\":\"1-2\",\"image_svg_color\":\"emphasis\",\"title_hover_style\":\"reset\",\"title_color\":\"primary\",\"meta\":\"19,90 \\u20ac\",\"title_grid_breakpoint\":\"m\",\"image_grid_breakpoint\":\"m\",\"icon_width\":80,\"content_column_breakpoint\":\"m\",\"meta_element\":\"div\"}}]}]},{\"type\":\"row\",\"props\":{\"margin_remove_bottom\":false,\"margin_remove_top\":false,\"margin\":\"large\"},\"children\":[{\"type\":\"column\",\"props\":{\"image_position\":\"center-center\",\"media_overlay_gradient\":\"\"},\"children\":[{\"type\":\"text\",\"props\":{\"margin\":\"default\",\"column_breakpoint\":\"m\",\"content\":\"\n\n<p class=\\\"p1\\\" style=\\\"text-align: center;\\\"><span class=\\\"s1\\\">Zuz\\u00fcglich Transaktionspakete und Zahlungsmittel nach Wahl. <\\\/span><\\\/p>\",\"position\":\"relative\",\"position_top\":\"-40\",\"margin_remove_bottom\":false}},{\"type\":\"text\",\"props\":{\"margin\":\"default\",\"column_breakpoint\":\"m\",\"content\":\"\n\n<p style=\\\"text-align: center;\\\"><a href=\\\"https:\\\/\\\/www.qenta.com\\\/kontakt\\\/\\\">Jetzt unverbindliches Angebot anfordern<\\\/a> unter <a href=\\\"tel:+43 316 813681\\\">+43 316 813681<\\\/a><\\\/p>\",\"text_style\":\"lead\"}}]}]}]},{\"type\":\"section\",\"props\":{\"style\":\"default\",\"width\":\"default\",\"vertical_align\":\"middle\",\"title_position\":\"top-left\",\"title_rotation\":\"left\",\"title_breakpoint\":\"xl\",\"image_position\":\"center-center\",\"padding_remove_top\":false},\"children\":[{\"type\":\"row\",\"children\":[{\"type\":\"column\",\"props\":{\"image_position\":\"center-center\",\"media_overlay_gradient\":\"\"},\"children\":[{\"type\":\"headline\",\"props\":{\"title_element\":\"h2\",\"content\":\"\n\n<p><strong>Funkcionalit\\u00e1s<\\\/strong><\\\/p>\",\"title_style\":\"h2\"}},{\"type\":\"text\",\"props\":{\"margin\":\"default\",\"column_breakpoint\":\"m\",\"content\":\"\n\n<p>A QTill Checkout Enterprise web\\u00e1ruh\\u00e1zak, \\u00e1rukezel\\u00e9si, k\\u00f6nyvel\\u00e9si, vagy b\\u00e1rmilyen k\\u00fcls\\u0151 rendszerrel val\\u00f3 \\u00f6sszek\\u00f6t\\u00e9sre ad lehet\\u0151s\\u00e9get.<\\\/p>\\n\n\n<p>A QTill Checkout Enterprise nemcsak val\\u00f3sidej\\u0171 fizet\\u00e9sek feldolgoz\\u00e1s\\u00e1ra alkalmas, hanem a h\\u00e1tt\\u00e9rben, m\\u00e1r az \\u00d6n adatbankj\\u00e1ban el\\u0151k\\u00e9sz\\u00edtett fizet\\u00e9si adatokkal ind\\u00edt tranzakci\\u00f3kat. Mivel a Checkout Enterprise szoftver az \\u00d6n szerver\\u00e9re van telep\\u00edtve, ez\\u00e9rt a Checkout Enterprise saj\\u00e1t titkos\\u00edt\\u00e1ssal kommunik\\u00e1l a QENTA Payment CEE fizet\\u00e9si platformj\\u00e1val.<\\\/p>\\n\n\n<p>A fizet\\u00e9si folyamat defini\\u00e1l\\u00e1sa az \\u00d6n kez\\u00e9ben van, ez\\u00e9rt jobban az \\u00d6n k\\u00f6vetelm\\u00e9nyeihez igaz\\u00edthat\\u00f3. Lehet\\u0151s\\u00e9g van az \\u00f6sszes fizet\\u00e9si adat kiolvas\\u00e1s\\u00e1ra, ami \\u00e1ltal jobban tudja a felhaszn\\u00e1l\\u00f3k viselked\\u00e9s\\u00e9t ellen\\u0151rizni.<\\\/p>\",\"text_style\":\"lead\"}}]}]}]},{\"type\":\"section\",\"props\":{\"style\":\"muted\",\"width\":\"default\",\"vertical_align\":\"middle\",\"title_position\":\"top-left\",\"title_rotation\":\"left\",\"title_breakpoint\":\"xl\",\"image_position\":\"center-center\"},\"children\":[{\"type\":\"row\",\"children\":[{\"type\":\"column\",\"props\":{\"image_position\":\"center-center\",\"media_overlay_gradient\":\"\",\"width_medium\":\"\"},\"children\":[{\"type\":\"headline\",\"props\":{\"title_element\":\"h2\",\"content\":\"\n\n<p>Kapcsolat<\\\/p>\",\"title_style\":\"h2\"}},{\"type\":\"text\",\"props\":{\"margin\":\"default\",\"column_breakpoint\":\"m\",\"content\":\"\n\n<p><strong>Tov\\u00e1bbi inform\\u00e1ci\\u00f3 a QTill Checkout Enterprise-r\\u00f3l:<\\\/strong><\\\/p>\\n\n\n<p>Vegye fel vel\\u00fcnk a kapcsolatot a kapcsolatfelv\\u00e9teli \\u0171rlap kit\\u00f6lt\\u00e9s\\u00e9vel, sz\\u00edvesen k\\u00fcld\\u00fcnk \\u00d6nnek tov\\u00e1bbi inform\\u00e1ci\\u00f3kat, \\u00e9s v\\u00e1laszoljuk meg k\\u00e9rd\\u00e9seit.<\\\/p>\",\"text_style\":\"lead\"}},{\"type\":\"button\",\"props\":{\"grid_column_gap\":\"small\",\"grid_row_gap\":\"small\",\"margin\":\"medium\"},\"children\":[{\"type\":\"button_item\",\"props\":{\"button_style\":\"primary\",\"icon_align\":\"left\",\"content\":\"KAPCSOLAT\",\"link\":\"hu\\\/KAPCSOLAT\\\/\"}}]}]}]}]}],\"version\":\"2.4.17\"} --><\/p>\n","protected":false},"excerpt":{"rendered":"<p>QTILL CHECKOUT ENTERPRISE K\u00fcl\u00f6nleges tulajdons\u00e1gok A legjobb megold\u00e1s \u00f6sszetett kih\u00edv\u00e1sok eset\u00e9n Sokoldal\u00faan bevethet\u0151 (Internet, Call Center, list\u00e1k feldolgoz\u00e1sa) Az \u00f6sszes folyamat automatiz\u00e1lhat\u00f3 Minden \u00e1ltal\u00e1nos fizet\u00e9si eszk\u00f6z t\u00e1mogat\u00e1sa Saj\u00e1t PCI-tan\u00fas\u00edtv\u00e1ny \u00e9s webszerver SSL-tan\u00fas\u00edtv\u00e1nyok megszerz\u00e9se k\u00f6telez\u0151 A QTill Checkout Enterprise egy rugalmas \u201eserver to server\u201c megold\u00e1s, amely a k\u00edv\u00e1ns\u00e1g szerinti forr\u00e1sb\u00f3l sz\u00e1rmaz\u00f3 tranzakci\u00f3k feldolgoz\u00e1s\u00e1t teszi lehet\u0151v\u00e9. A [&hellip;]<\/p>\n","protected":false},"author":1,"featured_media":0,"parent":4927,"menu_order":0,"comment_status":"closed","ping_status":"closed","template":"","meta":[],"_links":{"self":[{"href":"https:\/\/sit.hobex.at\/hu\/wp-json\/wp\/v2\/pages\/4949"}],"collection":[{"href":"https:\/\/sit.hobex.at\/hu\/wp-json\/wp\/v2\/pages"}],"about":[{"href":"https:\/\/sit.hobex.at\/hu\/wp-json\/wp\/v2\/types\/page"}],"author":[{"embeddable":true,"href":"https:\/\/sit.hobex.at\/hu\/wp-json\/wp\/v2\/users\/1"}],"replies":[{"embeddable":true,"href":"https:\/\/sit.hobex.at\/hu\/wp-json\/wp\/v2\/comments?post=4949"}],"version-history":[{"count":2,"href":"https:\/\/sit.hobex.at\/hu\/wp-json\/wp\/v2\/pages\/4949\/revisions"}],"predecessor-version":[{"id":5248,"href":"https:\/\/sit.hobex.at\/hu\/wp-json\/wp\/v2\/pages\/4949\/revisions\/5248"}],"up":[{"embeddable":true,"href":"https:\/\/sit.hobex.at\/hu\/wp-json\/wp\/v2\/pages\/4927"}],"wp:attachment":[{"href":"https:\/\/sit.hobex.at\/hu\/wp-json\/wp\/v2\/media?parent=4949"}],"curies":[{"name":"wp","href":"https:\/\/api.w.org\/{rel}","templated":true}]}}