{"id":4973,"date":"2021-01-18T17:44:42","date_gmt":"2021-01-18T16:44:42","guid":{"rendered":"https:\/\/www.qenta.com\/online-payment-sicherheit\/"},"modified":"2021-06-14T13:03:32","modified_gmt":"2021-06-14T11:03:32","slug":"rizikomentes-fizetes","status":"publish","type":"page","link":"https:\/\/sit.hobex.at\/hu\/rizikomentes-fizetes\/","title":{"rendered":"Rizik\u00f3mentes fizet\u00e9s"},"content":{"rendered":"<h1>\n<p><strong>BIZTONS\u00c1GOS FIZET\u00c9SEK A LEGMODERNEBB TECHNOL\u00d3GI\u00c1K \u00c1LTAL<\/strong><\/p>\n<\/h1>\n<h2>\n<h2><strong>Rizik\u00f3mentes fizet\u00e9s a QENTA Payment CEE-vel<\/strong><\/h2>\n<\/h2>\n<div>\n<p><strong>A legmagasabb fizet\u00e9si biztons\u00e1g az Online Shop \u00fczemeltet\u0151je, a kiskereskedelem \u00e9s az \u00fcgyfelek sz\u00e1m\u00e1ra<\/strong><\/p>\n<p>Az online fizet\u00e9sben szok\u00e1sos biztons\u00e1gi korl\u00e1toz\u00e1sok \u00e1ltal a legmagasabb biztons\u00e1got ny\u00fajtjuk. Ahhoz, hogy egy rizik\u00f3mentes internetes fizet\u00e9s l\u00e9trej\u00f6jj\u00f6n, a fizet\u00e9si adatok k\u00f6zvetlen\u00fcl a k\u00e1rtyakibocs\u00e1t\u00f3 bankok \u00e9s p\u00e9nz\u00fcgyi szolg\u00e1ltat\u00f3k r\u00e9sz\u00e9re ker\u00fcl tov\u00e1bb\u00edt\u00e1sra, \u00e9s ott egy val\u00f3sidej\u0171 vizsg\u00e1lat t\u00f6rt\u00e9nik.<\/p>\n<p>Infrastrukt\u00far\u00e1nk a b\u00e9csi sz\u00e1m\u00edt\u00e1stechnikai k\u00f6zpontban tal\u00e1lhat\u00f3, melyet naponta 24 \u00f3r\u00e1ban, heti 7 napon ellen\u0151rz\u00fcnk.<\/p>\n<p>A biztons\u00e1gos fizet\u00e9shez tartozik a biztons\u00e1g kommunik\u00e1ci\u00f3ja az \u00fcgyf\u00e9l fel\u00e9. Ilyenek az tan\u00fas\u00edtv\u00e1nyok, min\u0151s\u00e9gi c\u00edmke, \u00e1tl\u00e1that\u00f3 v\u00e1llalkoz\u00e1si adatok \u00e9s a biztons\u00e1gos fizet\u00e9si folyamatok bemutat\u00e1sa. Ez\u00e1ltal n\u00f6velhet\u0151 a web\u00e1ruh\u00e1z ir\u00e1nti bizalom, \u00e9s a fogyaszt\u00f3 jobban \u00e9rzi mag\u00e1t v\u00e1s\u00e1rl\u00e1s k\u00f6zben.<\/p>\n<p><strong>Tan\u00fas\u00edtv\u00e1ny a biztons\u00e1gos internetes fizet\u00e9shez<\/strong><\/p>\n<ul>\n<li>PCI DSS tan\u00fas\u00edtv\u00e1ny<\/li>\n<\/ul>\n<\/div>\n<p><!--more--><br \/>\n<!-- {\"name\":\"Home\",\"type\":\"layout\",\"children\":[{\"name\":\"Teaser\",\"type\":\"section\",\"props\":{\"width\":\"default\",\"padding\":\"large\",\"style\":\"secondary\",\"media\":\"images\\\/home-quality.jpg\",\"height_viewport\":false,\"image\":\"wp-content\\\/uploads\\\/2020\\\/10\\\/Header-9-1-scaled.jpg\",\"animation\":\"fade\",\"image_position\":\"center-center\",\"vertical_align\":\"middle\",\"title_position\":\"top-left\",\"title_rotation\":\"left\",\"title_breakpoint\":\"xl\"},\"children\":[{\"name\":\"\",\"type\":\"row\",\"children\":[{\"name\":\"\",\"type\":\"column\",\"props\":{\"image_position\":\"center-center\",\"media_overlay_gradient\":\"\",\"width_medium\":\"1-1\"},\"children\":[{\"name\":\"\",\"type\":\"headline\",\"props\":{\"title_element\":\"h1\",\"content\":\"\n\n<p><strong>BIZTONS\\u00c1GOS FIZET\\u00c9SEK A LEGMODERNEBB TECHNOL\\u00d3GI\\u00c1K \\u00c1LTAL<\\\/strong><\\\/p>\",\"title_style\":\"h1\",\"text_align\":\"left\",\"margin\":\"medium\"}}]}],\"props\":{\"margin_remove_bottom\":false,\"margin\":\"default\"}}]},{\"name\":\"Einleitung\",\"type\":\"section\",\"props\":{\"width\":\"default\",\"style\":\"default\",\"media\":\"\",\"height_viewport\":false,\"header_overlay\":\"light\",\"animation\":\"slide-top-medium\",\"padding_remove_top\":false,\"image_size\":\"cover\",\"image_position\":\"center-center\",\"vertical_align\":\"middle\",\"title_position\":\"top-left\",\"title_rotation\":\"left\",\"title_breakpoint\":\"xl\",\"animation_delay\":\"200\",\"padding_remove_bottom\":false},\"children\":[{\"name\":\"\",\"type\":\"row\",\"children\":[{\"name\":\"\",\"type\":\"column\",\"props\":{\"image_position\":\"center-center\",\"media_overlay_gradient\":\"\",\"width_medium\":\"1-1\"},\"children\":[{\"name\":\"\",\"type\":\"headline\",\"props\":{\"title_element\":\"h2\",\"content\":\"\n\n<h2><strong>Rizik\\u00f3mentes fizet\\u00e9s a QENTA Payment CEE-vel<\\\/strong><\\\/h2>\",\"text_align\":\"left\",\"text_align_fallback\":\"center\",\"title_style\":\"h2\"}},{\"type\":\"text\",\"props\":{\"margin\":\"default\",\"column_breakpoint\":\"m\",\"content\":\"\n\n<p><strong>A legmagasabb fizet\\u00e9si biztons\\u00e1g az Online Shop \\u00fczemeltet\\u0151je, a kiskereskedelem \\u00e9s az \\u00fcgyfelek sz\\u00e1m\\u00e1ra<\\\/strong><\\\/p>\\n\n\n<p>Az online fizet\\u00e9sben szok\\u00e1sos biztons\\u00e1gi korl\\u00e1toz\\u00e1sok \\u00e1ltal a legmagasabb biztons\\u00e1got ny\\u00fajtjuk. Ahhoz, hogy egy rizik\\u00f3mentes internetes fizet\\u00e9s l\\u00e9trej\\u00f6jj\\u00f6n, a fizet\\u00e9si adatok k\\u00f6zvetlen\\u00fcl a k\\u00e1rtyakibocs\\u00e1t\\u00f3 bankok \\u00e9s p\\u00e9nz\\u00fcgyi szolg\\u00e1ltat\\u00f3k r\\u00e9sz\\u00e9re ker\\u00fcl tov\\u00e1bb\\u00edt\\u00e1sra, \\u00e9s ott egy val\\u00f3sidej\\u0171 vizsg\\u00e1lat t\\u00f6rt\\u00e9nik.<\\\/p>\\n\n\n<p>Infrastrukt\\u00far\\u00e1nk a b\\u00e9csi sz\\u00e1m\\u00edt\\u00e1stechnikai k\\u00f6zpontban tal\\u00e1lhat\\u00f3, melyet naponta 24 \\u00f3r\\u00e1ban, heti 7 napon ellen\\u0151rz\\u00fcnk.<\\\/p>\\n\n\n<p>A biztons\\u00e1gos fizet\\u00e9shez tartozik a biztons\\u00e1g kommunik\\u00e1ci\\u00f3ja az \\u00fcgyf\\u00e9l fel\\u00e9. Ilyenek az tan\\u00fas\\u00edtv\\u00e1nyok, min\\u0151s\\u00e9gi c\\u00edmke, \\u00e1tl\\u00e1that\\u00f3 v\\u00e1llalkoz\\u00e1si adatok \\u00e9s a biztons\\u00e1gos fizet\\u00e9si folyamatok bemutat\\u00e1sa. Ez\\u00e1ltal n\\u00f6velhet\\u0151 a web\\u00e1ruh\\u00e1z ir\\u00e1nti bizalom, \\u00e9s a fogyaszt\\u00f3 jobban \\u00e9rzi mag\\u00e1t v\\u00e1s\\u00e1rl\\u00e1s k\\u00f6zben.<\\\/p>\\n\n\n<p><strong>Tan\\u00fas\\u00edtv\\u00e1ny a biztons\\u00e1gos internetes fizet\\u00e9shez<\\\/strong><\\\/p>\\n\n\n<ul>\\n\n\n<li>PCI DSS tan\\u00fas\\u00edtv\\u00e1ny<\\\/li>\\n<\\\/ul>\",\"text_style\":\"lead\",\"dropcap\":false,\"margin_remove_top\":false,\"margin_remove_bottom\":false}}]}],\"props\":{\"margin_remove_top\":false,\"margin\":\"default\",\"divider\":false}}]}],\"version\":\"2.4.17\"} --><\/p>\n","protected":false},"excerpt":{"rendered":"<p>BIZTONS\u00c1GOS FIZET\u00c9SEK A LEGMODERNEBB TECHNOL\u00d3GI\u00c1K \u00c1LTAL Rizik\u00f3mentes fizet\u00e9s a QENTA Payment CEE-vel A legmagasabb fizet\u00e9si biztons\u00e1g az Online Shop \u00fczemeltet\u0151je, a kiskereskedelem \u00e9s az \u00fcgyfelek sz\u00e1m\u00e1ra Az online fizet\u00e9sben szok\u00e1sos biztons\u00e1gi korl\u00e1toz\u00e1sok \u00e1ltal a legmagasabb biztons\u00e1got ny\u00fajtjuk. Ahhoz, hogy egy rizik\u00f3mentes internetes fizet\u00e9s l\u00e9trej\u00f6jj\u00f6n, a fizet\u00e9si adatok k\u00f6zvetlen\u00fcl a k\u00e1rtyakibocs\u00e1t\u00f3 bankok \u00e9s p\u00e9nz\u00fcgyi szolg\u00e1ltat\u00f3k r\u00e9sz\u00e9re [&hellip;]<\/p>\n","protected":false},"author":5,"featured_media":0,"parent":0,"menu_order":0,"comment_status":"closed","ping_status":"closed","template":"","meta":[],"_links":{"self":[{"href":"https:\/\/sit.hobex.at\/hu\/wp-json\/wp\/v2\/pages\/4973"}],"collection":[{"href":"https:\/\/sit.hobex.at\/hu\/wp-json\/wp\/v2\/pages"}],"about":[{"href":"https:\/\/sit.hobex.at\/hu\/wp-json\/wp\/v2\/types\/page"}],"author":[{"embeddable":true,"href":"https:\/\/sit.hobex.at\/hu\/wp-json\/wp\/v2\/users\/5"}],"replies":[{"embeddable":true,"href":"https:\/\/sit.hobex.at\/hu\/wp-json\/wp\/v2\/comments?post=4973"}],"version-history":[{"count":2,"href":"https:\/\/sit.hobex.at\/hu\/wp-json\/wp\/v2\/pages\/4973\/revisions"}],"predecessor-version":[{"id":4979,"href":"https:\/\/sit.hobex.at\/hu\/wp-json\/wp\/v2\/pages\/4973\/revisions\/4979"}],"wp:attachment":[{"href":"https:\/\/sit.hobex.at\/hu\/wp-json\/wp\/v2\/media?parent=4973"}],"curies":[{"name":"wp","href":"https:\/\/api.w.org\/{rel}","templated":true}]}}