{"id":5007,"date":"2021-01-18T17:31:27","date_gmt":"2021-01-18T16:31:27","guid":{"rendered":"https:\/\/www.qenta.com\/beste-payment-beratung\/"},"modified":"2021-06-17T09:27:11","modified_gmt":"2021-06-17T07:27:11","slug":"a-legjobb-fizetesi-tanacsadas","status":"publish","type":"page","link":"https:\/\/sit.hobex.at\/hu\/a-legjobb-fizetesi-tanacsadas\/","title":{"rendered":"Fizet\u00e9si Tan\u00e1csad\u00e1s"},"content":{"rendered":"<h1>\n<p>FIZET\u00c9SI TAN\u00c1CSAD\u00c1S A QENTA-N\u00c1L<\/p>\n<\/h1>\n<h2>\n<p>Kompetens fizet\u00e9si tan\u00e1csad\u00e1s a payment minden vonatkoz\u00e1s\u00e1ban<\/p>\n<\/h2>\n<div>\n<p><strong>A QENTA Payment CEE a szem\u00e9lyes tan\u00e1csad\u00e1st \u00e9s szolg\u00e1ltat\u00e1st tartja el\u0151t\u00e9rben.<\/strong><\/p>\n<p>A fizet\u00e9si rendszerekben szerzett sz\u00e9lesk\u00f6r\u0171 know-how arra \u00f6szt\u00f6n\u00f6z minket, hogy minden \u00faj \u00fczleti \u00f6tletet elemezz\u00fcnk. Egy szem\u00e9lyes tan\u00e1csad\u00e1s keret\u00e9n bel\u00fcl az \u00d6n k\u00edv\u00e1ns\u00e1gai \u00e9s az \u00fczleti modell kih\u00edv\u00e1sai alapj\u00e1n egy testreszabott csomagot \u00e1ll\u00edtunk \u00f6ssze.<\/p>\n<\/p>\n<\/div>\n<p><img src=\"\/wp-content\/uploads\/2020\/10\/shutterstock_1139799518.jpg\" alt=\"\"><\/p>\n<h2>\n<p>A siker receptje:<\/p>\n<\/h2>\n<div>\n<ul>\n<li>Egy\u00e9ni, teljes k\u00f6r\u0171 tan\u00e1csad\u00e1s egy, az \u00fcgyf\u00e9l mell\u00e9 rendelt kapcsolattart\u00f3val<\/li>\n<li>Egy\u00e9rtelm\u0171 koncepci\u00f3k a fizet\u00e9si rendszerek optimaliz\u00e1l\u00e1s\u00e1hoz<\/li>\n<li>Sok\u00e9ves tapasztalat kis-, k\u00f6zepes \u00e9s nagyv\u00e1llalatoknak<\/li>\n<\/ul>\n<\/div>\n<h2>\n<p>Amennyiben felkeltett\u00fck k\u00edv\u00e1ncsis\u00e1g\u00e1t, keressen minket bizalommal!<\/p>\n<\/h2>\n<div>\n<p>Sales csapatunk az al\u00e1bbi telefonsz\u00e1mon sz\u00edvesen \u00e1ll rendelkez\u00e9s\u00e9re: +43 316 81 36 81, vagy keressen minket az al\u00e1bbi kapcsolatfelv\u00e9teli \u0171rlapon.<\/p>\n<\/div>\n<p>\n    <a href=\"\/hu\/kapcsolat\/\">KAPCSOLAT<\/a>\n<\/p>\n<p><!--more--><br \/>\n<!-- {\"name\":\"Home\",\"type\":\"layout\",\"children\":[{\"name\":\"Teaser\",\"type\":\"section\",\"props\":{\"width\":\"default\",\"padding\":\"large\",\"style\":\"secondary\",\"media\":\"images\\\/home-quality.jpg\",\"height_viewport\":false,\"image\":\"wp-content\\\/uploads\\\/2020\\\/10\\\/Header-9-1-scaled.jpg\",\"animation\":\"fade\",\"image_position\":\"center-center\",\"vertical_align\":\"middle\",\"title_position\":\"top-left\",\"title_rotation\":\"left\",\"title_breakpoint\":\"xl\"},\"children\":[{\"name\":\"\",\"type\":\"row\",\"children\":[{\"name\":\"\",\"type\":\"column\",\"props\":{\"image_position\":\"center-center\",\"media_overlay_gradient\":\"\",\"width_medium\":\"1-1\"},\"children\":[{\"name\":\"\",\"type\":\"headline\",\"props\":{\"title_element\":\"h1\",\"content\":\"\n\n<p>FIZET\\u00c9SI TAN\\u00c1CSAD\\u00c1S A QENTA-N\\u00c1L<\\\/p>\",\"title_style\":\"h1\",\"text_align\":\"left\",\"margin\":\"medium\"}}]}],\"props\":{\"margin_remove_bottom\":false,\"margin\":\"default\"}}]},{\"name\":\"Einleitung\",\"type\":\"section\",\"props\":{\"width\":\"default\",\"style\":\"default\",\"media\":\"\",\"height_viewport\":false,\"header_overlay\":\"light\",\"animation\":\"slide-top-medium\",\"padding_remove_top\":false,\"image_size\":\"cover\",\"image_position\":\"center-center\",\"vertical_align\":\"middle\",\"title_position\":\"top-left\",\"title_rotation\":\"left\",\"title_breakpoint\":\"xl\",\"animation_delay\":\"200\",\"padding_remove_bottom\":false},\"children\":[{\"name\":\"\",\"type\":\"row\",\"children\":[{\"name\":\"\",\"type\":\"column\",\"props\":{\"image_position\":\"center-center\",\"media_overlay_gradient\":\"\",\"width_medium\":\"1-1\"},\"children\":[{\"name\":\"\",\"type\":\"headline\",\"props\":{\"title_element\":\"h2\",\"content\":\"\n\n<p>Kompetens fizet\\u00e9si tan\\u00e1csad\\u00e1s a payment minden vonatkoz\\u00e1s\\u00e1ban<\\\/p>\",\"text_align\":\"left\",\"text_align_fallback\":\"center\",\"title_style\":\"h2\"}},{\"type\":\"text\",\"props\":{\"margin\":\"default\",\"column_breakpoint\":\"m\",\"content\":\"\n\n<p><strong>A QENTA Payment CEE a szem\\u00e9lyes tan\\u00e1csad\\u00e1st \\u00e9s szolg\\u00e1ltat\\u00e1st tartja el\\u0151t\\u00e9rben.<\\\/strong><\\\/p>\\n\n\n<p>A fizet\\u00e9si rendszerekben szerzett sz\\u00e9lesk\\u00f6r\\u0171 know-how arra \\u00f6szt\\u00f6n\\u00f6z minket, hogy minden \\u00faj \\u00fczleti \\u00f6tletet elemezz\\u00fcnk. Egy szem\\u00e9lyes tan\\u00e1csad\\u00e1s keret\\u00e9n bel\\u00fcl az \\u00d6n k\\u00edv\\u00e1ns\\u00e1gai \\u00e9s az \\u00fczleti modell kih\\u00edv\\u00e1sai alapj\\u00e1n egy testreszabott csomagot \\u00e1ll\\u00edtunk \\u00f6ssze.<\\\/p>\\n\n\n<p><\\\/p>\",\"text_style\":\"lead\",\"dropcap\":false,\"margin_remove_top\":false,\"margin_remove_bottom\":false}},{\"type\":\"image\",\"props\":{\"margin\":\"default\",\"image_svg_color\":\"emphasis\",\"image\":\"wp-content\\\/uploads\\\/2020\\\/10\\\/shutterstock_1139799518.jpg\",\"image_width\":\"500\",\"image_height\":\"400\"}},{\"type\":\"headline\",\"props\":{\"title_element\":\"h2\",\"content\":\"\n\n<p>A siker receptje:<\\\/p>\",\"title_style\":\"h2\"}},{\"type\":\"text\",\"props\":{\"margin\":\"default\",\"column_breakpoint\":\"m\",\"content\":\"\n\n<ul>\\n\n\n<li>Egy\\u00e9ni, teljes k\\u00f6r\\u0171 tan\\u00e1csad\\u00e1s egy, az \\u00fcgyf\\u00e9l mell\\u00e9 rendelt kapcsolattart\\u00f3val<\\\/li>\\n\n\n<li>Egy\\u00e9rtelm\\u0171 koncepci\\u00f3k a fizet\\u00e9si rendszerek optimaliz\\u00e1l\\u00e1s\\u00e1hoz<\\\/li>\\n\n\n<li>Sok\\u00e9ves tapasztalat kis-, k\\u00f6zepes \\u00e9s nagyv\\u00e1llalatoknak<\\\/li>\\n<\\\/ul>\",\"text_style\":\"lead\"}}]}],\"props\":{\"margin_remove_top\":false,\"margin\":\"default\",\"divider\":false}}]},{\"type\":\"section\",\"props\":{\"style\":\"muted\",\"width\":\"default\",\"vertical_align\":\"middle\",\"title_position\":\"top-left\",\"title_rotation\":\"left\",\"title_breakpoint\":\"xl\",\"image_position\":\"center-center\"},\"children\":[{\"type\":\"row\",\"children\":[{\"type\":\"column\",\"props\":{\"image_position\":\"center-center\",\"media_overlay_gradient\":\"\"},\"children\":[{\"type\":\"headline\",\"props\":{\"title_element\":\"h2\",\"content\":\"\n\n<p>Amennyiben felkeltett\\u00fck k\\u00edv\\u00e1ncsis\\u00e1g\\u00e1t, keressen minket bizalommal!<\\\/p>\",\"title_style\":\"h2\"}},{\"type\":\"text\",\"props\":{\"margin\":\"default\",\"column_breakpoint\":\"m\",\"content\":\"\n\n<p>Sales csapatunk az al\\u00e1bbi telefonsz\\u00e1mon sz\\u00edvesen \\u00e1ll rendelkez\\u00e9s\\u00e9re: +43 316 81 36 81, vagy keressen minket az al\\u00e1bbi kapcsolatfelv\\u00e9teli \\u0171rlapon.<\\\/p>\",\"text_style\":\"lead\"}},{\"type\":\"button\",\"props\":{\"grid_column_gap\":\"small\",\"grid_row_gap\":\"small\",\"margin\":\"medium\"},\"children\":[{\"type\":\"button_item\",\"props\":{\"button_style\":\"primary\",\"icon_align\":\"left\",\"content\":\"KAPCSOLAT\",\"link\":\"hu\\\/kapcsolat\\\/\",\"link_target\":\"blank\"}}]}]}]}]}],\"version\":\"2.4.17\"} --><\/p>\n","protected":false},"excerpt":{"rendered":"<p>FIZET\u00c9SI TAN\u00c1CSAD\u00c1S A QENTA-N\u00c1L Kompetens fizet\u00e9si tan\u00e1csad\u00e1s a payment minden vonatkoz\u00e1s\u00e1ban A QENTA Payment CEE a szem\u00e9lyes tan\u00e1csad\u00e1st \u00e9s szolg\u00e1ltat\u00e1st tartja el\u0151t\u00e9rben. A fizet\u00e9si rendszerekben szerzett sz\u00e9lesk\u00f6r\u0171 know-how arra \u00f6szt\u00f6n\u00f6z minket, hogy minden \u00faj \u00fczleti \u00f6tletet elemezz\u00fcnk. Egy szem\u00e9lyes tan\u00e1csad\u00e1s keret\u00e9n bel\u00fcl az \u00d6n k\u00edv\u00e1ns\u00e1gai \u00e9s az \u00fczleti modell kih\u00edv\u00e1sai alapj\u00e1n egy testreszabott csomagot \u00e1ll\u00edtunk [&hellip;]<\/p>\n","protected":false},"author":5,"featured_media":0,"parent":0,"menu_order":0,"comment_status":"closed","ping_status":"closed","template":"","meta":[],"_links":{"self":[{"href":"https:\/\/sit.hobex.at\/hu\/wp-json\/wp\/v2\/pages\/5007"}],"collection":[{"href":"https:\/\/sit.hobex.at\/hu\/wp-json\/wp\/v2\/pages"}],"about":[{"href":"https:\/\/sit.hobex.at\/hu\/wp-json\/wp\/v2\/types\/page"}],"author":[{"embeddable":true,"href":"https:\/\/sit.hobex.at\/hu\/wp-json\/wp\/v2\/users\/5"}],"replies":[{"embeddable":true,"href":"https:\/\/sit.hobex.at\/hu\/wp-json\/wp\/v2\/comments?post=5007"}],"version-history":[{"count":6,"href":"https:\/\/sit.hobex.at\/hu\/wp-json\/wp\/v2\/pages\/5007\/revisions"}],"predecessor-version":[{"id":5015,"href":"https:\/\/sit.hobex.at\/hu\/wp-json\/wp\/v2\/pages\/5007\/revisions\/5015"}],"wp:attachment":[{"href":"https:\/\/sit.hobex.at\/hu\/wp-json\/wp\/v2\/media?parent=5007"}],"curies":[{"name":"wp","href":"https:\/\/api.w.org\/{rel}","templated":true}]}}